{"id":19994,"date":"2024-09-10T15:31:41","date_gmt":"2024-09-10T12:31:41","guid":{"rendered":"https:\/\/toolhouse.fi\/?post_type=product&#038;p=19994"},"modified":"2026-04-18T15:00:02","modified_gmt":"2026-04-18T12:00:02","slug":"jarruilmauslaite-alipainepumppu","status":"publish","type":"product","link":"https:\/\/toolhouse.fi\/fi\/tuote\/jarruilmauslaite-alipainepumppu\/","title":{"rendered":"Jarruilmauslaite alipainepumppu"},"content":{"rendered":"","protected":false},"excerpt":{"rendered":"<p><span style=\"color: #282828;\">Paine- ja alipainej\u00e4rjestelmien tarkastamiseen, kuten esim. ahtopaineen, alipainemagneettiventtiileiden, s\u00e4ili\u00f6iden ilmanvaihtojen, MAP-antureiden tarkastukseen jne.<\/span><\/p>\n<p><span style=\"color: #282828;\">Soveltuu my\u00f6s jarru- ja kytkinj\u00e4rjestelmien ilmaamiseen.<\/span><\/p>\n<p>&nbsp;<\/p>\n<ul>\n<li><span style=\"color: #282828;\">Maks. alipaine -1 bar<\/span><\/li>\n<li><span style=\"color: #282828;\">Maks. paine 3 bar<\/span><\/li>\n<li><span style=\"color: #282828;\">Ei sovellu polttoainej\u00e4rjestelmille (bensiini\/diesel)<\/span><\/li>\n<\/ul>\n<p>&nbsp;<\/p>\n<p><span style=\"color: #282828;\"><b>Toimitussis\u00e4lt\u00f6:<\/b><\/span><\/p>\n<ul>\n<li><span style=\"color: #282828;\">Paine \/ alipainepumppu<\/span><\/li>\n<li><span style=\"color: #282828;\">Ker\u00e4ysmitta-astia, 120 ml<\/span><\/li>\n<li><span style=\"color: #282828;\">Varastomitta-astia, 120 ml<\/span><\/li>\n<li><span style=\"color: #282828;\">Sovitinsarja, 13-osainen<\/span><\/li>\n<li><span style=\"color: #282828;\">2 x liitosletku 55cm ja imuadapteri<\/span><\/li>\n<li><span style=\"color: #282828;\">3 x lyhyt liitosletku<\/span><\/li>\n<\/ul>\n<p><span style=\"color: #282828;\">Valmistaja: Geko<\/span><\/p>\n","protected":false},"featured_media":19354,"template":"","meta":{"_acf_changed":false,"_seopress_robots_primary_cat":"","_seopress_titles_title":"","_seopress_titles_desc":"","_seopress_robots_index":""},"product_cat":[339,482],"product_tag":[],"class_list":{"0":"post-19994","1":"product","2":"type-product","3":"status-publish","4":"has-post-thumbnail","6":"product_cat-autotyokalut","7":"product_cat-jarrutyokalut","8":"product_shipping_class-tillbehor-790e","10":"first","11":"instock","12":"taxable","13":"shipping-taxable","14":"purchasable","15":"product-type-simple","swatches":"rey-swatches","show_selected":""},"acf":[],"_links":{"self":[{"href":"https:\/\/toolhouse.fi\/fi\/wp-json\/wp\/v2\/product\/19994","targetHints":{"allow":["GET"]}}],"collection":[{"href":"https:\/\/toolhouse.fi\/fi\/wp-json\/wp\/v2\/product"}],"about":[{"href":"https:\/\/toolhouse.fi\/fi\/wp-json\/wp\/v2\/types\/product"}],"version-history":[{"count":1,"href":"https:\/\/toolhouse.fi\/fi\/wp-json\/wp\/v2\/product\/19994\/revisions"}],"predecessor-version":[{"id":20023,"href":"https:\/\/toolhouse.fi\/fi\/wp-json\/wp\/v2\/product\/19994\/revisions\/20023"}],"wp:featuredmedia":[{"embeddable":true,"href":"https:\/\/toolhouse.fi\/fi\/wp-json\/wp\/v2\/media\/19354"}],"wp:attachment":[{"href":"https:\/\/toolhouse.fi\/fi\/wp-json\/wp\/v2\/media?parent=19994"}],"wp:term":[{"taxonomy":"product_cat","embeddable":true,"href":"https:\/\/toolhouse.fi\/fi\/wp-json\/wp\/v2\/product_cat?post=19994"},{"taxonomy":"product_tag","embeddable":true,"href":"https:\/\/toolhouse.fi\/fi\/wp-json\/wp\/v2\/product_tag?post=19994"}],"curies":[{"name":"wp","href":"https:\/\/api.w.org\/{rel}","templated":true}]}}