{"id":19996,"date":"2024-09-10T15:31:41","date_gmt":"2024-09-10T12:38:20","guid":{"rendered":"https:\/\/toolhouse.fi\/?post_type=product&#038;p=19996"},"modified":"2025-04-15T01:56:46","modified_gmt":"2025-04-14T22:56:46","slug":"metalliporanterasarja-15-13mm-hss-tin","status":"publish","type":"product","link":"https:\/\/toolhouse.fi\/fi\/tuote\/metalliporanterasarja-15-13mm-hss-tin\/","title":{"rendered":"Metalliporanter\u00e4sarja 1,5-13mm HSS-Tin"},"content":{"rendered":"","protected":false},"excerpt":{"rendered":"<p class=\"product-detail-stage__headline\">Geko profi HSS-Tin metalliporanter\u00e4sarja 1,5-13mm, titaanip\u00e4\u00e4llyste pident\u00e4\u00e4 terien k\u00e4ytt\u00f6ik\u00e4\u00e4<\/p>\n<p>Sarja sis\u00e4lt\u00e4\u00e4 28 kpl poranter\u00e4t1,5 &#8211; 13mm.<\/p>\n<p>Huom sis\u00e4lt\u00e4\u00e4 my\u00f6s koot: 3,2-4,8-5,2-7,2-8,8-10,3-10,7<\/p>\n<ul>\n<li>Materiaali: Hss-Tin<\/li>\n<li>Ter\u00e4t [mm]: <strong>1.5; 2; 2.5; 3; 3.2; 3.5; 4; 4.5; 4.8; 5.2; 5.5; 6; 6.5; 7; 7.2; 7.5; 8; 8.5; 8.8; 9; 9.5; 10; 10.3; 10.7; 11; 11.5; 12; 13<\/strong><\/li>\n<li>Valmistaja: Geko profi<\/li>\n<\/ul>\n<p class=\"product_title entry-title\">\n","protected":false},"featured_media":19372,"template":"","meta":{"_acf_changed":false,"_seopress_robots_primary_cat":"","_seopress_titles_title":"","_seopress_titles_desc":"","_seopress_robots_index":""},"product_cat":[473,258],"product_tag":[],"class_list":{"0":"post-19996","1":"product","2":"type-product","3":"status-publish","4":"has-post-thumbnail","6":"product_cat-metallityon-tarvikkeet","7":"product_cat-pylvasporakoneet","8":"product_shipping_class-tillbehor-790e","10":"first","11":"instock","12":"taxable","13":"shipping-taxable","14":"purchasable","15":"product-type-simple","swatches":"rey-swatches","show_selected":""},"acf":[],"_links":{"self":[{"href":"https:\/\/toolhouse.fi\/fi\/wp-json\/wp\/v2\/product\/19996","targetHints":{"allow":["GET"]}}],"collection":[{"href":"https:\/\/toolhouse.fi\/fi\/wp-json\/wp\/v2\/product"}],"about":[{"href":"https:\/\/toolhouse.fi\/fi\/wp-json\/wp\/v2\/types\/product"}],"version-history":[{"count":1,"href":"https:\/\/toolhouse.fi\/fi\/wp-json\/wp\/v2\/product\/19996\/revisions"}],"predecessor-version":[{"id":20025,"href":"https:\/\/toolhouse.fi\/fi\/wp-json\/wp\/v2\/product\/19996\/revisions\/20025"}],"wp:featuredmedia":[{"embeddable":true,"href":"https:\/\/toolhouse.fi\/fi\/wp-json\/wp\/v2\/media\/19372"}],"wp:attachment":[{"href":"https:\/\/toolhouse.fi\/fi\/wp-json\/wp\/v2\/media?parent=19996"}],"wp:term":[{"taxonomy":"product_cat","embeddable":true,"href":"https:\/\/toolhouse.fi\/fi\/wp-json\/wp\/v2\/product_cat?post=19996"},{"taxonomy":"product_tag","embeddable":true,"href":"https:\/\/toolhouse.fi\/fi\/wp-json\/wp\/v2\/product_tag?post=19996"}],"curies":[{"name":"wp","href":"https:\/\/api.w.org\/{rel}","templated":true}]}}