{"id":19997,"date":"2024-09-10T15:31:41","date_gmt":"2024-09-10T12:31:41","guid":{"rendered":"https:\/\/toolhouse.fi\/?post_type=product&#038;p=19997"},"modified":"2026-03-06T08:39:38","modified_gmt":"2026-03-06T06:39:38","slug":"jaahdytysjarjestelman-testaussarja","status":"publish","type":"product","link":"https:\/\/toolhouse.fi\/fi\/tuote\/jaahdytysjarjestelman-testaussarja\/","title":{"rendered":"J\u00e4\u00e4hdytysj\u00e4rjestelm\u00e4n testaussarja"},"content":{"rendered":"","protected":false},"excerpt":{"rendered":"<p>Kattava sarja j\u00e4\u00e4hdytysj\u00e4rjestelm\u00e4n vuotojen paikantamiseen, nopealla ja yksinkertaisella tavalla.<\/p>\n<p>&nbsp;<\/p>\n<p><strong>Sis\u00e4lt\u00f6<\/strong>:<\/p>\n<ul>\n<li>12x sovitinta<\/li>\n<li>L\u00e4mp\u00f6mittari<\/li>\n<li>Paineentestauspumppu mittarilla [0-2,5 bar\/0-350 PSI] ja pikakiinnike<\/li>\n<\/ul>\n<p>&nbsp;<\/p>\n<p><strong>Sovelluksia<\/strong>:<\/p>\n<p>Alfa Romeo, Audi, BMW, Citroen, Fiat, Ford, Isuzu, Jaguar, Jeep, Lexus, Mazda, Mercedes, Mitsubishi, Nissan, Peugeot, Renault, Rover, Saab, Subaru, Suzuki, Toyota, Vauxhall\/Opel, Volvo, VW, Jne..<\/p>\n<p>&nbsp;<\/p>\n<ul>\n<li>Materiaali: Anodisointi alumiini \/ kromattu ter\u00e4s<\/li>\n<li>Valmistaja: Geko<\/li>\n<\/ul>\n<p>&nbsp;<\/p>\n<p>&nbsp;<\/p>\n","protected":false},"featured_media":19379,"template":"","meta":{"_acf_changed":false,"_seopress_robots_primary_cat":"none","_seopress_titles_title":"","_seopress_titles_desc":"","_seopress_robots_index":""},"product_cat":[339,480],"product_tag":[],"class_list":{"0":"post-19997","1":"product","2":"type-product","3":"status-publish","4":"has-post-thumbnail","6":"product_cat-autotyokalut","7":"product_cat-moottorityokalut","8":"product_shipping_class-tillbehor-790e","10":"first","11":"instock","12":"taxable","13":"shipping-taxable","14":"purchasable","15":"product-type-simple","swatches":"rey-swatches","show_selected":""},"acf":[],"_links":{"self":[{"href":"https:\/\/toolhouse.fi\/fi\/wp-json\/wp\/v2\/product\/19997","targetHints":{"allow":["GET"]}}],"collection":[{"href":"https:\/\/toolhouse.fi\/fi\/wp-json\/wp\/v2\/product"}],"about":[{"href":"https:\/\/toolhouse.fi\/fi\/wp-json\/wp\/v2\/types\/product"}],"version-history":[{"count":3,"href":"https:\/\/toolhouse.fi\/fi\/wp-json\/wp\/v2\/product\/19997\/revisions"}],"predecessor-version":[{"id":31872,"href":"https:\/\/toolhouse.fi\/fi\/wp-json\/wp\/v2\/product\/19997\/revisions\/31872"}],"wp:featuredmedia":[{"embeddable":true,"href":"https:\/\/toolhouse.fi\/fi\/wp-json\/wp\/v2\/media\/19379"}],"wp:attachment":[{"href":"https:\/\/toolhouse.fi\/fi\/wp-json\/wp\/v2\/media?parent=19997"}],"wp:term":[{"taxonomy":"product_cat","embeddable":true,"href":"https:\/\/toolhouse.fi\/fi\/wp-json\/wp\/v2\/product_cat?post=19997"},{"taxonomy":"product_tag","embeddable":true,"href":"https:\/\/toolhouse.fi\/fi\/wp-json\/wp\/v2\/product_tag?post=19997"}],"curies":[{"name":"wp","href":"https:\/\/api.w.org\/{rel}","templated":true}]}}