{"id":19998,"date":"2024-09-10T15:31:41","date_gmt":"2024-09-10T12:31:41","guid":{"rendered":"https:\/\/toolhouse.fi\/?post_type=product&#038;p=19998"},"modified":"2025-08-31T22:58:03","modified_gmt":"2025-08-31T19:58:03","slug":"paineilmaletkukela-liittimilla-14-m","status":"publish","type":"product","link":"https:\/\/toolhouse.fi\/fi\/tuote\/paineilmaletkukela-liittimilla-14-m\/","title":{"rendered":"Paineilmaletkukela liittimill\u00e4 14 m"},"content":{"rendered":"<table class=\"n54117_dictionary\">\n<tbody>\n<tr>\n<td class=\"n54117_item_a1\"><span style=\"color: #333333;\">Valmistaja:<\/span><\/p>\n<p><span style=\"color: #333333;\">Pika sein\u00e4kiinnike:<\/span><\/td>\n<td class=\"n54117_item_b1\">\n<div class=\"n54117_item_b_sub\"><span style=\"color: #333333;\">Geko<\/span><\/div>\n<div class=\"n54117_item_b_sub\"><span style=\"color: #333333;\">Kyll\u00e4<\/span><\/div>\n<\/td>\n<\/tr>\n<tr>\n<td class=\"n54117_item_a2\"><span style=\"color: #333333;\">Kierre:<\/span><\/td>\n<td class=\"n54117_item_b2\">\n<div class=\"n54117_item_b_sub\"><span style=\"color: #333333;\">1\/4<\/span><\/div>\n<\/td>\n<\/tr>\n<tr>\n<td class=\"n54117_item_a1\"><span style=\"color: #333333;\">Sis\u00e4lt\u00e4\u00e4 liitimet:<\/span><\/td>\n<td class=\"n54117_item_b1\"><span style=\"color: #333333;\">kyll\u00e4<\/span><\/td>\n<\/tr>\n<tr>\n<td class=\"n54117_item_a2\"><span style=\"color: #333333;\">Letkun pituus\u00a0\u00a0<span class=\"n67256colon\">:<\/span><\/span><\/td>\n<td class=\"n54117_item_b2\">\n<div class=\"n54117_item_b_sub\"><span style=\"color: #333333;\">14 m<\/span><\/div>\n<\/td>\n<\/tr>\n<tr>\n<td class=\"n54117_item_a1\"><span style=\"color: #333333;\">Liitosletkun pituus:<\/span><\/td>\n<td class=\"n54117_item_b1\">\n<div class=\"n54117_item_b_sub\"><span style=\"color: #333333;\">1 m<\/span><\/div>\n<\/td>\n<\/tr>\n<tr>\n<td class=\"n54117_item_a2\"><span style=\"color: #333333;\">K\u00e4ytt\u00f6l\u00e4mp\u00f6tila:<\/span><\/td>\n<td class=\"n54117_item_b2\">\n<div class=\"n54117_item_b_sub\"><span style=\"color: #333333;\">-5\u00b0C \u2013 +45\u00b0C<\/span><\/div>\n<\/td>\n<\/tr>\n<tr>\n<td class=\"n54117_item_a1\"><span class=\"n67256colon\" style=\"color: #333333;\">Automaattinen lukitus:<\/span><\/td>\n<td class=\"n54117_item_b1\">\n<div class=\"n54117_item_b_sub\"><span style=\"color: #333333;\">kyll\u00e4<\/span><\/div>\n<\/td>\n<\/tr>\n<tr>\n<td class=\"n54117_item_a2\"><span style=\"color: #333333;\">Ce-hyv\u00e4ksytty:<\/span><\/td>\n<td class=\"n54117_item_b2\">\n<div class=\"n54117_item_b_sub\"><span style=\"color: #333333;\">kyll\u00e4<\/span><\/div>\n<\/td>\n<\/tr>\n<tr>\n<td class=\"n54117_item_a1\"><span style=\"color: #333333;\">Letkun halk ulko:<\/span><\/p>\n<p><span style=\"color: #333333;\">Letkun halk sis\u00e4:<\/span><\/td>\n<td class=\"n54117_item_b1\">\n<div class=\"n54117_item_b_sub\"><span style=\"color: #333333;\">10mm<\/span><\/div>\n<div><span style=\"color: #333333;\">6,5mm<\/span><\/div>\n<\/td>\n<\/tr>\n<tr>\n<td class=\"n54117_item_a2\"><span style=\"color: #333333;\">Paino:<\/span><\/p>\n<p><span style=\"color: #333333;\">Mitat(PxLxK):<\/span><\/td>\n<td class=\"n54117_item_b2\">\n<div class=\"n54117_item_b_sub\"><span style=\"color: #333333;\">4,9kg<\/span><\/div>\n<div><span style=\"color: #333333;\">280x150x270 mm<\/span><\/div>\n<\/td>\n<\/tr>\n<tr>\n<td class=\"n54117_item_a1\"><span class=\"n67256colon\" style=\"color: #333333;\">Ty\u00f6paine:<\/span><\/p>\n<p><span style=\"color: #333333;\">Maks paine:<\/span><\/td>\n<td class=\"n54117_item_b1\">\n<div class=\"n54117_item_b_sub\"><span style=\"color: #333333;\">8 bar<\/span><\/div>\n<div><span style=\"color: #333333;\">24 bar<\/span><\/div>\n<\/td>\n<\/tr>\n<tr>\n<td class=\"n54117_item_a2\"><span class=\"n67256colon\" style=\"color: #333333;\">Takuu:<\/span><\/td>\n<td class=\"n54117_item_b2\">\n<div class=\"n54117_item_b_sub\"><span style=\"color: #333333;\">1 vuosi<\/span><\/div>\n<\/td>\n<\/tr>\n<\/tbody>\n<\/table>\n","protected":false},"excerpt":{"rendered":"<p>Geko letkukela takaisinkelauksella.<\/p>\n<p>Lukitusmekanismi lukitsee letkun automaattisesti haluttuun kohtaan, letkukelassa on my\u00f6s manuaalinen lukitus napilla<\/p>\n<p>&nbsp;<\/p>\n<ul>\n<li>Sis\u00e4lt\u00e4\u00e4 k\u00e4tev\u00e4 pika-sein\u00e4kiinnitys ja pikaliittimet.<\/li>\n<li>Pehme\u00e4 ja vahvistettu 14m pvc letku, jossa hyv\u00e4 hankauskest\u00e4vyys.<\/li>\n<li>100 cm liitosletku.<\/li>\n<li>K\u00e4\u00e4ntyv\u00e4 sein\u00e4kiinnike: 180\u00b0 k\u00e4\u00e4ntyv\u00e4 kiinnike helpottaa letkun k\u00e4ytt\u00f6\u00e4 eri suuntiin.<\/li>\n<li>K\u00e4ytt\u00f6l\u00e4mp\u00f6tila -5\u00b0C \u2013 +45\u00b0C.<\/li>\n<li>Max k\u00e4ytt\u00f6paine 24 bar.<\/li>\n<\/ul>\n","protected":false},"featured_media":19386,"template":"","meta":{"_acf_changed":false,"_seopress_robots_primary_cat":"","_seopress_titles_title":"","_seopress_titles_desc":"","_seopress_robots_index":""},"product_cat":[325],"product_tag":[],"class_list":{"0":"post-19998","1":"product","2":"type-product","3":"status-publish","4":"has-post-thumbnail","6":"product_cat-letkut-ja-kelat","7":"product_shipping_class-tillbehor-790e","9":"first","10":"instock","11":"taxable","12":"shipping-taxable","13":"purchasable","14":"product-type-simple","swatches":"rey-swatches","show_selected":""},"acf":[],"_links":{"self":[{"href":"https:\/\/toolhouse.fi\/fi\/wp-json\/wp\/v2\/product\/19998","targetHints":{"allow":["GET"]}}],"collection":[{"href":"https:\/\/toolhouse.fi\/fi\/wp-json\/wp\/v2\/product"}],"about":[{"href":"https:\/\/toolhouse.fi\/fi\/wp-json\/wp\/v2\/types\/product"}],"version-history":[{"count":1,"href":"https:\/\/toolhouse.fi\/fi\/wp-json\/wp\/v2\/product\/19998\/revisions"}],"predecessor-version":[{"id":20027,"href":"https:\/\/toolhouse.fi\/fi\/wp-json\/wp\/v2\/product\/19998\/revisions\/20027"}],"wp:featuredmedia":[{"embeddable":true,"href":"https:\/\/toolhouse.fi\/fi\/wp-json\/wp\/v2\/media\/19386"}],"wp:attachment":[{"href":"https:\/\/toolhouse.fi\/fi\/wp-json\/wp\/v2\/media?parent=19998"}],"wp:term":[{"taxonomy":"product_cat","embeddable":true,"href":"https:\/\/toolhouse.fi\/fi\/wp-json\/wp\/v2\/product_cat?post=19998"},{"taxonomy":"product_tag","embeddable":true,"href":"https:\/\/toolhouse.fi\/fi\/wp-json\/wp\/v2\/product_tag?post=19998"}],"curies":[{"name":"wp","href":"https:\/\/api.w.org\/{rel}","templated":true}]}}