{"id":19999,"date":"2024-09-10T15:31:41","date_gmt":"2024-09-10T12:38:20","guid":{"rendered":"https:\/\/toolhouse.fi\/?post_type=product&#038;p=19999"},"modified":"2025-01-12T18:19:10","modified_gmt":"2025-01-12T16:19:10","slug":"kaynnistyskaapelit-6m-1500a","status":"publish","type":"product","link":"https:\/\/toolhouse.fi\/fi\/tuote\/kaynnistyskaapelit-6m-1500a\/","title":{"rendered":"K\u00e4ynnistyskaapelit 6M 1500A"},"content":{"rendered":"","protected":false},"excerpt":{"rendered":"<p>J\u00e4re\u00e4t apukaapelit, 1500A \/ 6 M.<\/p>\n<ul>\n<li>Raskaat jousikuormitetut leuat.<\/li>\n<li>Kuparikaapeli.<\/li>\n<li>Pituus: 600 cm<\/li>\n<li>Halkaisija: 14 mm<\/li>\n<li>Valmistaja: Geko<\/li>\n<\/ul>\n","protected":false},"featured_media":19399,"template":"","meta":{"_acf_changed":false,"_seopress_robots_primary_cat":"","_seopress_titles_title":"","_seopress_titles_desc":"","_seopress_robots_index":""},"product_cat":[343,350,337],"product_tag":[],"class_list":{"0":"post-19999","1":"product","2":"type-product","3":"status-publish","4":"has-post-thumbnail","6":"product_cat-akkulaturit","7":"product_cat-muut","8":"product_cat-tyokalut","9":"product_shipping_class-tillbehor-790e","11":"first","12":"instock","13":"taxable","14":"shipping-taxable","15":"purchasable","16":"product-type-simple","swatches":"rey-swatches","show_selected":""},"acf":[],"_links":{"self":[{"href":"https:\/\/toolhouse.fi\/fi\/wp-json\/wp\/v2\/product\/19999","targetHints":{"allow":["GET"]}}],"collection":[{"href":"https:\/\/toolhouse.fi\/fi\/wp-json\/wp\/v2\/product"}],"about":[{"href":"https:\/\/toolhouse.fi\/fi\/wp-json\/wp\/v2\/types\/product"}],"version-history":[{"count":1,"href":"https:\/\/toolhouse.fi\/fi\/wp-json\/wp\/v2\/product\/19999\/revisions"}],"predecessor-version":[{"id":20028,"href":"https:\/\/toolhouse.fi\/fi\/wp-json\/wp\/v2\/product\/19999\/revisions\/20028"}],"wp:featuredmedia":[{"embeddable":true,"href":"https:\/\/toolhouse.fi\/fi\/wp-json\/wp\/v2\/media\/19399"}],"wp:attachment":[{"href":"https:\/\/toolhouse.fi\/fi\/wp-json\/wp\/v2\/media?parent=19999"}],"wp:term":[{"taxonomy":"product_cat","embeddable":true,"href":"https:\/\/toolhouse.fi\/fi\/wp-json\/wp\/v2\/product_cat?post=19999"},{"taxonomy":"product_tag","embeddable":true,"href":"https:\/\/toolhouse.fi\/fi\/wp-json\/wp\/v2\/product_tag?post=19999"}],"curies":[{"name":"wp","href":"https:\/\/api.w.org\/{rel}","templated":true}]}}