{"id":20002,"date":"2024-09-10T15:32:02","date_gmt":"2024-09-10T12:38:21","guid":{"rendered":"https:\/\/toolhouse.fi\/?post_type=product&#038;p=20002"},"modified":"2026-03-31T14:00:24","modified_gmt":"2026-03-31T11:00:24","slug":"tvardy-kiintolenkkiavainsarja-6-27mm","status":"publish","type":"product","link":"https:\/\/toolhouse.fi\/fi\/tuote\/tvardy-kiintolenkkiavainsarja-6-27mm\/","title":{"rendered":"Tvardy kiintolenkkiavainsarja 6-27mm"},"content":{"rendered":"","protected":false},"excerpt":{"rendered":"<p>Laadukas Tvardy kiintolenkkiavainsarja<\/p>\n<p>&nbsp;<\/p>\n<ul>\n<li>Sarja sis\u00e4lt\u00e4\u00e4 15 kiintolenkkiavainta millimetrimitoituksella.<\/li>\n<li>Karkaistua CrV-SC ter\u00e4st\u00e4<\/li>\n<li>Sarja sis\u00e4lt\u00e4\u00e4 koot <strong>6, 7, 8, 10, 11, 12, 13, 14, 15, 17, 18, 19, 22, 24, 27mm<\/strong><\/li>\n<li>Kiintolenkkiavainten p\u00e4\u00e4t on taivutettu 15\u00b0<\/li>\n<li>Standardin DIN 3113 mukainen<\/li>\n<li>GS-hyv\u00e4ksytty<\/li>\n<li>K\u00e4tev\u00e4 k\u00e4\u00e4ritt\u00e4v\u00e4\/ripustettava s\u00e4ilytyspussi<\/li>\n<li>Paino: 2,4kg<\/li>\n<li>Valmistaja: Tvardy<\/li>\n<\/ul>\n","protected":false},"featured_media":19424,"template":"","meta":{"_acf_changed":false,"_seopress_robots_primary_cat":"","_seopress_titles_title":"","_seopress_titles_desc":"","_seopress_robots_index":""},"product_cat":[487,337,40],"product_tag":[],"class_list":{"0":"post-20002","1":"product","2":"type-product","3":"status-publish","4":"has-post-thumbnail","6":"product_cat-hylsytyokalut-vaantotyokalut","7":"product_cat-tyokalut","8":"product_cat-korjaamolaitteet","9":"product_shipping_class-tillbehor-790e","11":"first","12":"instock","13":"taxable","14":"shipping-taxable","15":"purchasable","16":"product-type-simple","swatches":"rey-swatches","show_selected":""},"acf":[],"_links":{"self":[{"href":"https:\/\/toolhouse.fi\/fi\/wp-json\/wp\/v2\/product\/20002","targetHints":{"allow":["GET"]}}],"collection":[{"href":"https:\/\/toolhouse.fi\/fi\/wp-json\/wp\/v2\/product"}],"about":[{"href":"https:\/\/toolhouse.fi\/fi\/wp-json\/wp\/v2\/types\/product"}],"version-history":[{"count":1,"href":"https:\/\/toolhouse.fi\/fi\/wp-json\/wp\/v2\/product\/20002\/revisions"}],"predecessor-version":[{"id":20031,"href":"https:\/\/toolhouse.fi\/fi\/wp-json\/wp\/v2\/product\/20002\/revisions\/20031"}],"wp:featuredmedia":[{"embeddable":true,"href":"https:\/\/toolhouse.fi\/fi\/wp-json\/wp\/v2\/media\/19424"}],"wp:attachment":[{"href":"https:\/\/toolhouse.fi\/fi\/wp-json\/wp\/v2\/media?parent=20002"}],"wp:term":[{"taxonomy":"product_cat","embeddable":true,"href":"https:\/\/toolhouse.fi\/fi\/wp-json\/wp\/v2\/product_cat?post=20002"},{"taxonomy":"product_tag","embeddable":true,"href":"https:\/\/toolhouse.fi\/fi\/wp-json\/wp\/v2\/product_tag?post=20002"}],"curies":[{"name":"wp","href":"https:\/\/api.w.org\/{rel}","templated":true}]}}