{"id":20003,"date":"2024-09-10T15:32:02","date_gmt":"2024-09-10T12:32:02","guid":{"rendered":"https:\/\/toolhouse.fi\/?post_type=product&#038;p=20003"},"modified":"2026-03-31T14:00:24","modified_gmt":"2026-03-31T11:00:24","slug":"kiintolenkkiavainsarja-geko-1-4-1-1-4","status":"publish","type":"product","link":"https:\/\/toolhouse.fi\/fi\/tuote\/kiintolenkkiavainsarja-geko-1-4-1-1-4\/","title":{"rendered":"Kiintolenkkiavainsarja Geko 1\/4&#8243;-1.1\/4&#8243;"},"content":{"rendered":"","protected":false},"excerpt":{"rendered":"<p>Geko kiintolenkkiavainsarja tuumakoot<\/p>\n<ul>\n<li>Sarja sis\u00e4lt\u00e4\u00e4 16 kiintolenkkiavainta.<\/li>\n<li>Karkaistua CrV-ter\u00e4st\u00e4<\/li>\n<li>Sarja sis\u00e4lt\u00e4\u00e4 koot <strong>1\/4 \u201c, 5\/16\u201d, 3\/8 \u201c, 7\/16\u201d, 1\/2 \u201c, 9\/16\u201d, 5\/8 \u201c, 11\/16\u201d 3\/4 \u201c, 13\/16\u201d, 7\/8 \u201c, 15\/16\u201d, 1 \u201c, 1-1 \/ 16\u201d, 1-1 \/ 8 \u201c, 1-1 \/ 4\u201d<\/strong><\/li>\n<li>Kiintolenkkiavainten p\u00e4\u00e4t on taivutettu 15\u00b0<\/li>\n<li>Standardin DIN 3113 mukainen<\/li>\n<li>K\u00e4tev\u00e4 k\u00e4\u00e4ritt\u00e4v\u00e4\/ripustettava s\u00e4ilytyspussi<\/li>\n<li>Paino: 3,4kg<\/li>\n<li>Valmistaja: Geko<\/li>\n<\/ul>\n","protected":false},"featured_media":19431,"template":"","meta":{"_acf_changed":false,"_seopress_robots_primary_cat":"","_seopress_titles_title":"","_seopress_titles_desc":"","_seopress_robots_index":""},"product_cat":[487,337,40],"product_tag":[],"class_list":{"0":"post-20003","1":"product","2":"type-product","3":"status-publish","4":"has-post-thumbnail","6":"product_cat-hylsytyokalut-vaantotyokalut","7":"product_cat-tyokalut","8":"product_cat-korjaamolaitteet","9":"product_shipping_class-tillbehor-790e","11":"first","12":"instock","13":"taxable","14":"shipping-taxable","15":"purchasable","16":"product-type-simple","swatches":"rey-swatches","show_selected":""},"acf":[],"_links":{"self":[{"href":"https:\/\/toolhouse.fi\/fi\/wp-json\/wp\/v2\/product\/20003","targetHints":{"allow":["GET"]}}],"collection":[{"href":"https:\/\/toolhouse.fi\/fi\/wp-json\/wp\/v2\/product"}],"about":[{"href":"https:\/\/toolhouse.fi\/fi\/wp-json\/wp\/v2\/types\/product"}],"version-history":[{"count":1,"href":"https:\/\/toolhouse.fi\/fi\/wp-json\/wp\/v2\/product\/20003\/revisions"}],"predecessor-version":[{"id":20032,"href":"https:\/\/toolhouse.fi\/fi\/wp-json\/wp\/v2\/product\/20003\/revisions\/20032"}],"wp:featuredmedia":[{"embeddable":true,"href":"https:\/\/toolhouse.fi\/fi\/wp-json\/wp\/v2\/media\/19431"}],"wp:attachment":[{"href":"https:\/\/toolhouse.fi\/fi\/wp-json\/wp\/v2\/media?parent=20003"}],"wp:term":[{"taxonomy":"product_cat","embeddable":true,"href":"https:\/\/toolhouse.fi\/fi\/wp-json\/wp\/v2\/product_cat?post=20003"},{"taxonomy":"product_tag","embeddable":true,"href":"https:\/\/toolhouse.fi\/fi\/wp-json\/wp\/v2\/product_tag?post=20003"}],"curies":[{"name":"wp","href":"https:\/\/api.w.org\/{rel}","templated":true}]}}