{"id":20006,"date":"2024-09-10T15:32:02","date_gmt":"2024-09-10T12:32:02","guid":{"rendered":"https:\/\/toolhouse.fi\/?post_type=product&#038;p=20006"},"modified":"2025-11-20T18:35:34","modified_gmt":"2025-11-20T16:35:34","slug":"paineilmaletku-10m-10x15mm","status":"publish","type":"product","link":"https:\/\/toolhouse.fi\/fi\/tuote\/paineilmaletku-10m-10x15mm\/","title":{"rendered":"Paineilmaletku 10m 10x15mm"},"content":{"rendered":"","protected":false},"excerpt":{"rendered":"<p>Kuminen, \u00f6ljynkest\u00e4v\u00e4 paineilmaletku pikaliittimill\u00e4.<\/p>\n<ul>\n<li>Letkun pituus: 10 m<\/li>\n<li>Letkun sis\u00e4mitta: \u00d8 10 mm<\/li>\n<li>Letkun ulkomitta: \u00d8 15 mm<\/li>\n<li>Materiaali: Korkealaatuinen kumi<\/li>\n<li>\u00d6ljynkest\u00e4v\u00e4: Kyll\u00e4<\/li>\n<li>Sis\u00e4lt\u00e4\u00e4 paineilmaliittimet: Kyll\u00e4<\/li>\n<li>K\u00e4ytt\u00f6paine: 20 bar<\/li>\n<li>R\u00e4j\u00e4hdys-\/murtumispaine: 40 bar<\/li>\n<li>Paino: 2,4 kg<\/li>\n<li>Valmistaja: Geko<\/li>\n<\/ul>\n<p>&nbsp;<\/p>\n","protected":false},"featured_media":29817,"template":"","meta":{"_acf_changed":false,"_seopress_robots_primary_cat":"none","_seopress_titles_title":"","_seopress_titles_desc":"","_seopress_robots_index":""},"product_cat":[325],"product_tag":[],"class_list":{"0":"post-20006","1":"product","2":"type-product","3":"status-publish","4":"has-post-thumbnail","6":"product_cat-letkut-ja-kelat","7":"product_shipping_class-tillbehor-790e","9":"first","10":"instock","11":"taxable","12":"shipping-taxable","13":"purchasable","14":"product-type-simple","swatches":"rey-swatches","show_selected":""},"acf":[],"_links":{"self":[{"href":"https:\/\/toolhouse.fi\/fi\/wp-json\/wp\/v2\/product\/20006","targetHints":{"allow":["GET"]}}],"collection":[{"href":"https:\/\/toolhouse.fi\/fi\/wp-json\/wp\/v2\/product"}],"about":[{"href":"https:\/\/toolhouse.fi\/fi\/wp-json\/wp\/v2\/types\/product"}],"version-history":[{"count":2,"href":"https:\/\/toolhouse.fi\/fi\/wp-json\/wp\/v2\/product\/20006\/revisions"}],"predecessor-version":[{"id":29819,"href":"https:\/\/toolhouse.fi\/fi\/wp-json\/wp\/v2\/product\/20006\/revisions\/29819"}],"wp:featuredmedia":[{"embeddable":true,"href":"https:\/\/toolhouse.fi\/fi\/wp-json\/wp\/v2\/media\/29817"}],"wp:attachment":[{"href":"https:\/\/toolhouse.fi\/fi\/wp-json\/wp\/v2\/media?parent=20006"}],"wp:term":[{"taxonomy":"product_cat","embeddable":true,"href":"https:\/\/toolhouse.fi\/fi\/wp-json\/wp\/v2\/product_cat?post=20006"},{"taxonomy":"product_tag","embeddable":true,"href":"https:\/\/toolhouse.fi\/fi\/wp-json\/wp\/v2\/product_tag?post=20006"}],"curies":[{"name":"wp","href":"https:\/\/api.w.org\/{rel}","templated":true}]}}