{"id":20007,"date":"2024-09-10T15:32:02","date_gmt":"2024-09-10T12:32:02","guid":{"rendered":"https:\/\/toolhouse.fi\/?post_type=product&#038;p=20007"},"modified":"2026-04-22T10:39:46","modified_gmt":"2026-04-22T07:39:46","slug":"venttiilivarren-tiivisteen-asennussarja","status":"publish","type":"product","link":"https:\/\/toolhouse.fi\/fi\/tuote\/venttiilivarren-tiivisteen-asennussarja\/","title":{"rendered":"Venttiilivarren tiivisteen asennussarja"},"content":{"rendered":"","protected":false},"excerpt":{"rendered":"<p>Venttiilivarren kumien vaihto ty\u00f6kalu, Toimii venttiileille, mitk\u00e4 ovat paikallaan tai irrotettu.<\/p>\n<p>Sis\u00e4lt\u00e4\u00e4:<\/p>\n<p>&#8211; 1 venttiilinvarren tiivistepihdit<br \/>\n&#8211; 1 kpl asennuskahva 150&#215;20 mm<br \/>\n&#8211; 2 kpl tiivisteen asennusadapterit 10.8 ja 14.8 mm<br \/>\n&#8211; 7kpl adapterit, mitk\u00e4 sopivat tiivisteisiin 5, 5.5, 6, 6.5, 7, 8 mm ja 3\/8 &#8221;<\/p>\n<p>&nbsp;<\/p>\n<p>Valnistaja: Geko<\/p>\n<p>Paino: 1,6kg<\/p>\n<p>&nbsp;<\/p>\n","protected":false},"featured_media":19461,"template":"","meta":{"_acf_changed":false,"_seopress_robots_primary_cat":"","_seopress_titles_title":"","_seopress_titles_desc":"","_seopress_robots_index":""},"product_cat":[339,480],"product_tag":[],"class_list":{"0":"post-20007","1":"product","2":"type-product","3":"status-publish","4":"has-post-thumbnail","6":"product_cat-autotyokalut","7":"product_cat-moottorityokalut","8":"product_shipping_class-tillbehor-790e","10":"first","11":"instock","12":"taxable","13":"shipping-taxable","14":"purchasable","15":"product-type-simple","swatches":"rey-swatches","show_selected":""},"acf":[],"_links":{"self":[{"href":"https:\/\/toolhouse.fi\/fi\/wp-json\/wp\/v2\/product\/20007","targetHints":{"allow":["GET"]}}],"collection":[{"href":"https:\/\/toolhouse.fi\/fi\/wp-json\/wp\/v2\/product"}],"about":[{"href":"https:\/\/toolhouse.fi\/fi\/wp-json\/wp\/v2\/types\/product"}],"version-history":[{"count":1,"href":"https:\/\/toolhouse.fi\/fi\/wp-json\/wp\/v2\/product\/20007\/revisions"}],"predecessor-version":[{"id":20036,"href":"https:\/\/toolhouse.fi\/fi\/wp-json\/wp\/v2\/product\/20007\/revisions\/20036"}],"wp:featuredmedia":[{"embeddable":true,"href":"https:\/\/toolhouse.fi\/fi\/wp-json\/wp\/v2\/media\/19461"}],"wp:attachment":[{"href":"https:\/\/toolhouse.fi\/fi\/wp-json\/wp\/v2\/media?parent=20007"}],"wp:term":[{"taxonomy":"product_cat","embeddable":true,"href":"https:\/\/toolhouse.fi\/fi\/wp-json\/wp\/v2\/product_cat?post=20007"},{"taxonomy":"product_tag","embeddable":true,"href":"https:\/\/toolhouse.fi\/fi\/wp-json\/wp\/v2\/product_tag?post=20007"}],"curies":[{"name":"wp","href":"https:\/\/api.w.org\/{rel}","templated":true}]}}