{"id":20009,"date":"2024-09-10T15:32:02","date_gmt":"2024-09-10T12:32:02","guid":{"rendered":"https:\/\/toolhouse.fi\/?post_type=product&#038;p=20009"},"modified":"2026-03-17T17:58:41","modified_gmt":"2026-03-17T15:58:41","slug":"kumityyny-nostimille-77mm-4-kpl","status":"publish","type":"product","link":"https:\/\/toolhouse.fi\/fi\/tuote\/kumityyny-nostimille-77mm-4-kpl\/","title":{"rendered":"Kumityyny nostimille 77mm 4 kpl"},"content":{"rendered":"","protected":false},"excerpt":{"rendered":"<p data-start=\"59\" data-end=\"189\"><strong data-start=\"59\" data-end=\"89\">Autonostimen pehmiketyynyt<\/strong><br data-start=\"89\" data-end=\"92\" \/>Laadukasta kumia. N\u00e4ill\u00e4 est\u00e4t auton helmojen vaurioitumisen nostettaessa ajoneuvoa nosturilla.<\/p>\n<ul>\n<li data-start=\"191\" data-end=\"309\">Valmistettu kovasta kumista \u2013 eiv\u00e4t painu kasaan, mutta tarjoavat riitt\u00e4v\u00e4n pehmennyksen.<\/li>\n<li data-start=\"191\" data-end=\"309\">\u00d6ljynkest\u00e4v\u00e4 materiaali.<\/li>\n<li data-start=\"311\" data-end=\"337\">Mitat: 160 \u00d7 120 \u00d7 77 mm<\/li>\n<li data-start=\"339\" data-end=\"376\">Toimitus sis\u00e4lt\u00e4\u00e4 4 kpl kumityyny\u00e4.<\/li>\n<\/ul>\n","protected":false},"featured_media":32100,"template":"","meta":{"_acf_changed":false,"_seopress_robots_primary_cat":"none","_seopress_titles_title":"","_seopress_titles_desc":"","_seopress_robots_index":""},"product_cat":[455,290],"product_tag":[],"class_list":{"0":"post-20009","1":"product","2":"type-product","3":"status-publish","4":"has-post-thumbnail","6":"product_cat-ajoneuvonostimet","7":"product_cat-varaosat-ja-tarvikkeet","8":"product_shipping_class-tillbehor-790e","10":"first","11":"instock","12":"taxable","13":"shipping-taxable","14":"purchasable","15":"product-type-simple","swatches":"rey-swatches","show_selected":""},"acf":[],"_links":{"self":[{"href":"https:\/\/toolhouse.fi\/fi\/wp-json\/wp\/v2\/product\/20009","targetHints":{"allow":["GET"]}}],"collection":[{"href":"https:\/\/toolhouse.fi\/fi\/wp-json\/wp\/v2\/product"}],"about":[{"href":"https:\/\/toolhouse.fi\/fi\/wp-json\/wp\/v2\/types\/product"}],"version-history":[{"count":3,"href":"https:\/\/toolhouse.fi\/fi\/wp-json\/wp\/v2\/product\/20009\/revisions"}],"predecessor-version":[{"id":32103,"href":"https:\/\/toolhouse.fi\/fi\/wp-json\/wp\/v2\/product\/20009\/revisions\/32103"}],"wp:featuredmedia":[{"embeddable":true,"href":"https:\/\/toolhouse.fi\/fi\/wp-json\/wp\/v2\/media\/32100"}],"wp:attachment":[{"href":"https:\/\/toolhouse.fi\/fi\/wp-json\/wp\/v2\/media?parent=20009"}],"wp:term":[{"taxonomy":"product_cat","embeddable":true,"href":"https:\/\/toolhouse.fi\/fi\/wp-json\/wp\/v2\/product_cat?post=20009"},{"taxonomy":"product_tag","embeddable":true,"href":"https:\/\/toolhouse.fi\/fi\/wp-json\/wp\/v2\/product_tag?post=20009"}],"curies":[{"name":"wp","href":"https:\/\/api.w.org\/{rel}","templated":true}]}}