{"id":20010,"date":"2024-09-10T15:32:22","date_gmt":"2024-09-10T12:38:21","guid":{"rendered":"https:\/\/toolhouse.fi\/?post_type=product&#038;p=20010"},"modified":"2026-03-31T19:33:09","modified_gmt":"2026-03-31T16:33:09","slug":"venttiilijousen-kiristin","status":"publish","type":"product","link":"https:\/\/toolhouse.fi\/fi\/tuote\/venttiilijousen-kiristin\/","title":{"rendered":"Venttiilijousen kiristin"},"content":{"rendered":"","protected":false},"excerpt":{"rendered":"<p>Mahdollistaa venttiilijousien purkamisen ja kokoamisen irrottamatta sylinterinkantta.<br \/>\nYhteensopiva useimpien henkil\u00f6autojen, kuorma-autojen ja moottoripy\u00f6rien moottoreiden kanssa.<\/p>\n<p>&nbsp;<\/p>\n<p><strong>Sis\u00e4lt\u00e4\u00e4:<\/strong><\/p>\n<ul>\n<li>3 x puristusadapterit: 24,5 mm &#8211; 30,5 mm &#8211; 35 mm (pituus 90 mm).<\/li>\n<li>1 x puristuskahva.<\/li>\n<li>1 x pidike puristusadaptereita varten.<\/li>\n<li>1 x pidike puristusadaptereille, k\u00e4\u00e4ntyv\u00e4.<\/li>\n<li>1 x jatkopala.<\/li>\n<li>2 x kuusioruuvi M6<\/li>\n<li>1 x muovisalku.<\/li>\n<\/ul>\n<p>Valmistaja: Geko<\/p>\n","protected":false},"featured_media":19502,"template":"","meta":{"_acf_changed":false,"_seopress_robots_primary_cat":"","_seopress_titles_title":"","_seopress_titles_desc":"","_seopress_robots_index":""},"product_cat":[339,480],"product_tag":[],"class_list":{"0":"post-20010","1":"product","2":"type-product","3":"status-publish","4":"has-post-thumbnail","6":"product_cat-autotyokalut","7":"product_cat-moottorityokalut","8":"product_shipping_class-tillbehor-790e","10":"first","11":"instock","12":"taxable","13":"shipping-taxable","14":"purchasable","15":"product-type-simple","swatches":"rey-swatches","show_selected":""},"acf":[],"_links":{"self":[{"href":"https:\/\/toolhouse.fi\/fi\/wp-json\/wp\/v2\/product\/20010","targetHints":{"allow":["GET"]}}],"collection":[{"href":"https:\/\/toolhouse.fi\/fi\/wp-json\/wp\/v2\/product"}],"about":[{"href":"https:\/\/toolhouse.fi\/fi\/wp-json\/wp\/v2\/types\/product"}],"version-history":[{"count":1,"href":"https:\/\/toolhouse.fi\/fi\/wp-json\/wp\/v2\/product\/20010\/revisions"}],"predecessor-version":[{"id":20039,"href":"https:\/\/toolhouse.fi\/fi\/wp-json\/wp\/v2\/product\/20010\/revisions\/20039"}],"wp:featuredmedia":[{"embeddable":true,"href":"https:\/\/toolhouse.fi\/fi\/wp-json\/wp\/v2\/media\/19502"}],"wp:attachment":[{"href":"https:\/\/toolhouse.fi\/fi\/wp-json\/wp\/v2\/media?parent=20010"}],"wp:term":[{"taxonomy":"product_cat","embeddable":true,"href":"https:\/\/toolhouse.fi\/fi\/wp-json\/wp\/v2\/product_cat?post=20010"},{"taxonomy":"product_tag","embeddable":true,"href":"https:\/\/toolhouse.fi\/fi\/wp-json\/wp\/v2\/product_tag?post=20010"}],"curies":[{"name":"wp","href":"https:\/\/api.w.org\/{rel}","templated":true}]}}