{"id":20012,"date":"2024-09-10T15:32:22","date_gmt":"2024-09-10T12:32:22","guid":{"rendered":"https:\/\/toolhouse.fi\/?post_type=product&#038;p=20012"},"modified":"2026-02-08T14:40:21","modified_gmt":"2026-02-08T12:40:21","slug":"optinen-pakkasnestemittari","status":"publish","type":"product","link":"https:\/\/toolhouse.fi\/fi\/tuote\/optinen-pakkasnestemittari\/","title":{"rendered":"Optinen pakkasnestemittari"},"content":{"rendered":"","protected":false},"excerpt":{"rendered":"<p>&nbsp;<\/p>\n<p class=\"MuiTypography-root MuiTypography-dsH3 css-m8xpxa\">Pakkasnestemittarilla voidaan mitata j\u00e4\u00e4hdytinnesteen ja lasinpesunesteen j\u00e4\u00e4tymispiste sek\u00e4 akun elektrolyyttisuhde.<\/p>\n<ul>\n<li>Etyleeniglykoli (0-50\u00b0C),Propyleeniglykoli(0-50\u00b0C).<\/li>\n<li>Lasinpesunesteen pakkaskest\u00e4vyys (0-40\u00b0C), SRF1.<\/li>\n<li>Akkuhapon ominaispainon mittaus 1.10 &#8211; 1.40 kg\/l<\/li>\n<\/ul>\n<div class=\"MuiGrid-root MuiGrid-container css-v3z1wi\"><\/div>\n<div class=\"MuiGrid-root MuiGrid-item MuiGrid-grid-xs-12 MuiGrid-grid-sm-6 css-1epsqyr\">\n<div class=\"css-14kqza6\">\n<div class=\"MuiGrid-root MuiGrid-container css-v3z1wi\">\n<div>\n<ul>\n<li>Optinen pakkasnestemittari<\/li>\n<li>Pipetti<\/li>\n<li>Kalibrointiruuvimeisseli<\/li>\n<li>Salkku<\/li>\n<li>K\u00e4ytt\u00f6ohjeet<\/li>\n<li>Puhdistusliina<\/li>\n<\/ul>\n<\/div>\n<div class=\"MuiBox-root css-15ro776\">Valmistaja: Geko<\/div>\n<\/div>\n<\/div>\n<\/div>\n<p>&nbsp;<\/p>\n<p><strong>K\u00e4ytt\u00f6ohje:<\/strong><\/p>\n<p>1. Tarkista, ett\u00e4 prisma ja l\u00e4pp\u00e4 ovat puhtaat.<\/p>\n<p>2. Siirr\u00e4 pipetill\u00e4 testattavaa nestett\u00e4 prismalle.<\/p>\n<p>3. Sulje l\u00e4pp\u00e4.<\/p>\n<p>4. Asteikolle ilmestyy vaalea\u2013tumma-rajaviiva.<\/p>\n<p>5. Kun testi on valmis, puhdista prisma ja l\u00e4pp\u00e4 l\u00e4mpim\u00e4ll\u00e4 vedell\u00e4 ja kuivalla puhdistusliinalla.<\/p>\n<p>&nbsp;<\/p>\n","protected":false},"featured_media":19520,"template":"","meta":{"_acf_changed":false,"_seopress_robots_primary_cat":"","_seopress_titles_title":"","_seopress_titles_desc":"","_seopress_robots_index":""},"product_cat":[339,480],"product_tag":[],"class_list":{"0":"post-20012","1":"product","2":"type-product","3":"status-publish","4":"has-post-thumbnail","6":"product_cat-autotyokalut","7":"product_cat-moottorityokalut","8":"product_shipping_class-tillbehor-790e","10":"first","11":"instock","12":"taxable","13":"shipping-taxable","14":"purchasable","15":"product-type-simple","swatches":"rey-swatches","show_selected":""},"acf":[],"_links":{"self":[{"href":"https:\/\/toolhouse.fi\/fi\/wp-json\/wp\/v2\/product\/20012","targetHints":{"allow":["GET"]}}],"collection":[{"href":"https:\/\/toolhouse.fi\/fi\/wp-json\/wp\/v2\/product"}],"about":[{"href":"https:\/\/toolhouse.fi\/fi\/wp-json\/wp\/v2\/types\/product"}],"version-history":[{"count":1,"href":"https:\/\/toolhouse.fi\/fi\/wp-json\/wp\/v2\/product\/20012\/revisions"}],"predecessor-version":[{"id":20041,"href":"https:\/\/toolhouse.fi\/fi\/wp-json\/wp\/v2\/product\/20012\/revisions\/20041"}],"wp:featuredmedia":[{"embeddable":true,"href":"https:\/\/toolhouse.fi\/fi\/wp-json\/wp\/v2\/media\/19520"}],"wp:attachment":[{"href":"https:\/\/toolhouse.fi\/fi\/wp-json\/wp\/v2\/media?parent=20012"}],"wp:term":[{"taxonomy":"product_cat","embeddable":true,"href":"https:\/\/toolhouse.fi\/fi\/wp-json\/wp\/v2\/product_cat?post=20012"},{"taxonomy":"product_tag","embeddable":true,"href":"https:\/\/toolhouse.fi\/fi\/wp-json\/wp\/v2\/product_tag?post=20012"}],"curies":[{"name":"wp","href":"https:\/\/api.w.org\/{rel}","templated":true}]}}