{"id":20014,"date":"2024-09-10T15:32:23","date_gmt":"2024-09-10T12:32:23","guid":{"rendered":"https:\/\/toolhouse.fi\/?post_type=product&#038;p=20014"},"modified":"2024-11-02T19:37:05","modified_gmt":"2024-11-02T17:37:05","slug":"asennuspaa-redats","status":"publish","type":"product","link":"https:\/\/toolhouse.fi\/fi\/tuote\/asennuspaa-redats\/","title":{"rendered":"Asennusp\u00e4\u00e4 Redats"},"content":{"rendered":"","protected":false},"excerpt":{"rendered":"<p class=\"product-title product_title entry-title\">Asennusp\u00e4\u00e4 <span style=\"font-size: 14.4px;\">Redats M-201, M-221, M-250.<\/span><\/p>\n<p>Asennusp\u00e4\u00e4n rei\u00e4n halkaisija 29mm<\/p>\n<p class=\"product-title product_title entry-title\">Muovisuojukset ja lukitusruuvit mukana.<\/p>\n<p>Sopii Redats:<\/p>\n<ul>\n<li>M-111<\/li>\n<li>M-130<\/li>\n<li>M-201<\/li>\n<li>M-205<\/li>\n<li>M-211<\/li>\n<li>M-221<\/li>\n<li>M-221-3D<\/li>\n<li>M-250<\/li>\n<li>M-250-3D<\/li>\n<\/ul>\n<p>Ej sopii Redats M-230 ja M-120<\/p>\n","protected":false},"featured_media":19534,"template":"","meta":{"_acf_changed":false,"_seopress_robots_primary_cat":"","_seopress_titles_title":"","_seopress_titles_desc":"","_seopress_robots_index":""},"product_cat":[475,188],"product_tag":[],"class_list":{"0":"post-20014","1":"product","2":"type-product","3":"status-publish","4":"has-post-thumbnail","6":"product_cat-lisavarusteet-ja-varaosat","7":"product_cat-rengaskoneet","8":"product_shipping_class-tillbehor-790e","10":"first","11":"instock","12":"taxable","13":"shipping-taxable","14":"purchasable","15":"product-type-simple","swatches":"rey-swatches","show_selected":""},"acf":[],"_links":{"self":[{"href":"https:\/\/toolhouse.fi\/fi\/wp-json\/wp\/v2\/product\/20014","targetHints":{"allow":["GET"]}}],"collection":[{"href":"https:\/\/toolhouse.fi\/fi\/wp-json\/wp\/v2\/product"}],"about":[{"href":"https:\/\/toolhouse.fi\/fi\/wp-json\/wp\/v2\/types\/product"}],"version-history":[{"count":1,"href":"https:\/\/toolhouse.fi\/fi\/wp-json\/wp\/v2\/product\/20014\/revisions"}],"predecessor-version":[{"id":20043,"href":"https:\/\/toolhouse.fi\/fi\/wp-json\/wp\/v2\/product\/20014\/revisions\/20043"}],"wp:featuredmedia":[{"embeddable":true,"href":"https:\/\/toolhouse.fi\/fi\/wp-json\/wp\/v2\/media\/19534"}],"wp:attachment":[{"href":"https:\/\/toolhouse.fi\/fi\/wp-json\/wp\/v2\/media?parent=20014"}],"wp:term":[{"taxonomy":"product_cat","embeddable":true,"href":"https:\/\/toolhouse.fi\/fi\/wp-json\/wp\/v2\/product_cat?post=20014"},{"taxonomy":"product_tag","embeddable":true,"href":"https:\/\/toolhouse.fi\/fi\/wp-json\/wp\/v2\/product_tag?post=20014"}],"curies":[{"name":"wp","href":"https:\/\/api.w.org\/{rel}","templated":true}]}}