{"id":20046,"date":"2024-09-10T15:32:23","date_gmt":"2024-09-10T12:38:29","guid":{"rendered":"https:\/\/toolhouse.fi\/?post_type=product&#038;p=20046"},"modified":"2024-12-19T08:53:12","modified_gmt":"2024-12-19T06:53:12","slug":"pihtiampeerimittari-mt2010a","status":"publish","type":"product","link":"https:\/\/toolhouse.fi\/fi\/tuote\/pihtiampeerimittari-mt2010a\/","title":{"rendered":"Pihtiampeerimittari MT2010A"},"content":{"rendered":"","protected":false},"excerpt":{"rendered":"<p>Geko MT2010A ncv yhdistetty pihtiampeerimittari ja yleismittari. Mittari tarjoaa erinomaiset mittausominaisuudet , kuten AC, DC, dioditestaus, resistanssimittaus, l\u00e4mp\u00f6tilamittaus\u00a0 taajuusmittaus ja merkki\u00e4\u00e4ni.<\/p>\n<p>MT2010A -ampeerimittarissa on suuri n\u00e4ytt\u00f6, selke\u00e4t numerot ja automaattinen sammutus paristojen s\u00e4\u00e4st\u00e4miseksi. Mukana testausjohtimet, l\u00e4mp\u00f6tilasondi, 9V 6F22 -paristo ja laukku.<\/p>\n<p>Pihdin aukko sopii johtimille, joiden halkaisija on enint\u00e4\u00e4n 28 mm.<\/p>\n<p>&nbsp;<\/p>\n<p><strong>Tekniset tiedot:<\/strong><\/p>\n<ul>\n<li>Taustavalaistu LCD n\u00e4ytt\u00f6<\/li>\n<li>True RMS<\/li>\n<li>REL function (relative value measurement)<\/li>\n<li>Diodi-testaus<\/li>\n<li>circuit continuity test<\/li>\n<li>Datan pito(data Hold)<\/li>\n<li>Automaattinen mittausalueiden vaihto<\/li>\n<li>Zero Mode<\/li>\n<li>Mittausmuisti: MIN; MAX<\/li>\n<li>Automaattinen sammutus<\/li>\n<li>Polarisaatioindeksi<\/li>\n<li>L\u00e4mp\u00f6tila-anturi<\/li>\n<li>Over-range indicator<\/li>\n<li>Alhaisen paristoj\u00e4nnitteen osoitus<\/li>\n<li>kosketukseton j\u00e4nnitekoetin (NCV)<\/li>\n<li>CE, CAT. II &#8211; 600V, CAT. III &#8211; 300V<\/li>\n<li>Paristo 9V<\/li>\n<li>Pihtien aukko 28mm<\/li>\n<li>Mitat: 242x87x33 mm<\/li>\n<li>Paino: 0,6 kg<\/li>\n<li>Valmistaja: Geko<\/li>\n<li>Malli: MT2010A<\/li>\n<\/ul>\n<p><strong>Mittausalue:<\/strong><\/p>\n<p>DC j\u00e4nnite [V]: <strong>600V<\/strong><\/p>\n<p>AC j\u00e4nnite [V]: <strong>600V<\/strong><\/p>\n<p>ACV taajuus\u00a0: <strong>10Hz~60kHz<\/strong><\/p>\n<p>AC virta[A]: <strong>400A<\/strong><\/p>\n<p>Resistanssi[?]: <strong>40M?<\/strong><\/p>\n<p>Taajuus\u00a0[Hz]: <strong>10Hz~10MHz<\/strong><\/p>\n<p>Kapasitanssi[F]: <strong>40mF<\/strong><\/p>\n<p>&nbsp;<\/p>\n<p><strong>Vakiovarusteet:<\/strong><\/p>\n<ul>\n<li>Kangaslaukku<\/li>\n<li>L\u00e4mp\u00f6tilasondi<\/li>\n<li>Testikaapelisarja<\/li>\n<li>9V 6F22 -paristo<\/li>\n<\/ul>\n<p>&nbsp;<\/p>\n","protected":false},"featured_media":19557,"template":"","meta":{"_acf_changed":false,"_seopress_robots_primary_cat":"","_seopress_titles_title":"","_seopress_titles_desc":"","_seopress_robots_index":""},"product_cat":[491,350,337],"product_tag":[],"class_list":{"0":"post-20046","1":"product","2":"type-product","3":"status-publish","4":"has-post-thumbnail","6":"product_cat-mittavalineet","7":"product_cat-muut","8":"product_cat-tyokalut","9":"product_shipping_class-tillbehor-790e","11":"first","12":"instock","13":"taxable","14":"shipping-taxable","15":"purchasable","16":"product-type-simple","swatches":"rey-swatches","show_selected":""},"acf":[],"_links":{"self":[{"href":"https:\/\/toolhouse.fi\/fi\/wp-json\/wp\/v2\/product\/20046","targetHints":{"allow":["GET"]}}],"collection":[{"href":"https:\/\/toolhouse.fi\/fi\/wp-json\/wp\/v2\/product"}],"about":[{"href":"https:\/\/toolhouse.fi\/fi\/wp-json\/wp\/v2\/types\/product"}],"version-history":[{"count":1,"href":"https:\/\/toolhouse.fi\/fi\/wp-json\/wp\/v2\/product\/20046\/revisions"}],"predecessor-version":[{"id":20076,"href":"https:\/\/toolhouse.fi\/fi\/wp-json\/wp\/v2\/product\/20046\/revisions\/20076"}],"wp:featuredmedia":[{"embeddable":true,"href":"https:\/\/toolhouse.fi\/fi\/wp-json\/wp\/v2\/media\/19557"}],"wp:attachment":[{"href":"https:\/\/toolhouse.fi\/fi\/wp-json\/wp\/v2\/media?parent=20046"}],"wp:term":[{"taxonomy":"product_cat","embeddable":true,"href":"https:\/\/toolhouse.fi\/fi\/wp-json\/wp\/v2\/product_cat?post=20046"},{"taxonomy":"product_tag","embeddable":true,"href":"https:\/\/toolhouse.fi\/fi\/wp-json\/wp\/v2\/product_tag?post=20046"}],"curies":[{"name":"wp","href":"https:\/\/api.w.org\/{rel}","templated":true}]}}