{"id":20048,"date":"2024-09-10T15:32:23","date_gmt":"2024-09-10T12:32:23","guid":{"rendered":"https:\/\/toolhouse.fi\/?post_type=product&#038;p=20048"},"modified":"2026-03-05T16:49:07","modified_gmt":"2026-03-05T14:49:07","slug":"oljytulpan-avainsarja-3-8","status":"publish","type":"product","link":"https:\/\/toolhouse.fi\/fi\/tuote\/oljytulpan-avainsarja-3-8\/","title":{"rendered":"\u00d6ljytulpan avainsarja 3\/8&#8243;"},"content":{"rendered":"","protected":false},"excerpt":{"rendered":"<p>Sis\u00e4lt\u00e4\u00e4 T-kahvan ja \u00f6ljytulppahylsy\u00e4, joissa on 3\/8 tuuman nelikulmakiinnitys.<\/p>\n<p><strong>Sis\u00e4lt\u00e4\u00e4:<\/strong><\/p>\n<ul>\n<li>T-liukuv\u00e4\u00e4nnin 3\/8&#8243;<\/li>\n<li>4-kulma 5\/16&#8243; 8mm CITROEN, PEUGEOT, RENAULT, VOLVO<\/li>\n<li>4-kulma 11mm FORD<\/li>\n<li>4-kulma 13mm NISSAN, SUBARU<\/li>\n<li>4-kulma 3.8&#8243; 9.5mm HONDA, MAZDA, PEUGEOT, SAAB, VOLVO<\/li>\n<li>6-kulma 8mm BMW, FORD, GM<\/li>\n<li>6-kulma 9mm GM<\/li>\n<li>6-kulma 10mm FORD<\/li>\n<li>6-kulma 12mm FIAT, LANCIA, PEUGEOT<\/li>\n<li>6-kulma 14mm LANCIA, MERCEDES<\/li>\n<li>6-kulma 17mm LANCIA, VW, AUDI, BMW, AUSTIN, VOLVO<\/li>\n<li>6-kulma 3.8&#8243; 9.5mm<\/li>\n<li>Muovilaatikko<\/li>\n<\/ul>\n<p>&nbsp;<\/p>\n","protected":false},"featured_media":19581,"template":"","meta":{"_acf_changed":false,"_seopress_robots_primary_cat":"none","_seopress_titles_title":"","_seopress_titles_desc":"","_seopress_robots_index":""},"product_cat":[339,487,480,341,337,40],"product_tag":[],"class_list":{"0":"post-20048","1":"product","2":"type-product","3":"status-publish","4":"has-post-thumbnail","6":"product_cat-autotyokalut","7":"product_cat-hylsytyokalut-vaantotyokalut","8":"product_cat-moottorityokalut","9":"product_cat-oljynvaihto","10":"product_cat-tyokalut","11":"product_cat-korjaamolaitteet","12":"product_shipping_class-tillbehor-790e","14":"first","15":"instock","16":"sale","17":"taxable","18":"shipping-taxable","19":"purchasable","20":"product-type-simple","swatches":"rey-swatches","show_selected":""},"acf":[],"_links":{"self":[{"href":"https:\/\/toolhouse.fi\/fi\/wp-json\/wp\/v2\/product\/20048","targetHints":{"allow":["GET"]}}],"collection":[{"href":"https:\/\/toolhouse.fi\/fi\/wp-json\/wp\/v2\/product"}],"about":[{"href":"https:\/\/toolhouse.fi\/fi\/wp-json\/wp\/v2\/types\/product"}],"version-history":[{"count":2,"href":"https:\/\/toolhouse.fi\/fi\/wp-json\/wp\/v2\/product\/20048\/revisions"}],"predecessor-version":[{"id":31856,"href":"https:\/\/toolhouse.fi\/fi\/wp-json\/wp\/v2\/product\/20048\/revisions\/31856"}],"wp:featuredmedia":[{"embeddable":true,"href":"https:\/\/toolhouse.fi\/fi\/wp-json\/wp\/v2\/media\/19581"}],"wp:attachment":[{"href":"https:\/\/toolhouse.fi\/fi\/wp-json\/wp\/v2\/media?parent=20048"}],"wp:term":[{"taxonomy":"product_cat","embeddable":true,"href":"https:\/\/toolhouse.fi\/fi\/wp-json\/wp\/v2\/product_cat?post=20048"},{"taxonomy":"product_tag","embeddable":true,"href":"https:\/\/toolhouse.fi\/fi\/wp-json\/wp\/v2\/product_tag?post=20048"}],"curies":[{"name":"wp","href":"https:\/\/api.w.org\/{rel}","templated":true}]}}