{"id":20049,"date":"2024-09-10T15:32:45","date_gmt":"2024-09-10T12:38:29","guid":{"rendered":"https:\/\/toolhouse.fi\/?post_type=product&#038;p=20049"},"modified":"2026-05-14T10:42:24","modified_gmt":"2026-05-14T07:42:24","slug":"paineilmatoiminen-jarrujen-ilmauslaite","status":"publish","type":"product","link":"https:\/\/toolhouse.fi\/fi\/tuote\/paineilmatoiminen-jarrujen-ilmauslaite\/","title":{"rendered":"Paineilmatoiminen jarrujen ilmauslaite"},"content":{"rendered":"","protected":false},"excerpt":{"rendered":"<p>Paineilmak\u00e4ytt\u00f6inen jarrujen ilmauslaite nelj\u00e4ll\u00e4 p\u00e4\u00e4sylinterin adapterilla.<\/p>\n<p>Laitteen avulla voit suorittaa jarrujen tai kytkimen ilmaamisen helposti ja nopeasti yksin.<\/p>\n<p>&nbsp;<\/p>\n<ul>\n<li>Vakiovarusteena t\u00e4ytt\u00f6pullo ja nelj\u00e4 adapteria jarrunestes\u00e4ili\u00f6lle.<\/li>\n<li>T\u00e4ytt\u00f6pullon adapterikoot: 21 &#8211; 30, 24-32, 28-37, 32-41 mm.<\/li>\n<li>Laiteen s\u00e4ili\u00f6 0,75 l.<\/li>\n<li>T\u00e4ytt\u00f6s\u00e4ili\u00f6 0,75 litraa<\/li>\n<li>Letku 2 metri\u00e4<\/li>\n<li>2 kpl ilmausnipan adapterit<\/li>\n<\/ul>\n<ul id=\"extraBullets\"><\/ul>\n<ul>\n<li>Liit\u00e4nt\u00e4: 1\/4&#8243;<\/li>\n<li>Ty\u00f6paine 6 &#8211; 8 baria<\/li>\n<li>Tilavuus 0.75 litraa<\/li>\n<li>Ilmankulutus 180 litraa\/minuutti<\/li>\n<li>Alipaine 60%<\/li>\n<li>Soveltuu sek\u00e4 huuhteluun ett\u00e4 uuden jarrunesteen t\u00e4ytt\u00f6\u00f6n<\/li>\n<li>Valmistaja: Geko<\/li>\n<\/ul>\n","protected":false},"featured_media":19588,"template":"","meta":{"_acf_changed":false,"_seopress_robots_primary_cat":"","_seopress_titles_title":"","_seopress_titles_desc":"","_seopress_robots_index":""},"product_cat":[339,482,331],"product_tag":[],"class_list":{"0":"post-20049","1":"product","2":"type-product","3":"status-publish","4":"has-post-thumbnail","6":"product_cat-autotyokalut","7":"product_cat-jarrutyokalut","8":"product_cat-muut-paineilmalaitteet","9":"product_shipping_class-tillbehor-790e","11":"first","12":"instock","13":"taxable","14":"shipping-taxable","15":"purchasable","16":"product-type-simple","swatches":"rey-swatches","show_selected":""},"acf":[],"_links":{"self":[{"href":"https:\/\/toolhouse.fi\/fi\/wp-json\/wp\/v2\/product\/20049","targetHints":{"allow":["GET"]}}],"collection":[{"href":"https:\/\/toolhouse.fi\/fi\/wp-json\/wp\/v2\/product"}],"about":[{"href":"https:\/\/toolhouse.fi\/fi\/wp-json\/wp\/v2\/types\/product"}],"version-history":[{"count":0,"href":"https:\/\/toolhouse.fi\/fi\/wp-json\/wp\/v2\/product\/20049\/revisions"}],"wp:featuredmedia":[{"embeddable":true,"href":"https:\/\/toolhouse.fi\/fi\/wp-json\/wp\/v2\/media\/19588"}],"wp:attachment":[{"href":"https:\/\/toolhouse.fi\/fi\/wp-json\/wp\/v2\/media?parent=20049"}],"wp:term":[{"taxonomy":"product_cat","embeddable":true,"href":"https:\/\/toolhouse.fi\/fi\/wp-json\/wp\/v2\/product_cat?post=20049"},{"taxonomy":"product_tag","embeddable":true,"href":"https:\/\/toolhouse.fi\/fi\/wp-json\/wp\/v2\/product_tag?post=20049"}],"curies":[{"name":"wp","href":"https:\/\/api.w.org\/{rel}","templated":true}]}}