{"id":20050,"date":"2024-09-10T15:32:45","date_gmt":"2024-09-10T12:38:29","guid":{"rendered":"https:\/\/toolhouse.fi\/?post_type=product&#038;p=20050"},"modified":"2025-08-28T23:36:06","modified_gmt":"2025-08-28T20:36:06","slug":"lukitustyokalu-twin-cam","status":"publish","type":"product","link":"https:\/\/toolhouse.fi\/fi\/tuote\/lukitustyokalu-twin-cam\/","title":{"rendered":"Lukitusty\u00f6kalu Twin Cam"},"content":{"rendered":"","protected":false},"excerpt":{"rendered":"<p>Lukitusty\u00f6kalu Twin Cam-nokka-akseleille.<\/p>\n<p>S\u00e4\u00e4dett\u00e4v\u00e4 et\u00e4isyys: 13 &#8211; 180 mm.<\/p>\n<p>Valmistaja: Geko<\/p>\n","protected":false},"featured_media":19607,"template":"","meta":{"_acf_changed":false,"_seopress_robots_primary_cat":"","_seopress_titles_title":"","_seopress_titles_desc":"","_seopress_robots_index":""},"product_cat":[339,480],"product_tag":[],"class_list":{"0":"post-20050","1":"product","2":"type-product","3":"status-publish","4":"has-post-thumbnail","6":"product_cat-autotyokalut","7":"product_cat-moottorityokalut","8":"product_shipping_class-tillbehor-790e","10":"first","11":"instock","12":"taxable","13":"shipping-taxable","14":"purchasable","15":"product-type-simple","swatches":"rey-swatches","show_selected":""},"acf":[],"_links":{"self":[{"href":"https:\/\/toolhouse.fi\/fi\/wp-json\/wp\/v2\/product\/20050","targetHints":{"allow":["GET"]}}],"collection":[{"href":"https:\/\/toolhouse.fi\/fi\/wp-json\/wp\/v2\/product"}],"about":[{"href":"https:\/\/toolhouse.fi\/fi\/wp-json\/wp\/v2\/types\/product"}],"version-history":[{"count":1,"href":"https:\/\/toolhouse.fi\/fi\/wp-json\/wp\/v2\/product\/20050\/revisions"}],"predecessor-version":[{"id":20080,"href":"https:\/\/toolhouse.fi\/fi\/wp-json\/wp\/v2\/product\/20050\/revisions\/20080"}],"wp:featuredmedia":[{"embeddable":true,"href":"https:\/\/toolhouse.fi\/fi\/wp-json\/wp\/v2\/media\/19607"}],"wp:attachment":[{"href":"https:\/\/toolhouse.fi\/fi\/wp-json\/wp\/v2\/media?parent=20050"}],"wp:term":[{"taxonomy":"product_cat","embeddable":true,"href":"https:\/\/toolhouse.fi\/fi\/wp-json\/wp\/v2\/product_cat?post=20050"},{"taxonomy":"product_tag","embeddable":true,"href":"https:\/\/toolhouse.fi\/fi\/wp-json\/wp\/v2\/product_tag?post=20050"}],"curies":[{"name":"wp","href":"https:\/\/api.w.org\/{rel}","templated":true}]}}