{"id":20051,"date":"2024-09-10T15:32:45","date_gmt":"2024-09-10T12:32:45","guid":{"rendered":"https:\/\/toolhouse.fi\/?post_type=product&#038;p=20051"},"modified":"2026-03-23T17:39:35","modified_gmt":"2026-03-23T15:39:35","slug":"johtoliitinpihdit-0-5-6mm","status":"publish","type":"product","link":"https:\/\/toolhouse.fi\/fi\/tuote\/johtoliitinpihdit-0-5-6mm\/","title":{"rendered":"Johtoliitinpihdit 0.5-6mm"},"content":{"rendered":"","protected":false},"excerpt":{"rendered":"<p class=\"ProductName ProductCardProductName\">Johtoliitinpihdit erist\u00e4m\u00e4tt\u00f6mille liittimille<\/p>\n<ul>\n<li>Kapasiteetti 0.5-6.0 mm\u00b2\/20-10 AWG.<\/li>\n<li>S\u00e4\u00e4dett\u00e4v\u00e4 puristuspaine.<\/li>\n<li>R\u00e4ikk\u00e4mekanismi p\u00e4\u00e4st\u00e4\u00e4 automaattisesti irti, kun puristus on valmis<\/li>\n<li>Pituus: 222 mm<\/li>\n<li>Paino: 0,6 kg<\/li>\n<li>Valmistaja: Geko<\/li>\n<\/ul>\n","protected":false},"featured_media":19614,"template":"","meta":{"_acf_changed":false,"_seopress_robots_primary_cat":"","_seopress_titles_title":"","_seopress_titles_desc":"","_seopress_robots_index":""},"product_cat":[488,337],"product_tag":[],"class_list":{"0":"post-20051","1":"product","2":"type-product","3":"status-publish","4":"has-post-thumbnail","6":"product_cat-kasityokalut","7":"product_cat-tyokalut","8":"product_shipping_class-tillbehor-790e","10":"first","11":"instock","12":"taxable","13":"shipping-taxable","14":"purchasable","15":"product-type-simple","swatches":"rey-swatches","show_selected":""},"acf":[],"_links":{"self":[{"href":"https:\/\/toolhouse.fi\/fi\/wp-json\/wp\/v2\/product\/20051","targetHints":{"allow":["GET"]}}],"collection":[{"href":"https:\/\/toolhouse.fi\/fi\/wp-json\/wp\/v2\/product"}],"about":[{"href":"https:\/\/toolhouse.fi\/fi\/wp-json\/wp\/v2\/types\/product"}],"version-history":[{"count":0,"href":"https:\/\/toolhouse.fi\/fi\/wp-json\/wp\/v2\/product\/20051\/revisions"}],"wp:featuredmedia":[{"embeddable":true,"href":"https:\/\/toolhouse.fi\/fi\/wp-json\/wp\/v2\/media\/19614"}],"wp:attachment":[{"href":"https:\/\/toolhouse.fi\/fi\/wp-json\/wp\/v2\/media?parent=20051"}],"wp:term":[{"taxonomy":"product_cat","embeddable":true,"href":"https:\/\/toolhouse.fi\/fi\/wp-json\/wp\/v2\/product_cat?post=20051"},{"taxonomy":"product_tag","embeddable":true,"href":"https:\/\/toolhouse.fi\/fi\/wp-json\/wp\/v2\/product_tag?post=20051"}],"curies":[{"name":"wp","href":"https:\/\/api.w.org\/{rel}","templated":true}]}}