{"id":20058,"date":"2024-09-10T15:32:45","date_gmt":"2024-09-10T12:32:45","guid":{"rendered":"https:\/\/toolhouse.fi\/?post_type=product&#038;p=20058"},"modified":"2024-09-10T15:43:09","modified_gmt":"2024-09-10T12:43:09","slug":"ketjutalja-1000kg","status":"publish","type":"product","link":"https:\/\/toolhouse.fi\/fi\/tuote\/ketjutalja-1000kg\/","title":{"rendered":"Ketjutalja 1000kg"},"content":{"rendered":"<table class=\"infotable__table infotable__table--default infotable__table--default--striped infotable__table__width--2\" cellspacing=\"0\">\n<tbody>\n<tr>\n<td>Valmistaja<\/p>\n<p>Max kapasiteetti<\/td>\n<td>Tvardy<\/p>\n<p>1000 kg<\/td>\n<\/tr>\n<tr>\n<td>Nostokorkeus<\/td>\n<td>3 m<\/td>\n<\/tr>\n<tr>\n<td>K\u00e4\u00e4ntyv\u00e4t koukut<\/td>\n<td>360\u00b0<\/td>\n<\/tr>\n<tr>\n<td><\/td>\n<td><\/td>\n<\/tr>\n<tr>\n<td>Ketju \u00d8<\/td>\n<td>6 mm<\/td>\n<\/tr>\n<tr>\n<td>Paino<\/td>\n<td>9,9 kg<\/td>\n<\/tr>\n<tr>\n<td>CE-hyv\u00e4ksytty<\/td>\n<td>Kyll\u00e4<\/td>\n<\/tr>\n<\/tbody>\n<\/table>\n","protected":false},"excerpt":{"rendered":"<p>Vahva ja turvallinen ketjutalja, k\u00e4\u00e4ntyv\u00e4t karkaistut koukut turvasalvalla ja ketju G80 ter\u00e4st\u00e4.<\/p>\n","protected":false},"featured_media":19726,"template":"","meta":{"_acf_changed":false,"_seopress_robots_primary_cat":"","_seopress_titles_title":"","_seopress_titles_desc":"","_seopress_robots_index":""},"product_cat":[40,749],"product_tag":[],"class_list":{"0":"post-20058","1":"product","2":"type-product","3":"status-publish","4":"has-post-thumbnail","6":"product_cat-korjaamolaitteet","7":"product_cat-vinssit-ja-taljat","8":"product_shipping_class-frakt149e-fi","10":"first","11":"instock","12":"taxable","13":"shipping-taxable","14":"purchasable","15":"product-type-simple","swatches":"rey-swatches","show_selected":""},"acf":[],"_links":{"self":[{"href":"https:\/\/toolhouse.fi\/fi\/wp-json\/wp\/v2\/product\/20058","targetHints":{"allow":["GET"]}}],"collection":[{"href":"https:\/\/toolhouse.fi\/fi\/wp-json\/wp\/v2\/product"}],"about":[{"href":"https:\/\/toolhouse.fi\/fi\/wp-json\/wp\/v2\/types\/product"}],"version-history":[{"count":1,"href":"https:\/\/toolhouse.fi\/fi\/wp-json\/wp\/v2\/product\/20058\/revisions"}],"predecessor-version":[{"id":20088,"href":"https:\/\/toolhouse.fi\/fi\/wp-json\/wp\/v2\/product\/20058\/revisions\/20088"}],"wp:featuredmedia":[{"embeddable":true,"href":"https:\/\/toolhouse.fi\/fi\/wp-json\/wp\/v2\/media\/19726"}],"wp:attachment":[{"href":"https:\/\/toolhouse.fi\/fi\/wp-json\/wp\/v2\/media?parent=20058"}],"wp:term":[{"taxonomy":"product_cat","embeddable":true,"href":"https:\/\/toolhouse.fi\/fi\/wp-json\/wp\/v2\/product_cat?post=20058"},{"taxonomy":"product_tag","embeddable":true,"href":"https:\/\/toolhouse.fi\/fi\/wp-json\/wp\/v2\/product_tag?post=20058"}],"curies":[{"name":"wp","href":"https:\/\/api.w.org\/{rel}","templated":true}]}}