{"id":20060,"date":"2024-09-10T15:32:45","date_gmt":"2024-09-10T12:32:45","guid":{"rendered":"https:\/\/toolhouse.fi\/?post_type=product&#038;p=20060"},"modified":"2026-04-28T18:13:01","modified_gmt":"2026-04-28T15:13:01","slug":"kasivinssi-vaijerilla-1150kg-10m","status":"publish","type":"product","link":"https:\/\/toolhouse.fi\/fi\/tuote\/kasivinssi-vaijerilla-1150kg-10m\/","title":{"rendered":"K\u00e4sivinssi vaijerilla 1150kg 10m"},"content":{"rendered":"","protected":false},"excerpt":{"rendered":"<p>Luotettava Keltin vaijerivinssi<\/p>\n<ul>\n<li>Vetokyky: 1150 kg<\/li>\n<li>Kaksi v\u00e4lityssuhdetta kahvan paikkaa siirt\u00e4m\u00e4ll\u00e4.<\/li>\n<li>Vaijeri: 5 mm \/ 10m<\/li>\n<li>Rummun kelaus kumpaankiin suuntaan.<\/li>\n<li>Vapaa uloskelaus.<\/li>\n<li>Kiinitysrei\u00e4t asennusta varten<\/li>\n<li>Koukku jousilukolla<\/li>\n<li>Paino 5 kg<\/li>\n<li>Valmistettu galvanoidusta ter\u00e4ksest\u00e4<\/li>\n<li>Valmistaja: Keltin<\/li>\n<\/ul>\n","protected":false},"featured_media":19744,"template":"","meta":{"_acf_changed":false,"_seopress_robots_primary_cat":"","_seopress_titles_title":"","_seopress_titles_desc":"","_seopress_robots_index":""},"product_cat":[40,749],"product_tag":[],"class_list":{"0":"post-20060","1":"product","2":"type-product","3":"status-publish","4":"has-post-thumbnail","6":"product_cat-korjaamolaitteet","7":"product_cat-vinssit-ja-taljat","8":"product_shipping_class-frakt149e-fi","10":"first","11":"instock","12":"taxable","13":"shipping-taxable","14":"purchasable","15":"product-type-simple","swatches":"rey-swatches","show_selected":""},"acf":[],"_links":{"self":[{"href":"https:\/\/toolhouse.fi\/fi\/wp-json\/wp\/v2\/product\/20060","targetHints":{"allow":["GET"]}}],"collection":[{"href":"https:\/\/toolhouse.fi\/fi\/wp-json\/wp\/v2\/product"}],"about":[{"href":"https:\/\/toolhouse.fi\/fi\/wp-json\/wp\/v2\/types\/product"}],"version-history":[{"count":1,"href":"https:\/\/toolhouse.fi\/fi\/wp-json\/wp\/v2\/product\/20060\/revisions"}],"predecessor-version":[{"id":20090,"href":"https:\/\/toolhouse.fi\/fi\/wp-json\/wp\/v2\/product\/20060\/revisions\/20090"}],"wp:featuredmedia":[{"embeddable":true,"href":"https:\/\/toolhouse.fi\/fi\/wp-json\/wp\/v2\/media\/19744"}],"wp:attachment":[{"href":"https:\/\/toolhouse.fi\/fi\/wp-json\/wp\/v2\/media?parent=20060"}],"wp:term":[{"taxonomy":"product_cat","embeddable":true,"href":"https:\/\/toolhouse.fi\/fi\/wp-json\/wp\/v2\/product_cat?post=20060"},{"taxonomy":"product_tag","embeddable":true,"href":"https:\/\/toolhouse.fi\/fi\/wp-json\/wp\/v2\/product_tag?post=20060"}],"curies":[{"name":"wp","href":"https:\/\/api.w.org\/{rel}","templated":true}]}}