{"id":20062,"date":"2024-09-10T15:32:45","date_gmt":"2024-09-10T12:38:30","guid":{"rendered":"https:\/\/toolhouse.fi\/?post_type=product&#038;p=20062"},"modified":"2024-09-10T15:43:09","modified_gmt":"2024-09-10T12:43:09","slug":"pulttisakset-tvardy-600-mm","status":"publish","type":"product","link":"https:\/\/toolhouse.fi\/fi\/tuote\/pulttisakset-tvardy-600-mm\/","title":{"rendered":"Pulttisakset Tvardy 600 mm"},"content":{"rendered":"","protected":false},"excerpt":{"rendered":"<p>Tvardy pulttisakset, joissa on karkaistut CrMo-leuat.<\/p>\n<ul>\n<li>Pituus: 600 mm<\/li>\n<li>leikkauskapasiteetti: 10 mm<\/li>\n<li>Paino: 2,3 kg<\/li>\n<li>Karkaistut leuat CrMo-ter\u00e4ksest\u00e4<\/li>\n<li>S\u00e4\u00e4dett\u00e4v\u00e4t leuat.<\/li>\n<li>Valmistaja: Tvardy<\/li>\n<\/ul>\n","protected":false},"featured_media":19764,"template":"","meta":{"_acf_changed":false,"_seopress_robots_primary_cat":"","_seopress_titles_title":"","_seopress_titles_desc":"","_seopress_robots_index":""},"product_cat":[488,337],"product_tag":[],"class_list":{"0":"post-20062","1":"product","2":"type-product","3":"status-publish","4":"has-post-thumbnail","6":"product_cat-kasityokalut","7":"product_cat-tyokalut","8":"product_shipping_class-frakt149e-fi","10":"first","11":"instock","12":"taxable","13":"shipping-taxable","14":"purchasable","15":"product-type-simple","swatches":"rey-swatches","show_selected":""},"acf":[],"_links":{"self":[{"href":"https:\/\/toolhouse.fi\/fi\/wp-json\/wp\/v2\/product\/20062","targetHints":{"allow":["GET"]}}],"collection":[{"href":"https:\/\/toolhouse.fi\/fi\/wp-json\/wp\/v2\/product"}],"about":[{"href":"https:\/\/toolhouse.fi\/fi\/wp-json\/wp\/v2\/types\/product"}],"version-history":[{"count":1,"href":"https:\/\/toolhouse.fi\/fi\/wp-json\/wp\/v2\/product\/20062\/revisions"}],"predecessor-version":[{"id":20092,"href":"https:\/\/toolhouse.fi\/fi\/wp-json\/wp\/v2\/product\/20062\/revisions\/20092"}],"wp:featuredmedia":[{"embeddable":true,"href":"https:\/\/toolhouse.fi\/fi\/wp-json\/wp\/v2\/media\/19764"}],"wp:attachment":[{"href":"https:\/\/toolhouse.fi\/fi\/wp-json\/wp\/v2\/media?parent=20062"}],"wp:term":[{"taxonomy":"product_cat","embeddable":true,"href":"https:\/\/toolhouse.fi\/fi\/wp-json\/wp\/v2\/product_cat?post=20062"},{"taxonomy":"product_tag","embeddable":true,"href":"https:\/\/toolhouse.fi\/fi\/wp-json\/wp\/v2\/product_tag?post=20062"}],"curies":[{"name":"wp","href":"https:\/\/api.w.org\/{rel}","templated":true}]}}