{"id":20064,"date":"2024-09-10T15:32:46","date_gmt":"2024-09-10T12:38:30","guid":{"rendered":"https:\/\/toolhouse.fi\/?post_type=product&#038;p=20064"},"modified":"2024-09-10T15:43:10","modified_gmt":"2024-09-10T12:43:10","slug":"jannitekyna-6-24v","status":"publish","type":"product","link":"https:\/\/toolhouse.fi\/fi\/tuote\/jannitekyna-6-24v\/","title":{"rendered":"J\u00e4nnitekyn\u00e4 6-24V"},"content":{"rendered":"","protected":false},"excerpt":{"rendered":"<p>Geko j\u00e4nnitteenkoetin 6 &#8211; 24V<\/p>\n<ul>\n<li>6-12-24V DC<\/li>\n<li>Johdon pituus 90 cm<\/li>\n<li>Metallirunko<\/li>\n<li>Valmistaja: Geko<\/li>\n<\/ul>\n","protected":false},"featured_media":19778,"template":"","meta":{"_acf_changed":false,"_seopress_robots_primary_cat":"","_seopress_titles_title":"","_seopress_titles_desc":"","_seopress_robots_index":""},"product_cat":[491,337],"product_tag":[],"class_list":{"0":"post-20064","1":"product","2":"type-product","3":"status-publish","4":"has-post-thumbnail","6":"product_cat-mittavalineet","7":"product_cat-tyokalut","8":"product_shipping_class-frakt149e-fi","10":"first","11":"instock","12":"taxable","13":"shipping-taxable","14":"purchasable","15":"product-type-simple","swatches":"rey-swatches","show_selected":""},"acf":[],"_links":{"self":[{"href":"https:\/\/toolhouse.fi\/fi\/wp-json\/wp\/v2\/product\/20064","targetHints":{"allow":["GET"]}}],"collection":[{"href":"https:\/\/toolhouse.fi\/fi\/wp-json\/wp\/v2\/product"}],"about":[{"href":"https:\/\/toolhouse.fi\/fi\/wp-json\/wp\/v2\/types\/product"}],"version-history":[{"count":0,"href":"https:\/\/toolhouse.fi\/fi\/wp-json\/wp\/v2\/product\/20064\/revisions"}],"wp:featuredmedia":[{"embeddable":true,"href":"https:\/\/toolhouse.fi\/fi\/wp-json\/wp\/v2\/media\/19778"}],"wp:attachment":[{"href":"https:\/\/toolhouse.fi\/fi\/wp-json\/wp\/v2\/media?parent=20064"}],"wp:term":[{"taxonomy":"product_cat","embeddable":true,"href":"https:\/\/toolhouse.fi\/fi\/wp-json\/wp\/v2\/product_cat?post=20064"},{"taxonomy":"product_tag","embeddable":true,"href":"https:\/\/toolhouse.fi\/fi\/wp-json\/wp\/v2\/product_tag?post=20064"}],"curies":[{"name":"wp","href":"https:\/\/api.w.org\/{rel}","templated":true}]}}