{"id":20066,"date":"2024-09-10T15:32:46","date_gmt":"2024-09-10T12:32:46","guid":{"rendered":"https:\/\/toolhouse.fi\/?post_type=product&#038;p=20066"},"modified":"2025-11-24T19:07:02","modified_gmt":"2025-11-24T17:07:02","slug":"asennusrauta-4kpl","status":"publish","type":"product","link":"https:\/\/toolhouse.fi\/fi\/tuote\/asennusrauta-4kpl\/","title":{"rendered":"Asennusrauta 4kpl"},"content":{"rendered":"","protected":false},"excerpt":{"rendered":"<p><span style=\"color: #282828;\">Geko premium v\u00e4\u00e4nt\u00f6tankosarja 4-osaa.<\/span><\/p>\n<p>Pituudet:<\/p>\n<ul>\n<li>200mm<\/li>\n<li>300mm<\/li>\n<li>450mm<\/li>\n<li>600mm<\/li>\n<\/ul>\n<ul>\n<li>CrV ter\u00e4s<\/li>\n<li>Paino: 1,7kg<\/li>\n<\/ul>\n","protected":false},"featured_media":19795,"template":"","meta":{"_acf_changed":false,"_seopress_robots_primary_cat":"","_seopress_titles_title":"","_seopress_titles_desc":"","_seopress_robots_index":""},"product_cat":[481,339,488,350,337],"product_tag":[],"class_list":{"0":"post-20066","1":"product","2":"type-product","3":"status-publish","4":"has-post-thumbnail","6":"product_cat-alusta-ja-voimansiirtotyokalut","7":"product_cat-autotyokalut","8":"product_cat-kasityokalut","9":"product_cat-muut","10":"product_cat-tyokalut","11":"product_shipping_class-frakt149e-fi","13":"first","14":"instock","15":"taxable","16":"shipping-taxable","17":"purchasable","18":"product-type-simple","swatches":"rey-swatches","show_selected":""},"acf":[],"_links":{"self":[{"href":"https:\/\/toolhouse.fi\/fi\/wp-json\/wp\/v2\/product\/20066","targetHints":{"allow":["GET"]}}],"collection":[{"href":"https:\/\/toolhouse.fi\/fi\/wp-json\/wp\/v2\/product"}],"about":[{"href":"https:\/\/toolhouse.fi\/fi\/wp-json\/wp\/v2\/types\/product"}],"version-history":[{"count":1,"href":"https:\/\/toolhouse.fi\/fi\/wp-json\/wp\/v2\/product\/20066\/revisions"}],"predecessor-version":[{"id":20096,"href":"https:\/\/toolhouse.fi\/fi\/wp-json\/wp\/v2\/product\/20066\/revisions\/20096"}],"wp:featuredmedia":[{"embeddable":true,"href":"https:\/\/toolhouse.fi\/fi\/wp-json\/wp\/v2\/media\/19795"}],"wp:attachment":[{"href":"https:\/\/toolhouse.fi\/fi\/wp-json\/wp\/v2\/media?parent=20066"}],"wp:term":[{"taxonomy":"product_cat","embeddable":true,"href":"https:\/\/toolhouse.fi\/fi\/wp-json\/wp\/v2\/product_cat?post=20066"},{"taxonomy":"product_tag","embeddable":true,"href":"https:\/\/toolhouse.fi\/fi\/wp-json\/wp\/v2\/product_tag?post=20066"}],"curies":[{"name":"wp","href":"https:\/\/api.w.org\/{rel}","templated":true}]}}