{"id":20070,"date":"2024-09-10T15:33:07","date_gmt":"2024-09-10T12:33:07","guid":{"rendered":"https:\/\/toolhouse.fi\/?post_type=product&#038;p=20070"},"modified":"2026-04-29T13:37:42","modified_gmt":"2026-04-29T10:37:42","slug":"lavistys-ja-taivutuspihdit-geko","status":"publish","type":"product","link":"https:\/\/toolhouse.fi\/fi\/tuote\/lavistys-ja-taivutuspihdit-geko\/","title":{"rendered":"L\u00e4vistys- ja taivutuspihdit Geko"},"content":{"rendered":"","protected":false},"excerpt":{"rendered":"<p>Yhdistetyt l\u00e4vistys ja taivutuspihdit k\u00e4\u00e4ntyv\u00e4ll\u00e4 p\u00e4\u00e4ll\u00e4.<\/p>\n<ul>\n<li>Leuan syvyys: 23mm<\/li>\n<li>Leuan leveys: 21mm<\/li>\n<li>Taivutus syvyys: 11mm<\/li>\n<li>L\u00e4vistimen halkaisija: 5 mm<\/li>\n<li>Paino:1,05 kg<\/li>\n<li>Pituus: 285 mm<\/li>\n<li>Maks. 1 mm ter\u00e4slevy<\/li>\n<li>Valmistaja: Geko<\/li>\n<\/ul>\n","protected":false},"featured_media":19815,"template":"","meta":{"_acf_changed":false,"_seopress_robots_primary_cat":"","_seopress_titles_title":"","_seopress_titles_desc":"","_seopress_robots_index":"","_seopress_analysis_target_kw":""},"product_cat":[339,467,483,350],"product_tag":[],"class_list":{"0":"post-20070","1":"product","2":"type-product","3":"status-publish","4":"has-post-thumbnail","6":"product_cat-autotyokalut","7":"product_cat-hitsaustarvikkeet","8":"product_cat-korityokalut","9":"product_cat-muut","10":"product_shipping_class-tillbehor-790e","12":"first","13":"instock","14":"sale","15":"taxable","16":"shipping-taxable","17":"purchasable","18":"product-type-simple","swatches":"rey-swatches","show_selected":""},"acf":[],"_links":{"self":[{"href":"https:\/\/toolhouse.fi\/fi\/wp-json\/wp\/v2\/product\/20070","targetHints":{"allow":["GET"]}}],"collection":[{"href":"https:\/\/toolhouse.fi\/fi\/wp-json\/wp\/v2\/product"}],"about":[{"href":"https:\/\/toolhouse.fi\/fi\/wp-json\/wp\/v2\/types\/product"}],"version-history":[{"count":0,"href":"https:\/\/toolhouse.fi\/fi\/wp-json\/wp\/v2\/product\/20070\/revisions"}],"wp:featuredmedia":[{"embeddable":true,"href":"https:\/\/toolhouse.fi\/fi\/wp-json\/wp\/v2\/media\/19815"}],"wp:attachment":[{"href":"https:\/\/toolhouse.fi\/fi\/wp-json\/wp\/v2\/media?parent=20070"}],"wp:term":[{"taxonomy":"product_cat","embeddable":true,"href":"https:\/\/toolhouse.fi\/fi\/wp-json\/wp\/v2\/product_cat?post=20070"},{"taxonomy":"product_tag","embeddable":true,"href":"https:\/\/toolhouse.fi\/fi\/wp-json\/wp\/v2\/product_tag?post=20070"}],"curies":[{"name":"wp","href":"https:\/\/api.w.org\/{rel}","templated":true}]}}