{"id":20071,"date":"2024-09-10T15:33:08","date_gmt":"2024-09-10T12:38:31","guid":{"rendered":"https:\/\/toolhouse.fi\/?post_type=product&#038;p=20071"},"modified":"2025-10-18T10:20:16","modified_gmt":"2025-10-18T07:20:16","slug":"rengasliitu-keltainen-10-kpl","status":"publish","type":"product","link":"https:\/\/toolhouse.fi\/fi\/tuote\/rengasliitu-keltainen-10-kpl\/","title":{"rendered":"Rengasliitu keltainen 10 kpl"},"content":{"rendered":"","protected":false},"excerpt":{"rendered":"<p>Geko keltainen rengasliitu.<\/p>\n<p>Pakkaus sis\u00e4lt\u00e4\u00e4 10 kpl liitua.<\/p>\n<p>Pituus: 110mm<\/p>\n<p>Halkaisija: 12mm<\/p>\n","protected":false},"featured_media":19826,"template":"","meta":{"_acf_changed":false,"_seopress_robots_primary_cat":"","_seopress_titles_title":"","_seopress_titles_desc":"","_seopress_robots_index":"","_seopress_analysis_target_kw":""},"product_cat":[163],"product_tag":[],"class_list":{"0":"post-20071","1":"product","2":"type-product","3":"status-publish","4":"has-post-thumbnail","6":"product_cat-rengaskoneiden-tarvikkeet","7":"product_shipping_class-tillbehor-590e","9":"first","10":"instock","11":"taxable","12":"shipping-taxable","13":"purchasable","14":"product-type-simple","swatches":"rey-swatches","show_selected":""},"acf":[],"_links":{"self":[{"href":"https:\/\/toolhouse.fi\/fi\/wp-json\/wp\/v2\/product\/20071","targetHints":{"allow":["GET"]}}],"collection":[{"href":"https:\/\/toolhouse.fi\/fi\/wp-json\/wp\/v2\/product"}],"about":[{"href":"https:\/\/toolhouse.fi\/fi\/wp-json\/wp\/v2\/types\/product"}],"version-history":[{"count":0,"href":"https:\/\/toolhouse.fi\/fi\/wp-json\/wp\/v2\/product\/20071\/revisions"}],"wp:featuredmedia":[{"embeddable":true,"href":"https:\/\/toolhouse.fi\/fi\/wp-json\/wp\/v2\/media\/19826"}],"wp:attachment":[{"href":"https:\/\/toolhouse.fi\/fi\/wp-json\/wp\/v2\/media?parent=20071"}],"wp:term":[{"taxonomy":"product_cat","embeddable":true,"href":"https:\/\/toolhouse.fi\/fi\/wp-json\/wp\/v2\/product_cat?post=20071"},{"taxonomy":"product_tag","embeddable":true,"href":"https:\/\/toolhouse.fi\/fi\/wp-json\/wp\/v2\/product_tag?post=20071"}],"curies":[{"name":"wp","href":"https:\/\/api.w.org\/{rel}","templated":true}]}}