{"id":20072,"date":"2024-09-10T15:33:08","date_gmt":"2024-09-10T12:33:08","guid":{"rendered":"https:\/\/toolhouse.fi\/?post_type=product&#038;p=20072"},"modified":"2025-11-03T23:55:35","modified_gmt":"2025-11-03T21:55:35","slug":"rengasliitu-valkoinen10-kpl","status":"publish","type":"product","link":"https:\/\/toolhouse.fi\/fi\/tuote\/rengasliitu-valkoinen10-kpl\/","title":{"rendered":"Rengasliitu valkoinen10 kpl"},"content":{"rendered":"","protected":false},"excerpt":{"rendered":"<p>Geko valkoinen rengasliitu.<\/p>\n<p>Pakkaus sis\u00e4lt\u00e4\u00e4 10 kpl liitua.<\/p>\n<p>Pituus: 110mm<\/p>\n<p>Halkaisija: 12mm<\/p>\n","protected":false},"featured_media":19831,"template":"","meta":{"_acf_changed":false,"_seopress_robots_primary_cat":"","_seopress_titles_title":"","_seopress_titles_desc":"","_seopress_robots_index":""},"product_cat":[163],"product_tag":[],"class_list":{"0":"post-20072","1":"product","2":"type-product","3":"status-publish","4":"has-post-thumbnail","6":"product_cat-rengaskoneiden-tarvikkeet","7":"product_shipping_class-tillbehor-590e","9":"first","10":"instock","11":"taxable","12":"shipping-taxable","13":"purchasable","14":"product-type-simple","swatches":"rey-swatches","show_selected":""},"acf":[],"_links":{"self":[{"href":"https:\/\/toolhouse.fi\/fi\/wp-json\/wp\/v2\/product\/20072","targetHints":{"allow":["GET"]}}],"collection":[{"href":"https:\/\/toolhouse.fi\/fi\/wp-json\/wp\/v2\/product"}],"about":[{"href":"https:\/\/toolhouse.fi\/fi\/wp-json\/wp\/v2\/types\/product"}],"version-history":[{"count":0,"href":"https:\/\/toolhouse.fi\/fi\/wp-json\/wp\/v2\/product\/20072\/revisions"}],"wp:featuredmedia":[{"embeddable":true,"href":"https:\/\/toolhouse.fi\/fi\/wp-json\/wp\/v2\/media\/19831"}],"wp:attachment":[{"href":"https:\/\/toolhouse.fi\/fi\/wp-json\/wp\/v2\/media?parent=20072"}],"wp:term":[{"taxonomy":"product_cat","embeddable":true,"href":"https:\/\/toolhouse.fi\/fi\/wp-json\/wp\/v2\/product_cat?post=20072"},{"taxonomy":"product_tag","embeddable":true,"href":"https:\/\/toolhouse.fi\/fi\/wp-json\/wp\/v2\/product_tag?post=20072"}],"curies":[{"name":"wp","href":"https:\/\/api.w.org\/{rel}","templated":true}]}}