{"id":20073,"date":"2024-09-10T15:33:08","date_gmt":"2024-09-10T12:38:31","guid":{"rendered":"https:\/\/toolhouse.fi\/?post_type=product&#038;p=20073"},"modified":"2025-08-06T08:51:30","modified_gmt":"2025-08-06T05:51:30","slug":"kierretyokalusarja-metrinen-40-osaa","status":"publish","type":"product","link":"https:\/\/toolhouse.fi\/fi\/tuote\/kierretyokalusarja-metrinen-40-osaa\/","title":{"rendered":"Kierrety\u00f6kalusarja metrinen 40 osaa"},"content":{"rendered":"","protected":false},"excerpt":{"rendered":"<p>Keltin kierrety\u00f6kalusarja metrinen 40 osaa<\/p>\n<p>Sis\u00e4lt\u00e4\u00e4 metriset,kierrepakat ja kierretapit, M3 \u2013 M12 ja 1\/8NPT27.<\/p>\n<p>&nbsp;<\/p>\n<ul>\n<li>M3 x 0.5<\/li>\n<li>M3 x 0.6<\/li>\n<li>M4 x 0.7<\/li>\n<li>M4 x 0.75<\/li>\n<li>M5 x 0.8<\/li>\n<li>M5 x 0.9<\/li>\n<li>M6 x 0.75<\/li>\n<li>M6x1.0<\/li>\n<li>M7 x 0.75<\/li>\n<li>M7 x 1.0<\/li>\n<li>M8 x 1.0<\/li>\n<li>M8 x 1.25<\/li>\n<li>M10x1.25<\/li>\n<li>M10x1.5<\/li>\n<li>M12x1.5<\/li>\n<li>M12x1.75<\/li>\n<li>1\/8NPT27<\/li>\n<\/ul>\n","protected":false},"featured_media":19836,"template":"","meta":{"_acf_changed":false,"_seopress_robots_primary_cat":"","_seopress_titles_title":"","_seopress_titles_desc":"","_seopress_robots_index":""},"product_cat":[489,337],"product_tag":[],"class_list":{"0":"post-20073","1":"product","2":"type-product","3":"status-publish","4":"has-post-thumbnail","6":"product_cat-kierretyokalut","7":"product_cat-tyokalut","8":"product_shipping_class-tillbehor-790e","10":"first","11":"instock","12":"taxable","13":"shipping-taxable","14":"purchasable","15":"product-type-simple","swatches":"rey-swatches","show_selected":""},"acf":[],"_links":{"self":[{"href":"https:\/\/toolhouse.fi\/fi\/wp-json\/wp\/v2\/product\/20073","targetHints":{"allow":["GET"]}}],"collection":[{"href":"https:\/\/toolhouse.fi\/fi\/wp-json\/wp\/v2\/product"}],"about":[{"href":"https:\/\/toolhouse.fi\/fi\/wp-json\/wp\/v2\/types\/product"}],"version-history":[{"count":1,"href":"https:\/\/toolhouse.fi\/fi\/wp-json\/wp\/v2\/product\/20073\/revisions"}],"predecessor-version":[{"id":20103,"href":"https:\/\/toolhouse.fi\/fi\/wp-json\/wp\/v2\/product\/20073\/revisions\/20103"}],"wp:featuredmedia":[{"embeddable":true,"href":"https:\/\/toolhouse.fi\/fi\/wp-json\/wp\/v2\/media\/19836"}],"wp:attachment":[{"href":"https:\/\/toolhouse.fi\/fi\/wp-json\/wp\/v2\/media?parent=20073"}],"wp:term":[{"taxonomy":"product_cat","embeddable":true,"href":"https:\/\/toolhouse.fi\/fi\/wp-json\/wp\/v2\/product_cat?post=20073"},{"taxonomy":"product_tag","embeddable":true,"href":"https:\/\/toolhouse.fi\/fi\/wp-json\/wp\/v2\/product_tag?post=20073"}],"curies":[{"name":"wp","href":"https:\/\/api.w.org\/{rel}","templated":true}]}}