{"id":20110,"date":"2024-09-10T15:33:08","date_gmt":"2024-09-10T12:38:36","guid":{"rendered":"https:\/\/toolhouse.fi\/?post_type=product&#038;p=20110"},"modified":"2024-09-10T15:43:12","modified_gmt":"2024-09-10T12:43:12","slug":"reikatuurnasarja-2-22-mm-15-osaa","status":"publish","type":"product","link":"https:\/\/toolhouse.fi\/fi\/tuote\/reikatuurnasarja-2-22-mm-15-osaa\/","title":{"rendered":"Reik\u00e4tuurnasarja 2 &#8211; 22 mm 15 osaa"},"content":{"rendered":"","protected":false},"excerpt":{"rendered":"<p>Geko reik\u00e4tuurnasarja 2 &#8211; 22mm.<\/p>\n<p>&nbsp;<\/p>\n<p>Sis\u00e4lt\u00e4\u00e4 15 kpl reik\u00e4tapit koossa:<\/p>\n<p><span style=\"color: #333333;\">2 mm; 2.5mm; 3.2mm; 4mm; 4.8mm; 5.5mm; 6.4mm; 8mm; 9.5mm; 11.1mm; 12.7mm; 14mm; 15.8mm, 19mm; 22mm<\/span><\/p>\n<p><span style=\"color: #282828;\">Esim. tiivisteiden, kumin, nahan \u00a0ja muovin rei&#8217;itt\u00e4miseen.<\/span><\/p>\n","protected":false},"featured_media":19917,"template":"","meta":{"_acf_changed":false,"_seopress_robots_primary_cat":"","_seopress_titles_title":"","_seopress_titles_desc":"","_seopress_robots_index":""},"product_cat":[488,350,337],"product_tag":[],"class_list":{"0":"post-20110","1":"product","2":"type-product","3":"status-publish","4":"has-post-thumbnail","6":"product_cat-kasityokalut","7":"product_cat-muut","8":"product_cat-tyokalut","9":"product_shipping_class-tillbehor-790e","11":"first","12":"instock","13":"taxable","14":"shipping-taxable","15":"purchasable","16":"product-type-simple","swatches":"rey-swatches","show_selected":""},"acf":[],"_links":{"self":[{"href":"https:\/\/toolhouse.fi\/fi\/wp-json\/wp\/v2\/product\/20110","targetHints":{"allow":["GET"]}}],"collection":[{"href":"https:\/\/toolhouse.fi\/fi\/wp-json\/wp\/v2\/product"}],"about":[{"href":"https:\/\/toolhouse.fi\/fi\/wp-json\/wp\/v2\/types\/product"}],"version-history":[{"count":0,"href":"https:\/\/toolhouse.fi\/fi\/wp-json\/wp\/v2\/product\/20110\/revisions"}],"wp:featuredmedia":[{"embeddable":true,"href":"https:\/\/toolhouse.fi\/fi\/wp-json\/wp\/v2\/media\/19917"}],"wp:attachment":[{"href":"https:\/\/toolhouse.fi\/fi\/wp-json\/wp\/v2\/media?parent=20110"}],"wp:term":[{"taxonomy":"product_cat","embeddable":true,"href":"https:\/\/toolhouse.fi\/fi\/wp-json\/wp\/v2\/product_cat?post=20110"},{"taxonomy":"product_tag","embeddable":true,"href":"https:\/\/toolhouse.fi\/fi\/wp-json\/wp\/v2\/product_tag?post=20110"}],"curies":[{"name":"wp","href":"https:\/\/api.w.org\/{rel}","templated":true}]}}