{"id":20111,"date":"2024-09-10T15:33:08","date_gmt":"2024-09-10T12:38:36","guid":{"rendered":"https:\/\/toolhouse.fi\/?post_type=product&#038;p=20111"},"modified":"2024-09-10T15:43:12","modified_gmt":"2024-09-10T12:43:12","slug":"reikatuurnasarja-28-8mm-6-osaa","status":"publish","type":"product","link":"https:\/\/toolhouse.fi\/fi\/tuote\/reikatuurnasarja-28-8mm-6-osaa\/","title":{"rendered":"Reik\u00e4tuurnasarja 2,8 &#8211; 8mm 6 osaa"},"content":{"rendered":"","protected":false},"excerpt":{"rendered":"<p>Geko reik\u00e4tuurnasarja 2,8 \u2013 6mm.<\/p>\n<p>&nbsp;<\/p>\n<p>Sis\u00e4lt\u00e4\u00e4 6 kpl reik\u00e4tapit koossa:<\/p>\n<p><span style=\"color: #282828;\">2.8mm(1\/8&#8243;); 3.7mm(5\/32&#8243;); 4.6mm(3\/16&#8243;); 5.7mm(7\/32&#8243;); 7mm(1\/4&#8243;); 8mm(5\/16&#8243;).<\/span><\/p>\n<p>Esim. tiivisteiden, kumin, nahan \u00a0ja muovin rei\u2019itt\u00e4miseen.<\/p>\n","protected":false},"featured_media":19922,"template":"","meta":{"_acf_changed":false,"_seopress_robots_primary_cat":"","_seopress_titles_title":"","_seopress_titles_desc":"","_seopress_robots_index":""},"product_cat":[488,350,337],"product_tag":[],"class_list":{"0":"post-20111","1":"product","2":"type-product","3":"status-publish","4":"has-post-thumbnail","6":"product_cat-kasityokalut","7":"product_cat-muut","8":"product_cat-tyokalut","9":"product_shipping_class-tillbehor-490e","11":"first","12":"instock","13":"taxable","14":"shipping-taxable","15":"purchasable","16":"product-type-simple","swatches":"rey-swatches","show_selected":""},"acf":[],"_links":{"self":[{"href":"https:\/\/toolhouse.fi\/fi\/wp-json\/wp\/v2\/product\/20111","targetHints":{"allow":["GET"]}}],"collection":[{"href":"https:\/\/toolhouse.fi\/fi\/wp-json\/wp\/v2\/product"}],"about":[{"href":"https:\/\/toolhouse.fi\/fi\/wp-json\/wp\/v2\/types\/product"}],"version-history":[{"count":1,"href":"https:\/\/toolhouse.fi\/fi\/wp-json\/wp\/v2\/product\/20111\/revisions"}],"predecessor-version":[{"id":20115,"href":"https:\/\/toolhouse.fi\/fi\/wp-json\/wp\/v2\/product\/20111\/revisions\/20115"}],"wp:featuredmedia":[{"embeddable":true,"href":"https:\/\/toolhouse.fi\/fi\/wp-json\/wp\/v2\/media\/19922"}],"wp:attachment":[{"href":"https:\/\/toolhouse.fi\/fi\/wp-json\/wp\/v2\/media?parent=20111"}],"wp:term":[{"taxonomy":"product_cat","embeddable":true,"href":"https:\/\/toolhouse.fi\/fi\/wp-json\/wp\/v2\/product_cat?post=20111"},{"taxonomy":"product_tag","embeddable":true,"href":"https:\/\/toolhouse.fi\/fi\/wp-json\/wp\/v2\/product_tag?post=20111"}],"curies":[{"name":"wp","href":"https:\/\/api.w.org\/{rel}","templated":true}]}}