{"id":20287,"date":"2024-09-27T11:34:19","date_gmt":"2024-09-27T08:35:48","guid":{"rendered":"https:\/\/toolhouse.fi\/?post_type=product&#038;p=20287"},"modified":"2025-08-07T08:41:58","modified_gmt":"2025-08-07T05:41:58","slug":"sisarengaspaikka-40mm-25kpl","status":"publish","type":"product","link":"https:\/\/toolhouse.fi\/fi\/tuote\/sisarengaspaikka-40mm-25kpl\/","title":{"rendered":"Sis\u00e4rengaspaikka 40mm 25kpl"},"content":{"rendered":"","protected":false},"excerpt":{"rendered":"<p>Redats sis\u00e4rengas-paikka.<\/p>\n<p>K\u00e4ytet\u00e4\u00e4n\u00a0<a href=\"https:\/\/toolhouse.fi\/fi\/tuote\/x-tra-seal-237ml\/\">X-tra Seal vulkanointiliiman<\/a>\u00a0kanssa.<\/p>\n<ul>\n<li>Koko: 40 mm<\/li>\n<li>Pakkauskoko: 25 kpl<\/li>\n<\/ul>\n","protected":false},"featured_media":20285,"template":"","meta":{"_acf_changed":false,"_seopress_robots_primary_cat":"","_seopress_titles_title":"","_seopress_titles_desc":"","_seopress_robots_index":""},"product_cat":[162],"product_tag":[],"class_list":{"0":"post-20287","1":"product","2":"type-product","3":"status-publish","4":"has-post-thumbnail","6":"product_cat-renkaan-paikkaus","8":"first","9":"instock","10":"taxable","11":"shipping-taxable","12":"purchasable","13":"product-type-simple","swatches":"rey-swatches","show_selected":""},"acf":[],"_links":{"self":[{"href":"https:\/\/toolhouse.fi\/fi\/wp-json\/wp\/v2\/product\/20287","targetHints":{"allow":["GET"]}}],"collection":[{"href":"https:\/\/toolhouse.fi\/fi\/wp-json\/wp\/v2\/product"}],"about":[{"href":"https:\/\/toolhouse.fi\/fi\/wp-json\/wp\/v2\/types\/product"}],"version-history":[{"count":1,"href":"https:\/\/toolhouse.fi\/fi\/wp-json\/wp\/v2\/product\/20287\/revisions"}],"predecessor-version":[{"id":20288,"href":"https:\/\/toolhouse.fi\/fi\/wp-json\/wp\/v2\/product\/20287\/revisions\/20288"}],"wp:featuredmedia":[{"embeddable":true,"href":"https:\/\/toolhouse.fi\/fi\/wp-json\/wp\/v2\/media\/20285"}],"wp:attachment":[{"href":"https:\/\/toolhouse.fi\/fi\/wp-json\/wp\/v2\/media?parent=20287"}],"wp:term":[{"taxonomy":"product_cat","embeddable":true,"href":"https:\/\/toolhouse.fi\/fi\/wp-json\/wp\/v2\/product_cat?post=20287"},{"taxonomy":"product_tag","embeddable":true,"href":"https:\/\/toolhouse.fi\/fi\/wp-json\/wp\/v2\/product_tag?post=20287"}],"curies":[{"name":"wp","href":"https:\/\/api.w.org\/{rel}","templated":true}]}}