{"id":20335,"date":"2024-10-02T14:35:03","date_gmt":"2024-10-02T11:35:03","guid":{"rendered":"https:\/\/toolhouse.fi\/?post_type=product&#038;p=20335"},"modified":"2025-10-23T02:17:04","modified_gmt":"2025-10-22T23:17:04","slug":"pistehitsipora-6-5mm-8mm-10mm","status":"publish","type":"product","link":"https:\/\/toolhouse.fi\/fi\/tuote\/pistehitsipora-6-5mm-8mm-10mm\/","title":{"rendered":"Pistehitsipora 6.5mm 8mm 10mm"},"content":{"rendered":"","protected":false},"excerpt":{"rendered":"<p>Geko pistehitsiporasarja HSS-Co<\/p>\n<p>&nbsp;<\/p>\n<ul>\n<li>Sis\u00e4lt\u00e4\u00e4 porat: 6.5 mm, 8.0 mm ja 10.0 mm.<\/li>\n<li>Pituus: 46 mm<\/li>\n<li>Materiaali: HSS-Co (koboltti).<\/li>\n<li>Valmistaja: Geko<\/li>\n<\/ul>\n","protected":false},"featured_media":20331,"template":"","meta":{"_acf_changed":false,"_seopress_robots_primary_cat":"","_seopress_titles_title":"","_seopress_titles_desc":"","_seopress_robots_index":""},"product_cat":[339,467,483,350],"product_tag":[],"class_list":{"0":"post-20335","1":"product","2":"type-product","3":"status-publish","4":"has-post-thumbnail","6":"product_cat-autotyokalut","7":"product_cat-hitsaustarvikkeet","8":"product_cat-korityokalut","9":"product_cat-muut","11":"first","12":"instock","13":"taxable","14":"shipping-taxable","15":"purchasable","16":"product-type-simple","swatches":"rey-swatches","show_selected":""},"acf":[],"_links":{"self":[{"href":"https:\/\/toolhouse.fi\/fi\/wp-json\/wp\/v2\/product\/20335","targetHints":{"allow":["GET"]}}],"collection":[{"href":"https:\/\/toolhouse.fi\/fi\/wp-json\/wp\/v2\/product"}],"about":[{"href":"https:\/\/toolhouse.fi\/fi\/wp-json\/wp\/v2\/types\/product"}],"version-history":[{"count":1,"href":"https:\/\/toolhouse.fi\/fi\/wp-json\/wp\/v2\/product\/20335\/revisions"}],"predecessor-version":[{"id":20336,"href":"https:\/\/toolhouse.fi\/fi\/wp-json\/wp\/v2\/product\/20335\/revisions\/20336"}],"wp:featuredmedia":[{"embeddable":true,"href":"https:\/\/toolhouse.fi\/fi\/wp-json\/wp\/v2\/media\/20331"}],"wp:attachment":[{"href":"https:\/\/toolhouse.fi\/fi\/wp-json\/wp\/v2\/media?parent=20335"}],"wp:term":[{"taxonomy":"product_cat","embeddable":true,"href":"https:\/\/toolhouse.fi\/fi\/wp-json\/wp\/v2\/product_cat?post=20335"},{"taxonomy":"product_tag","embeddable":true,"href":"https:\/\/toolhouse.fi\/fi\/wp-json\/wp\/v2\/product_tag?post=20335"}],"curies":[{"name":"wp","href":"https:\/\/api.w.org\/{rel}","templated":true}]}}