{"id":20603,"date":"2024-10-17T15:13:22","date_gmt":"2024-10-17T12:14:57","guid":{"rendered":"https:\/\/toolhouse.fi\/?post_type=product&#038;p=20603"},"modified":"2025-06-24T23:17:24","modified_gmt":"2025-06-24T20:17:24","slug":"metalliporanterasarja-1-10mm-hss","status":"publish","type":"product","link":"https:\/\/toolhouse.fi\/fi\/tuote\/metalliporanterasarja-1-10mm-hss\/","title":{"rendered":"Metalliporanter\u00e4sarja 1 -10mm HSS"},"content":{"rendered":"","protected":false},"excerpt":{"rendered":"<p class=\"product-detail-stage__headline\">HSS metalliporanter\u00e4sarja 1-10mm.<\/p>\n<p>Sarja sis\u00e4lt\u00e4\u00e4 19 kpl poranter\u00e4t1 \u2013 10mm.<\/p>\n<ul>\n<li>Materiaali: Hss<\/li>\n<li>Ter\u00e4t [mm]:\u00a0<strong>1.0 mm; 1.5 mm, 2.0 mm, 2.5 mm, 3.0 mm, 3.5 mm, 4.0 mm, 4.5 mm, 5.0 mm, 5.5 mm, 6.0 mm, 6.5 mm, 7.0 mm, 7.5 mm, 8.0 mm, 8.5 mm, 9.0 mm, 9.5 mm, 10.0 mm<\/strong>.<\/li>\n<li>Valmistaja: Geko profi<\/li>\n<\/ul>\n","protected":false},"featured_media":20600,"template":"","meta":{"_acf_changed":false,"_seopress_robots_primary_cat":"","_seopress_titles_title":"","_seopress_titles_desc":"","_seopress_robots_index":""},"product_cat":[473,258],"product_tag":[],"class_list":{"0":"post-20603","1":"product","2":"type-product","3":"status-publish","4":"has-post-thumbnail","6":"product_cat-metallityon-tarvikkeet","7":"product_cat-pylvasporakoneet","9":"first","10":"instock","11":"taxable","12":"shipping-taxable","13":"purchasable","14":"product-type-simple","swatches":"rey-swatches","show_selected":""},"acf":[],"_links":{"self":[{"href":"https:\/\/toolhouse.fi\/fi\/wp-json\/wp\/v2\/product\/20603","targetHints":{"allow":["GET"]}}],"collection":[{"href":"https:\/\/toolhouse.fi\/fi\/wp-json\/wp\/v2\/product"}],"about":[{"href":"https:\/\/toolhouse.fi\/fi\/wp-json\/wp\/v2\/types\/product"}],"version-history":[{"count":1,"href":"https:\/\/toolhouse.fi\/fi\/wp-json\/wp\/v2\/product\/20603\/revisions"}],"predecessor-version":[{"id":20604,"href":"https:\/\/toolhouse.fi\/fi\/wp-json\/wp\/v2\/product\/20603\/revisions\/20604"}],"wp:featuredmedia":[{"embeddable":true,"href":"https:\/\/toolhouse.fi\/fi\/wp-json\/wp\/v2\/media\/20600"}],"wp:attachment":[{"href":"https:\/\/toolhouse.fi\/fi\/wp-json\/wp\/v2\/media?parent=20603"}],"wp:term":[{"taxonomy":"product_cat","embeddable":true,"href":"https:\/\/toolhouse.fi\/fi\/wp-json\/wp\/v2\/product_cat?post=20603"},{"taxonomy":"product_tag","embeddable":true,"href":"https:\/\/toolhouse.fi\/fi\/wp-json\/wp\/v2\/product_tag?post=20603"}],"curies":[{"name":"wp","href":"https:\/\/api.w.org\/{rel}","templated":true}]}}