{"id":21055,"date":"2024-10-30T17:00:44","date_gmt":"2024-10-30T15:00:44","guid":{"rendered":"https:\/\/toolhouse.fi\/?post_type=product&#038;p=21055"},"modified":"2026-02-24T15:15:58","modified_gmt":"2026-02-24T13:15:58","slug":"hydrauliprassin-rakennussarja-20-ton","status":"publish","type":"product","link":"https:\/\/toolhouse.fi\/fi\/tuote\/hydrauliprassin-rakennussarja-20-ton\/","title":{"rendered":"Hydraulipr\u00e4ssin rakennussarja 20 Ton"},"content":{"rendered":"","protected":false},"excerpt":{"rendered":"<p>&nbsp;<\/p>\n<p>Sarja sis\u00e4lt\u00e4\u00e4:<\/p>\n<ul>\n<li>Sylinteri, mutterit ja pikaliitin.<\/li>\n<li class=\"LC20lb MBeuO DKV0Md\">Hydrauliikkaletku pikaliittimill\u00e4<\/li>\n<li>2-vaiheinen hydraulipumppu (nopea ja tarkka asetus)<\/li>\n<li>Painemittari ja tiiviste<\/li>\n<\/ul>\n<p>&nbsp;<\/p>\n<p>Sylinterin ulkohalkaisija: 69 mm<\/p>\n<p>Sylinterin ja pumpun v\u00e4ri: musta<\/p>\n<p>Valmistaja: Geko<\/p>\n","protected":false},"featured_media":21059,"template":"","meta":{"_acf_changed":false,"_seopress_robots_primary_cat":"none","_seopress_titles_title":"","_seopress_titles_desc":"","_seopress_robots_index":""},"product_cat":[138,462],"product_tag":[],"class_list":{"0":"post-21055","1":"product","2":"type-product","3":"status-publish","4":"has-post-thumbnail","6":"product_cat-hydrauliprassit","7":"product_cat-varaosat-ja-tarvikkeet-hydrauliprassit","8":"product_shipping_class-tillbehor-790e","10":"first","11":"instock","12":"sale","13":"taxable","14":"shipping-taxable","15":"purchasable","16":"product-type-simple","swatches":"rey-swatches","show_selected":""},"acf":[],"_links":{"self":[{"href":"https:\/\/toolhouse.fi\/fi\/wp-json\/wp\/v2\/product\/21055","targetHints":{"allow":["GET"]}}],"collection":[{"href":"https:\/\/toolhouse.fi\/fi\/wp-json\/wp\/v2\/product"}],"about":[{"href":"https:\/\/toolhouse.fi\/fi\/wp-json\/wp\/v2\/types\/product"}],"version-history":[{"count":2,"href":"https:\/\/toolhouse.fi\/fi\/wp-json\/wp\/v2\/product\/21055\/revisions"}],"predecessor-version":[{"id":29285,"href":"https:\/\/toolhouse.fi\/fi\/wp-json\/wp\/v2\/product\/21055\/revisions\/29285"}],"wp:featuredmedia":[{"embeddable":true,"href":"https:\/\/toolhouse.fi\/fi\/wp-json\/wp\/v2\/media\/21059"}],"wp:attachment":[{"href":"https:\/\/toolhouse.fi\/fi\/wp-json\/wp\/v2\/media?parent=21055"}],"wp:term":[{"taxonomy":"product_cat","embeddable":true,"href":"https:\/\/toolhouse.fi\/fi\/wp-json\/wp\/v2\/product_cat?post=21055"},{"taxonomy":"product_tag","embeddable":true,"href":"https:\/\/toolhouse.fi\/fi\/wp-json\/wp\/v2\/product_tag?post=21055"}],"curies":[{"name":"wp","href":"https:\/\/api.w.org\/{rel}","templated":true}]}}