{"id":21064,"date":"2024-10-30T17:28:31","date_gmt":"2024-10-30T15:28:31","guid":{"rendered":"https:\/\/toolhouse.fi\/?post_type=product&#038;p=21064"},"modified":"2026-03-22T10:34:09","modified_gmt":"2026-03-22T08:34:09","slug":"hydrauliprassin-rakennussarja-50t","status":"publish","type":"product","link":"https:\/\/toolhouse.fi\/fi\/tuote\/hydrauliprassin-rakennussarja-50t\/","title":{"rendered":"Hydraulipr\u00e4ssin rakennussarja 50T"},"content":{"rendered":"","protected":false},"excerpt":{"rendered":"<p>T\u00e4ydellinen sarja 50 tonnin hydraulipuristimeen.<\/p>\n<p>Sarja sis\u00e4lt\u00e4\u00e4:<\/p>\n<ul>\n<li>Hydraulisylinteri ja jouset.<\/li>\n<li>2-vaiheinen hydraulipumppu (nopea ja tarkka asetus)<\/li>\n<li>Hydrauliletku.<\/li>\n<li>Painemittari, joka sopii suoraan sylinteriin.<\/li>\n<li>Pumpun ja sylinterin v\u00e4ri: musta.<\/li>\n<\/ul>\n<p>Tekniset tiedot:<\/p>\n<ul>\n<li>Maksimipaine: 50T<\/li>\n<li>Pumppu (tyyppi): kaksivaiheinen (nopea ja hidas)<\/li>\n<li>M\u00e4nn\u00e4nvarren halkaisija: 48 mm<\/li>\n<li>M\u00e4nn\u00e4n halkaisija: 90 mm<\/li>\n<li>Iskunpituus: 150 mm<\/li>\n<li>Sylinterin ulkohalkaisija: 108 mm<\/li>\n<li>Hydrauliletkun pituus: 1200 mm<\/li>\n<li>Valmistaja: Geko<\/li>\n<\/ul>\n","protected":false},"featured_media":21068,"template":"","meta":{"_acf_changed":false,"_seopress_robots_primary_cat":"none","_seopress_titles_title":"","_seopress_titles_desc":"","_seopress_robots_index":""},"product_cat":[138,462],"product_tag":[],"class_list":{"0":"post-21064","1":"product","2":"type-product","3":"status-publish","4":"has-post-thumbnail","6":"product_cat-hydrauliprassit","7":"product_cat-varaosat-ja-tarvikkeet-hydrauliprassit","8":"product_shipping_class-tillbehor-790e","10":"first","11":"outofstock","12":"taxable","13":"shipping-taxable","14":"purchasable","15":"product-type-simple","swatches":"rey-swatches","show_selected":""},"acf":[],"_links":{"self":[{"href":"https:\/\/toolhouse.fi\/fi\/wp-json\/wp\/v2\/product\/21064","targetHints":{"allow":["GET"]}}],"collection":[{"href":"https:\/\/toolhouse.fi\/fi\/wp-json\/wp\/v2\/product"}],"about":[{"href":"https:\/\/toolhouse.fi\/fi\/wp-json\/wp\/v2\/types\/product"}],"version-history":[{"count":2,"href":"https:\/\/toolhouse.fi\/fi\/wp-json\/wp\/v2\/product\/21064\/revisions"}],"predecessor-version":[{"id":21187,"href":"https:\/\/toolhouse.fi\/fi\/wp-json\/wp\/v2\/product\/21064\/revisions\/21187"}],"wp:featuredmedia":[{"embeddable":true,"href":"https:\/\/toolhouse.fi\/fi\/wp-json\/wp\/v2\/media\/21068"}],"wp:attachment":[{"href":"https:\/\/toolhouse.fi\/fi\/wp-json\/wp\/v2\/media?parent=21064"}],"wp:term":[{"taxonomy":"product_cat","embeddable":true,"href":"https:\/\/toolhouse.fi\/fi\/wp-json\/wp\/v2\/product_cat?post=21064"},{"taxonomy":"product_tag","embeddable":true,"href":"https:\/\/toolhouse.fi\/fi\/wp-json\/wp\/v2\/product_tag?post=21064"}],"curies":[{"name":"wp","href":"https:\/\/api.w.org\/{rel}","templated":true}]}}