{"id":21210,"date":"2024-10-31T18:27:18","date_gmt":"2024-10-31T16:27:18","guid":{"rendered":"https:\/\/toolhouse.fi\/?post_type=product&#038;p=21210"},"modified":"2026-01-28T17:37:08","modified_gmt":"2026-01-28T15:37:08","slug":"akkulaturi-6-12v-10a","status":"publish","type":"product","link":"https:\/\/toolhouse.fi\/fi\/tuote\/akkulaturi-6-12v-10a\/","title":{"rendered":"Akkulaturi 6\/12V 10A"},"content":{"rendered":"","protected":false},"excerpt":{"rendered":"<p>Automaattinen \u00e4lylaturi, suunniteltu lataamaan AGM-, GEL-, lyijyakkuja (6V\/12V) sek\u00e4 LiFePO4-akkuja (vain 12V) joiden kapasiteetti on 4 Ah &#8211; 200 Ah.<\/p>\n<p>Laitteessa on selke\u00e4 LCD-n\u00e4ytt\u00f6 ja sis\u00e4\u00e4nrakennettu volttimittari. Laturi on tarkoitettu akkuihin, joita k\u00e4ytet\u00e4\u00e4n autoissa, moottoripy\u00f6riss\u00e4, mopoissa, vesiskoottereissa, veneiss\u00e4 ym.<\/p>\n<p>Automaattinen lataus: t\u00e4yteen latauksen j\u00e4lkeen siirtyy yll\u00e4pitotilaan. Akku on suojattu purkautumiselta ja valmiina k\u00e4ytt\u00f6\u00f6n milloin tahansa.<\/p>\n<p>Tuotteen ominaisuudet:<\/p>\n<ul>\n<li>Korkealaatuinen viimeistely<\/li>\n<li>Soveltuu 6V ja 12V akuille<\/li>\n<li>Tukee akkuja kapasiteetilla 4 Ah &#8211; 200 Ah<\/li>\n<li>Latausvirta: 10A<\/li>\n<li>6 toimintatilaa: 12V lyijyakku, AGM-akku, 12V geeliakku, 12V LiFePO4, 6V lyijyakku, 12V virtal\u00e4hdetila<\/li>\n<li>Automaattinen lataustila: hyvin alhaisella j\u00e4nnitteell\u00e4 k\u00e4ynnist\u00e4\u00e4 pulssoidun latauksen pienell\u00e4 virralla, mik\u00e4 mahdollistaa turvallisen latauksen ja lyijyakkujen levyjen puhdistamisen. Kun oikea lataustaso saavutetaan, laite siirtyy nopeaan lataustilaan.<\/li>\n<\/ul>\n<p>Tekniset tiedot:<\/p>\n<ul>\n<li>Virtal\u00e4hde: 230V \/ 50Hz<\/li>\n<li>Maksimilatausvirta: 10A<\/li>\n<li>Tuettu akkukapasiteetti: 4-200 Ah<\/li>\n<li>Tuetut akut: Lyijyakku \/ AGM \/ Geeli \/ LiFePO4<\/li>\n<li>Suojaluokka: IP65 (vedenkest\u00e4v\u00e4)<\/li>\n<li>Virtajohdon pituus: 160 cm<\/li>\n<li>Kaapelin pituus -\/+ : 170 cm<\/li>\n<li>Valmistaja: Geko<\/li>\n<\/ul>\n","protected":false},"featured_media":21204,"template":"","meta":{"_acf_changed":false,"_seopress_robots_primary_cat":"","_seopress_titles_title":"","_seopress_titles_desc":"","_seopress_robots_index":""},"product_cat":[343,40],"product_tag":[],"class_list":{"0":"post-21210","1":"product","2":"type-product","3":"status-publish","4":"has-post-thumbnail","6":"product_cat-akkulaturit","7":"product_cat-korjaamolaitteet","9":"first","10":"outofstock","11":"taxable","12":"shipping-taxable","13":"purchasable","14":"product-type-simple","swatches":"rey-swatches","show_selected":""},"acf":[],"_links":{"self":[{"href":"https:\/\/toolhouse.fi\/fi\/wp-json\/wp\/v2\/product\/21210","targetHints":{"allow":["GET"]}}],"collection":[{"href":"https:\/\/toolhouse.fi\/fi\/wp-json\/wp\/v2\/product"}],"about":[{"href":"https:\/\/toolhouse.fi\/fi\/wp-json\/wp\/v2\/types\/product"}],"version-history":[{"count":0,"href":"https:\/\/toolhouse.fi\/fi\/wp-json\/wp\/v2\/product\/21210\/revisions"}],"wp:featuredmedia":[{"embeddable":true,"href":"https:\/\/toolhouse.fi\/fi\/wp-json\/wp\/v2\/media\/21204"}],"wp:attachment":[{"href":"https:\/\/toolhouse.fi\/fi\/wp-json\/wp\/v2\/media?parent=21210"}],"wp:term":[{"taxonomy":"product_cat","embeddable":true,"href":"https:\/\/toolhouse.fi\/fi\/wp-json\/wp\/v2\/product_cat?post=21210"},{"taxonomy":"product_tag","embeddable":true,"href":"https:\/\/toolhouse.fi\/fi\/wp-json\/wp\/v2\/product_tag?post=21210"}],"curies":[{"name":"wp","href":"https:\/\/api.w.org\/{rel}","templated":true}]}}