{"id":21239,"date":"2024-11-01T16:42:03","date_gmt":"2024-11-01T14:42:03","guid":{"rendered":"https:\/\/toolhouse.fi\/?post_type=product&#038;p=21239"},"modified":"2026-03-28T16:06:24","modified_gmt":"2026-03-28T14:06:24","slug":"kuulalaakerin-ulosvetaja","status":"publish","type":"product","link":"https:\/\/toolhouse.fi\/fi\/tuote\/kuulalaakerin-ulosvetaja\/","title":{"rendered":"Kuulalaakerin ulosvet\u00e4j\u00e4"},"content":{"rendered":"","protected":false},"excerpt":{"rendered":"<div class=\"flex max-w-full flex-col flex-grow\">\n<div class=\"min-h-8 text-message flex w-full flex-col items-end gap-2 whitespace-normal break-words [.text-message+&amp;]:mt-5\" dir=\"auto\" data-message-author-role=\"assistant\" data-message-id=\"846b3e25-4300-461c-81ca-bfc23970d62a\" data-message-model-slug=\"gpt-4o\">\n<div class=\"flex w-full flex-col gap-1 empty:hidden first:pt-[3px]\">\n<div class=\"markdown prose w-full break-words dark:prose-invert light\">\n<p>Sis\u00e4puolinen laakerin ulosvedin, erityisesti suunniteltu upotettujen kuulalaakereiden irrottamiseen.<\/p>\n<p>Kuulap\u00e4iset k\u00e4rjet tarttuvat suoraan laakerin sis\u00e4pintaan, mik\u00e4 mahdollistaa eritt\u00e4in korkean vetovoiman.<\/p>\n<p>Vaihdettavat kuulap\u00e4iset k\u00e4rjet kuudessa eri koossa: 6 mm, 7,2 mm, 8,5 mm, 10,7 mm, 11,6 mm ja 14,8 mm<br \/>\nVoidaan k\u00e4ytt\u00e4\u00e4 2- tai 3-jalkaisena<br \/>\nMinimi vetoleveys: 43 mm<br \/>\nMaksimi vetoleveys: 103 mm<br \/>\nVetosyvyys : 170 mm<br \/>\nValmistaja: Geko<\/p>\n<\/div>\n<\/div>\n<\/div>\n<\/div>\n","protected":false},"featured_media":21228,"template":"","meta":{"_acf_changed":false,"_seopress_robots_primary_cat":"","_seopress_titles_title":"","_seopress_titles_desc":"","_seopress_robots_index":""},"product_cat":[337,40,486],"product_tag":[],"class_list":{"0":"post-21239","1":"product","2":"type-product","3":"status-publish","4":"has-post-thumbnail","6":"product_cat-tyokalut","7":"product_cat-korjaamolaitteet","8":"product_cat-ulosvetajat","10":"first","11":"instock","12":"taxable","13":"shipping-taxable","14":"purchasable","15":"product-type-simple","swatches":"rey-swatches","show_selected":""},"acf":[],"_links":{"self":[{"href":"https:\/\/toolhouse.fi\/fi\/wp-json\/wp\/v2\/product\/21239","targetHints":{"allow":["GET"]}}],"collection":[{"href":"https:\/\/toolhouse.fi\/fi\/wp-json\/wp\/v2\/product"}],"about":[{"href":"https:\/\/toolhouse.fi\/fi\/wp-json\/wp\/v2\/types\/product"}],"version-history":[{"count":1,"href":"https:\/\/toolhouse.fi\/fi\/wp-json\/wp\/v2\/product\/21239\/revisions"}],"predecessor-version":[{"id":21242,"href":"https:\/\/toolhouse.fi\/fi\/wp-json\/wp\/v2\/product\/21239\/revisions\/21242"}],"wp:featuredmedia":[{"embeddable":true,"href":"https:\/\/toolhouse.fi\/fi\/wp-json\/wp\/v2\/media\/21228"}],"wp:attachment":[{"href":"https:\/\/toolhouse.fi\/fi\/wp-json\/wp\/v2\/media?parent=21239"}],"wp:term":[{"taxonomy":"product_cat","embeddable":true,"href":"https:\/\/toolhouse.fi\/fi\/wp-json\/wp\/v2\/product_cat?post=21239"},{"taxonomy":"product_tag","embeddable":true,"href":"https:\/\/toolhouse.fi\/fi\/wp-json\/wp\/v2\/product_tag?post=21239"}],"curies":[{"name":"wp","href":"https:\/\/api.w.org\/{rel}","templated":true}]}}