{"id":21272,"date":"2024-11-03T14:35:31","date_gmt":"2024-11-03T12:35:31","guid":{"rendered":"https:\/\/toolhouse.fi\/?post_type=product&#038;p=21272"},"modified":"2026-03-28T18:28:31","modified_gmt":"2026-03-28T16:28:31","slug":"laakerinulosvedinsarja-sisapuolinen-10-32mm","status":"publish","type":"product","link":"https:\/\/toolhouse.fi\/fi\/tuote\/laakerinulosvedinsarja-sisapuolinen-10-32mm\/","title":{"rendered":"Laakerinulosvedinsarja sis\u00e4puolinen 10-32mm"},"content":{"rendered":"","protected":false},"excerpt":{"rendered":"<p>Sis\u00e4puolinen laakerinulosvet\u00e4j\u00e4sarja on tarkoitettu vet\u00e4m\u00e4\u00e4n esim. laakerit ja puslat ulos laakeripes\u00e4st\u00e4.<\/p>\n<p>Kiert\u00e4m\u00e4ll\u00e4 adapteria my\u00f6t\u00e4p\u00e4iv\u00e4\u00e4n laakerin sis\u00e4puolinen ulosvedin laajenee laakerin sis\u00e4reunaan tiukasti kiinni, mik\u00e4 j\u00e4lkeen laakeri on helppo vet\u00e4\u00e4 pois laakeripes\u00e4st\u00e4 liukuvasaralla.<\/p>\n<p>&nbsp;<\/p>\n<p><strong>Sarja sis\u00e4lt\u00e4\u00e4:<\/strong><\/p>\n<ul>\n<li>Liukuvasara: pituus 360 mm, paino 1,4kg, kierre M14x2.<\/li>\n<\/ul>\n<p><strong>4 kpl levi\u00e4vi\u00e4 adapterit:<\/strong><\/p>\n<ul>\n<li>10-14 mm<\/li>\n<li>15-19 mm<\/li>\n<li>18-25 mm<\/li>\n<li>25-32 mm<\/li>\n<\/ul>\n<p>Valmistaja: Geko<\/p>\n<p>&nbsp;<\/p>\n","protected":false},"featured_media":21275,"template":"","meta":{"_acf_changed":false,"_seopress_robots_primary_cat":"none","_seopress_titles_title":"","_seopress_titles_desc":"","_seopress_robots_index":"","_seopress_analysis_target_kw":""},"product_cat":[337,40,486],"product_tag":[],"class_list":{"0":"post-21272","1":"product","2":"type-product","3":"status-publish","4":"has-post-thumbnail","6":"product_cat-tyokalut","7":"product_cat-korjaamolaitteet","8":"product_cat-ulosvetajat","10":"first","11":"instock","12":"taxable","13":"shipping-taxable","14":"purchasable","15":"product-type-simple","swatches":"rey-swatches","show_selected":""},"acf":[],"_links":{"self":[{"href":"https:\/\/toolhouse.fi\/fi\/wp-json\/wp\/v2\/product\/21272","targetHints":{"allow":["GET"]}}],"collection":[{"href":"https:\/\/toolhouse.fi\/fi\/wp-json\/wp\/v2\/product"}],"about":[{"href":"https:\/\/toolhouse.fi\/fi\/wp-json\/wp\/v2\/types\/product"}],"version-history":[{"count":0,"href":"https:\/\/toolhouse.fi\/fi\/wp-json\/wp\/v2\/product\/21272\/revisions"}],"wp:featuredmedia":[{"embeddable":true,"href":"https:\/\/toolhouse.fi\/fi\/wp-json\/wp\/v2\/media\/21275"}],"wp:attachment":[{"href":"https:\/\/toolhouse.fi\/fi\/wp-json\/wp\/v2\/media?parent=21272"}],"wp:term":[{"taxonomy":"product_cat","embeddable":true,"href":"https:\/\/toolhouse.fi\/fi\/wp-json\/wp\/v2\/product_cat?post=21272"},{"taxonomy":"product_tag","embeddable":true,"href":"https:\/\/toolhouse.fi\/fi\/wp-json\/wp\/v2\/product_tag?post=21272"}],"curies":[{"name":"wp","href":"https:\/\/api.w.org\/{rel}","templated":true}]}}