{"id":2137,"date":"2020-12-16T16:55:46","date_gmt":"2020-12-16T14:55:46","guid":{"rendered":"https:\/\/toolhouse.fi\/produkt\/pylvasporakone-cormak-25\/"},"modified":"2026-03-29T17:43:21","modified_gmt":"2026-03-29T14:43:21","slug":"pylvasporakone-cormak-25","status":"publish","type":"product","link":"https:\/\/toolhouse.fi\/fi\/tuote\/pylvasporakone-cormak-25\/","title":{"rendered":"Pylv\u00e4sporakone Cormak 25."},"content":{"rendered":"<table border=\"1\" width=\"500\" cellspacing=\"0\" cellpadding=\"0\">\n<tbody>\n<tr>\n<td>Porausteho<\/td>\n<td>\n<p align=\"center\"><strong>25 mm<\/strong><\/p>\n<\/td>\n<\/tr>\n<tr>\n<td>Poraistukan koko<\/td>\n<td>\n<p align=\"center\"><strong>16 mm<\/strong><\/p>\n<\/td>\n<\/tr>\n<tr>\n<td>Morsekartio<\/td>\n<td>\n<p align=\"center\"><strong>MK3<\/strong><\/p>\n<\/td>\n<\/tr>\n<tr>\n<td>Et\u00e4isyys karasta pylv\u00e4\u00e4seen<\/td>\n<td>\n<p align=\"center\"><strong>216 mm<\/strong><\/p>\n<\/td>\n<\/tr>\n<tr>\n<td>Karan liike<\/td>\n<td>\n<p align=\"center\"><strong>80 mm<\/strong><\/p>\n<\/td>\n<\/tr>\n<tr>\n<td>Et\u00e4isyys karasta jalustaan<\/td>\n<td>\n<p align=\"center\"><strong>540 mm<\/strong><\/p>\n<\/td>\n<\/tr>\n<tr>\n<td>J\u00e4nnite<\/td>\n<td>\n<p align=\"center\"><strong>3-vaihe 400v<\/strong><\/p>\n<\/td>\n<\/tr>\n<tr>\n<td>Et\u00e4isyys karasta jalustaan<\/td>\n<td>\n<p align=\"center\"><strong>1135 mm<\/strong><\/p>\n<\/td>\n<\/tr>\n<tr>\n<td>P\u00f6yd\u00e4n koko<\/td>\n<td>\n<p align=\"center\"><b>355\u00d7355 mm<\/b><\/p>\n<\/td>\n<\/tr>\n<tr>\n<td>Pylv\u00e4\u00e4n halkaisija<\/td>\n<td>\n<p align=\"center\"><strong>92 mm<\/strong><\/p>\n<\/td>\n<\/tr>\n<tr>\n<td>Moottoriteho<\/td>\n<td>\n<p align=\"center\"><strong>1.1 \/ 1,5 kW<\/strong><\/p>\n<\/td>\n<\/tr>\n<tr>\n<td>Mitat<\/td>\n<td>\n<p align=\"center\"><b>1635\u00d7642\u00d7356mm<\/b><\/p>\n<\/td>\n<\/tr>\n<tr>\n<td>Paino<\/td>\n<td>\n<p align=\"center\"><strong>88 kg<\/strong><\/p>\n<\/td>\n<\/tr>\n<\/tbody>\n<\/table>\n<h3><\/h3>\n<h3><\/h3>\n<table border=\"1\" width=\"525\">\n<tbody>\n<tr>\n<td>Moottorin nopeus<\/td>\n<td colspan=\"17\">Kierosluvut(min-1)<\/td>\n<\/tr>\n<tr>\n<td>1400 min-1<\/td>\n<td><strong>160<\/strong><\/td>\n<td><strong>240<\/strong><\/td>\n<td><strong>290<\/strong><\/td>\n<td><strong>350<\/strong><\/td>\n<td><strong>410<\/strong><\/td>\n<td><strong>480<\/strong><\/td>\n<td><strong>530<\/strong><\/td>\n<td><strong>590<\/strong><\/td>\n<td><strong>660<\/strong><\/td>\n<td><strong>720<\/strong><\/td>\n<td><strong>1190<\/strong><\/td>\n<td><strong>1350<\/strong><\/td>\n<td><strong>1510<\/strong><\/td>\n<td><strong>1970<\/strong><\/td>\n<td><strong>2100<\/strong><\/td>\n<td><strong>3000<\/strong><\/td>\n<\/tr>\n<tr>\n<td>700 min-1<\/td>\n<td><strong>80<\/strong><\/td>\n<td><strong>120<\/strong><\/td>\n<td><strong>140<\/strong><\/td>\n<td><strong>170<\/strong><\/td>\n<td><strong>200<\/strong><\/td>\n<td><strong>240<\/strong><\/td>\n<td><strong>260<\/strong><\/td>\n<td><strong>290<\/strong><\/td>\n<td><strong>330<\/strong><\/td>\n<td><strong>360<\/strong><\/td>\n<td><strong>590<\/strong><\/td>\n<td><strong>670<\/strong><\/td>\n<td><strong>750<\/strong><\/td>\n<td><strong>980<\/strong><\/td>\n<td><strong>1050<\/strong><\/td>\n<td><strong>1500<\/strong><\/td>\n<\/tr>\n<\/tbody>\n<\/table>\n","protected":false},"excerpt":{"rendered":"<h4><\/h4>\n<h2>Cormak 25<\/h2>\n<h3>Eritt\u00e4in tukeva kone laajalla kierronopeusalueella.<\/h3>\n<p><strong>Vakiovarusteet:<\/strong><\/p>\n<ul>\n<li>Nopeusvaihtoehtoja<strong> 32<\/strong> kpl (<strong>80<\/strong>-3000 r\/min) eteen ja taakse.<\/li>\n<li>Suunnanvaihto.<\/li>\n<li>Porauskapasiteetti 25 mm.<\/li>\n<li>Tarkka 16 mm pikaistukka vakio.<\/li>\n<li>Morsekartio\u00a0 MK3<\/li>\n<li>2-nopeuksinen moottori 1100W.<\/li>\n<li>Hiottu ty\u00f6p\u00f6yt\u00e4 T-urilla.<\/li>\n<li>Kalllistuva porap\u00f6yt\u00e4.<\/li>\n<li>T-urat porakoneen jalustassa<\/li>\n<li>Valaistus.<\/li>\n<li>Laaja kierroslukualue 80 \u2013 3000 rpm!<\/li>\n<li>H\u00e4t\u00e4seispainike.<\/li>\n<li>Valurauta hihnapy\u00f6r\u00e4t.<\/li>\n<\/ul>\n<ul>\n<li>Ce hyv\u00e4ksytty<\/li>\n<li>Takuu 1 vuosi<\/li>\n<li>Valmistettu EU:ssa<\/li>\n<\/ul>\n<pre id=\"tw-target-text\" class=\"tw-data-text tw-text-large XcVN5d tw-ta\" dir=\"ltr\" data-placeholder=\"\u00d6vers\u00e4ttning\"><a href=\"https:\/\/www.youtube.com\/watch?v=xyGtyIYV-TY\" target=\"_blank\" rel=\"noopener\"><strong><em><span lang=\"fi\">Linkki tuotevideoon (Cormak 32):\r\n<\/span><\/em><\/strong><\/a><\/pre>\n<p>&nbsp;<\/p>\n","protected":false},"featured_media":5497,"template":"","meta":{"_acf_changed":false,"_seopress_robots_primary_cat":"none","_seopress_titles_title":"","_seopress_titles_desc":"","_seopress_robots_index":"","_seopress_analysis_target_kw":""},"product_cat":[258],"product_tag":[],"class_list":{"0":"post-2137","1":"product","2":"type-product","3":"status-publish","4":"has-post-thumbnail","6":"product_cat-pylvasporakoneet","7":"product_shipping_class-w-220-230-fi","9":"first","10":"outofstock","11":"taxable","12":"shipping-taxable","13":"purchasable","14":"product-type-simple","swatches":"rey-swatches","show_selected":""},"acf":[],"_links":{"self":[{"href":"https:\/\/toolhouse.fi\/fi\/wp-json\/wp\/v2\/product\/2137","targetHints":{"allow":["GET"]}}],"collection":[{"href":"https:\/\/toolhouse.fi\/fi\/wp-json\/wp\/v2\/product"}],"about":[{"href":"https:\/\/toolhouse.fi\/fi\/wp-json\/wp\/v2\/types\/product"}],"version-history":[{"count":0,"href":"https:\/\/toolhouse.fi\/fi\/wp-json\/wp\/v2\/product\/2137\/revisions"}],"wp:featuredmedia":[{"embeddable":true,"href":"https:\/\/toolhouse.fi\/fi\/wp-json\/wp\/v2\/media\/5497"}],"wp:attachment":[{"href":"https:\/\/toolhouse.fi\/fi\/wp-json\/wp\/v2\/media?parent=2137"}],"wp:term":[{"taxonomy":"product_cat","embeddable":true,"href":"https:\/\/toolhouse.fi\/fi\/wp-json\/wp\/v2\/product_cat?post=2137"},{"taxonomy":"product_tag","embeddable":true,"href":"https:\/\/toolhouse.fi\/fi\/wp-json\/wp\/v2\/product_tag?post=2137"}],"curies":[{"name":"wp","href":"https:\/\/api.w.org\/{rel}","templated":true}]}}