{"id":21397,"date":"2024-11-08T11:04:28","date_gmt":"2024-11-08T09:04:28","guid":{"rendered":"https:\/\/toolhouse.fi\/?post_type=product&#038;p=21397"},"modified":"2026-02-04T16:00:59","modified_gmt":"2026-02-04T14:00:59","slug":"diesel-lammitin-2kw-kaukosaatimella","status":"publish","type":"product","link":"https:\/\/toolhouse.fi\/fi\/tuote\/diesel-lammitin-2kw-kaukosaatimella\/","title":{"rendered":"Diesel l\u00e4mmitin 2kW kaukos\u00e4\u00e4timell\u00e4"},"content":{"rendered":"","protected":false},"excerpt":{"rendered":"<p><strong>Geko Dieselil\u00e4mmitin 12V 2kW kaukos\u00e4\u00e4timell\u00e4<\/strong><\/p>\n<p>2 kW dieselil\u00e4mmitin on suunniteltu tuottamaan nopeaa ja tehokasta l\u00e4mp\u00f6mukavuutta. Laite on paitsi tehokas, my\u00f6s helppok\u00e4ytt\u00f6inen ja yksinkertainen asentaa. L\u00e4mmittimess\u00e4 on ohjauspaneeli, joka mahdollistaa tarkat s\u00e4\u00e4t\u00f6mahdollisuudet, sek\u00e4 kaukos\u00e4\u00e4din, jonka avulla sit\u00e4 voi k\u00e4ytt\u00e4\u00e4 ilman suoraa p\u00e4\u00e4sy\u00e4 laitteeseen.<\/p>\n<p>L\u00e4mmitin toimii dieselill\u00e4 ja on ihanteellinen ratkaisu tilojen, kuten autotallien, m\u00f6kkien ja varastojen, l\u00e4mmitt\u00e4miseen. Sen tehokkuus, joka tuottaa jopa 50 m\u00b3\/h l\u00e4mmint\u00e4 ilmaa ja alhaiset CO2-p\u00e4\u00e4st\u00f6t, tekev\u00e4t siit\u00e4 erinomaisen valinnan my\u00f6s haastavissa s\u00e4\u00e4olosuhteissa.<\/p>\n<p><strong>Ominaisuudet:<\/strong><\/p>\n<ul>\n<li>Nopea l\u00e4mmitys: 2 kW l\u00e4mmitysteho ja 50 m\u00b3\/h ilmavirtaus tekev\u00e4t l\u00e4mmittimest\u00e4 t\u00e4ydellisen pieniin tiloihin.<\/li>\n<li>Helppok\u00e4ytt\u00f6inen ohjauspaneeli: Intuitiivinen n\u00e4ytt\u00f6 ja selke\u00e4t painikkeet helpottavat asetusten s\u00e4\u00e4t\u00e4mist\u00e4.<\/li>\n<li>Kaukos\u00e4\u00e4din: Mahdollistaa laitteen t\u00e4yden hallinnan et\u00e4n\u00e4.<\/li>\n<li>Taloudellinen polttoaineenkulutus: 0,23\u20130,51 L\/h, mik\u00e4 mahdollistaa pitk\u00e4n k\u00e4ytt\u00f6ajan ilman jatkuvaa tankkausta.<\/li>\n<li>Vankka rakenne ja kompaktit mitat takaavat luotettavuuden vaikeissakin olosuhteissa.<\/li>\n<li>K\u00e4ytt\u00f6kohteet: autotallit, varastot, m\u00f6kit, rakennusty\u00f6maat, teltat jne.<\/li>\n<\/ul>\n<p><strong>Tekniset tiedot:<\/strong><\/p>\n<ul>\n<li>Virtal\u00e4hde: 12 V<\/li>\n<li>Polttoaine: EN590-standardin mukainen diesel tai poltto\u00f6ljy<\/li>\n<li>Teoreettinen maksimiteho: 2 kW<\/li>\n<li>L\u00e4mpim\u00e4n ilman virtaus: 50 m\u00b3\/h<\/li>\n<li>Polttoaineenkulutus: 0,23\u20130,51 L\/h<\/li>\n<li>Virrankulutus: 15\u201340 W<\/li>\n<li>K\u00e4ytt\u00f6-\/varastointil\u00e4mp\u00f6tila: -30\u2103 \u2013 +55\u2103<\/li>\n<li>K\u00e4ytt\u00f6korkeus: Jopa 4300 m merenpinnan yl\u00e4puolella<\/li>\n<li>CO2-p\u00e4\u00e4st\u00f6t: &lt;10 %<\/li>\n<li>Mitat (l\u00e4mmitin): 40 x 13 x 14 cm<\/li>\n<li>Paino (l\u00e4mmitin): 3,3 kg<\/li>\n<li>Paino lis\u00e4varusteineen: 4,9 kg<\/li>\n<\/ul>\n<p><strong>Pakkaus sis\u00e4lt\u00e4\u00e4:<\/strong><\/p>\n<ul>\n<li>Ilmal\u00e4mmitin<\/li>\n<li>Kaukos\u00e4\u00e4din<\/li>\n<li>Kompakti ohjauspaneeli<\/li>\n<li>Kaikki tarvittavat asennusosat, mukaan lukien polttoaines\u00e4ili\u00f6, letkut, kiinnikkeet, pidikkeet jne.<\/li>\n<li>Suomenkielinen k\u00e4ytt\u00f6ohje<\/li>\n<\/ul>\n<p>Valmistaja: Geko<\/p>\n","protected":false},"featured_media":21425,"template":"","meta":{"_acf_changed":false,"_seopress_robots_primary_cat":"none","_seopress_titles_title":"","_seopress_titles_desc":"","_seopress_robots_index":""},"product_cat":[350,40],"product_tag":[],"class_list":{"0":"post-21397","1":"product","2":"type-product","3":"status-publish","4":"has-post-thumbnail","6":"product_cat-muut","7":"product_cat-korjaamolaitteet","9":"first","10":"instock","11":"taxable","12":"shipping-taxable","13":"purchasable","14":"product-type-simple","swatches":"rey-swatches","show_selected":""},"acf":[],"_links":{"self":[{"href":"https:\/\/toolhouse.fi\/fi\/wp-json\/wp\/v2\/product\/21397","targetHints":{"allow":["GET"]}}],"collection":[{"href":"https:\/\/toolhouse.fi\/fi\/wp-json\/wp\/v2\/product"}],"about":[{"href":"https:\/\/toolhouse.fi\/fi\/wp-json\/wp\/v2\/types\/product"}],"version-history":[{"count":0,"href":"https:\/\/toolhouse.fi\/fi\/wp-json\/wp\/v2\/product\/21397\/revisions"}],"wp:featuredmedia":[{"embeddable":true,"href":"https:\/\/toolhouse.fi\/fi\/wp-json\/wp\/v2\/media\/21425"}],"wp:attachment":[{"href":"https:\/\/toolhouse.fi\/fi\/wp-json\/wp\/v2\/media?parent=21397"}],"wp:term":[{"taxonomy":"product_cat","embeddable":true,"href":"https:\/\/toolhouse.fi\/fi\/wp-json\/wp\/v2\/product_cat?post=21397"},{"taxonomy":"product_tag","embeddable":true,"href":"https:\/\/toolhouse.fi\/fi\/wp-json\/wp\/v2\/product_tag?post=21397"}],"curies":[{"name":"wp","href":"https:\/\/api.w.org\/{rel}","templated":true}]}}