{"id":21450,"date":"2024-11-11T11:53:52","date_gmt":"2024-11-11T09:53:52","guid":{"rendered":"https:\/\/toolhouse.fi\/?post_type=product&#038;p=21450"},"modified":"2026-04-05T22:00:14","modified_gmt":"2026-04-05T19:00:14","slug":"polttoaineen-painemittari","status":"publish","type":"product","link":"https:\/\/toolhouse.fi\/fi\/tuote\/polttoaineen-painemittari\/","title":{"rendered":"Polttoaineen painemittari"},"content":{"rendered":"","protected":false},"excerpt":{"rendered":"<p><strong>Polttoaineen painemittari ruiskutusj\u00e4rjestelm\u00e4\u00e4n<\/strong><\/p>\n<p>T\u00e4m\u00e4 polttoaineen painemittari on suunniteltu ruiskutusj\u00e4rjestelm\u00e4n ja ruiskutuspaineen testaukseen, se sopii useimpiin bensiinimoottoreihin sek\u00e4 dieselmoottoreihin, joissa on matala polttoaineenpaine.<\/p>\n<p><strong>Tekniset tiedot:<\/strong><\/p>\n<ul>\n<li>Painealue: 0\u201310 bar (0\u2013140 PSI)<\/li>\n<li>Sis\u00e4lt\u00f6: Polttoaineletkut, liittimet ja kiinnikkeet (Schrader 7\/16 x 20)<\/li>\n<li>Mittarissa paluuletkulla varustettu paineenvapautusventtiili.<\/li>\n<li>Valmistaja: Geko<\/li>\n<\/ul>\n<p><strong>Mukana tulevat nippelit:<\/strong><\/p>\n<ul>\n<li>M12 x 1,5, 7\/16&#8243;-20 UNF<\/li>\n<li>M12 x 1,25, 7\/16&#8243;-20 UNF<\/li>\n<li>M8 x 1,7, 7\/16&#8243;-20 UNF<\/li>\n<li>M12 x 1,5, M14 x 1,5<\/li>\n<li>M10 x 1, M12 x 1,5<\/li>\n<li>M14 x 1,5, M12 x 1,5<\/li>\n<li>M8 x 1, M12 x 1,5<\/li>\n<li>M8 x 1, M12 x 1,5, 90\u00b0<\/li>\n<li>T-pala<\/li>\n<\/ul>\n","protected":false},"featured_media":21455,"template":"","meta":{"_acf_changed":false,"_seopress_robots_primary_cat":"","_seopress_titles_title":"","_seopress_titles_desc":"","_seopress_robots_index":""},"product_cat":[339,480,40],"product_tag":[],"class_list":{"0":"post-21450","1":"product","2":"type-product","3":"status-publish","4":"has-post-thumbnail","6":"product_cat-autotyokalut","7":"product_cat-moottorityokalut","8":"product_cat-korjaamolaitteet","10":"first","11":"instock","12":"taxable","13":"shipping-taxable","14":"purchasable","15":"product-type-simple","swatches":"rey-swatches","show_selected":""},"acf":[],"_links":{"self":[{"href":"https:\/\/toolhouse.fi\/fi\/wp-json\/wp\/v2\/product\/21450","targetHints":{"allow":["GET"]}}],"collection":[{"href":"https:\/\/toolhouse.fi\/fi\/wp-json\/wp\/v2\/product"}],"about":[{"href":"https:\/\/toolhouse.fi\/fi\/wp-json\/wp\/v2\/types\/product"}],"version-history":[{"count":1,"href":"https:\/\/toolhouse.fi\/fi\/wp-json\/wp\/v2\/product\/21450\/revisions"}],"predecessor-version":[{"id":21453,"href":"https:\/\/toolhouse.fi\/fi\/wp-json\/wp\/v2\/product\/21450\/revisions\/21453"}],"wp:featuredmedia":[{"embeddable":true,"href":"https:\/\/toolhouse.fi\/fi\/wp-json\/wp\/v2\/media\/21455"}],"wp:attachment":[{"href":"https:\/\/toolhouse.fi\/fi\/wp-json\/wp\/v2\/media?parent=21450"}],"wp:term":[{"taxonomy":"product_cat","embeddable":true,"href":"https:\/\/toolhouse.fi\/fi\/wp-json\/wp\/v2\/product_cat?post=21450"},{"taxonomy":"product_tag","embeddable":true,"href":"https:\/\/toolhouse.fi\/fi\/wp-json\/wp\/v2\/product_tag?post=21450"}],"curies":[{"name":"wp","href":"https:\/\/api.w.org\/{rel}","templated":true}]}}