{"id":21466,"date":"2024-11-11T14:13:49","date_gmt":"2024-11-11T12:13:49","guid":{"rendered":"https:\/\/toolhouse.fi\/?post_type=product&#038;p=21466"},"modified":"2026-04-22T17:03:21","modified_gmt":"2026-04-22T14:03:21","slug":"oljynpainemittarisarja","status":"publish","type":"product","link":"https:\/\/toolhouse.fi\/fi\/tuote\/oljynpainemittarisarja\/","title":{"rendered":"\u00d6ljynpainemittarisarja"},"content":{"rendered":"<p><strong>\u00d6ljynpainemittari moottori\u00f6ljyn paineen mittaamiseen bensiini- ja dieselmoottoreista<\/strong><\/p>\n<p><strong>Sis\u00e4lt\u00f6:<\/strong><\/p>\n<ul>\n<li>Painemittari, painealue 0\u201310 BAR<\/li>\n<li>Joustava letku 1200 mm<\/li>\n<li>10 kpl mitta-adaptereita<\/li>\n<li>Kulma-adapteri pikaliittimell\u00e4<\/li>\n<li>Mittari on varustettu pikaliittimell\u00e4 ja sulkuventtiilill\u00e4<\/li>\n<\/ul>\n<p><strong>Adapterit:<\/strong><\/p>\n<ul>\n<li>M10 x 1.0<\/li>\n<li>M12 x 1.5<\/li>\n<li>M14 x 1.5<\/li>\n<li>M16 x 1.5<\/li>\n<li>M18 x 1.5 mm<\/li>\n<li>R1\/8&#8243; DIN 2999<\/li>\n<li>1\/8&#8243; x 27 NPT<\/li>\n<li>1\/4&#8243; x 18 NPT<\/li>\n<li>3\/8&#8243; x 20 UNF<\/li>\n<li>1\/2&#8243; x 20 UNF<\/li>\n<li>90\u00b0 kulmaliitin<\/li>\n<\/ul>\n<p><strong>Valmistaja:<\/strong> Geko<\/p>\n","protected":false},"excerpt":{"rendered":"<p>\u00d6ljynpainemittari moottori\u00f6ljyn paineen mittaamiseen bensiini- ja dieselmoottoreista Sis\u00e4lt\u00f6: Painemittari, painealue 0\u201310 BAR Joustava letku 1200 mm 10 kpl mitta-adaptereita Kulma-adapteri pikaliittimell\u00e4 Mittari on varustettu pikaliittimell\u00e4 ja sulkuventtiilill\u00e4 Adapterit: M10 x 1.0 M12 x 1.5 M14 x 1.5 M16 x 1.5 M18 x 1.5 mm R1\/8&#8243; DIN 2999 1\/8&#8243; x 27 NPT 1\/4&#8243; x 18 NPT [&hellip;]<\/p>\n","protected":false},"featured_media":21492,"template":"","meta":{"_acf_changed":false,"_seopress_robots_primary_cat":"none","_seopress_titles_title":"","_seopress_titles_desc":"","_seopress_robots_index":""},"product_cat":[339,480,40],"product_tag":[],"class_list":{"0":"post-21466","1":"product","2":"type-product","3":"status-publish","4":"has-post-thumbnail","6":"product_cat-autotyokalut","7":"product_cat-moottorityokalut","8":"product_cat-korjaamolaitteet","10":"first","11":"outofstock","12":"taxable","13":"shipping-taxable","14":"purchasable","15":"product-type-simple","swatches":"rey-swatches","show_selected":""},"acf":[],"_links":{"self":[{"href":"https:\/\/toolhouse.fi\/fi\/wp-json\/wp\/v2\/product\/21466","targetHints":{"allow":["GET"]}}],"collection":[{"href":"https:\/\/toolhouse.fi\/fi\/wp-json\/wp\/v2\/product"}],"about":[{"href":"https:\/\/toolhouse.fi\/fi\/wp-json\/wp\/v2\/types\/product"}],"version-history":[{"count":0,"href":"https:\/\/toolhouse.fi\/fi\/wp-json\/wp\/v2\/product\/21466\/revisions"}],"wp:featuredmedia":[{"embeddable":true,"href":"https:\/\/toolhouse.fi\/fi\/wp-json\/wp\/v2\/media\/21492"}],"wp:attachment":[{"href":"https:\/\/toolhouse.fi\/fi\/wp-json\/wp\/v2\/media?parent=21466"}],"wp:term":[{"taxonomy":"product_cat","embeddable":true,"href":"https:\/\/toolhouse.fi\/fi\/wp-json\/wp\/v2\/product_cat?post=21466"},{"taxonomy":"product_tag","embeddable":true,"href":"https:\/\/toolhouse.fi\/fi\/wp-json\/wp\/v2\/product_tag?post=21466"}],"curies":[{"name":"wp","href":"https:\/\/api.w.org\/{rel}","templated":true}]}}