{"id":21501,"date":"2024-11-11T19:04:58","date_gmt":"2024-11-11T17:04:58","guid":{"rendered":"https:\/\/toolhouse.fi\/?post_type=product&#038;p=21501"},"modified":"2026-04-12T20:42:39","modified_gmt":"2026-04-12T17:42:39","slug":"puristuspainemittari-diesel","status":"publish","type":"product","link":"https:\/\/toolhouse.fi\/fi\/tuote\/puristuspainemittari-diesel\/","title":{"rendered":"Puristuspainemittari diesel"},"content":{"rendered":"","protected":false},"excerpt":{"rendered":"<p><strong>Dieselmoottoreiden puristuspainemittari<\/strong><\/p>\n<p>Sarja sis\u00e4lt\u00e4\u00e4 kaikki tarvittavat adapterit puristuspainemittauksen suorittamiseen ja on yhteensopiva useimpien dieselmoottoreiden kanssa.<\/p>\n<div class=\"mb-2 flex gap-3 empty:hidden -ml-2\">\n<div class=\"items-center justify-start rounded-xl p-1 flex\">\n<div class=\"flex items-center\">\n<div class=\"flex items-center pb-0\"><\/div>\n<\/div>\n<\/div>\n<\/div>\n<p><strong>Tekniset tiedot<\/strong><\/p>\n<ul>\n<li>Maksimipaine: 70 bar<\/li>\n<li>M10x1 hehkutulppa-adapterit, pituudet: 83, 91, 102, 113, 119 mm<\/li>\n<li>M10x1.25 hehkutulppa-adapterit, pituudet: 64, 135 mm<\/li>\n<li>M12x1.25 hehkutulppa-adapteri, pituus: 47 mm<\/li>\n<li>M22x1.5 hehkutulppa-adapteri, pituus: 118 mm<\/li>\n<li>M20x1.5 suutinadapteri, pituus: 75 mm<\/li>\n<li>M22x1.5 suutinadapteri, pituus: 73 mm<\/li>\n<li>M24x1.5 suutinadapteri, pituus: 88 mm<\/li>\n<li>M24x2 suutinadapteri, pituus: 63 mm<\/li>\n<li>Yleisadapteri, pituus: 160 mm<\/li>\n<li>Puristuspainemittari max. 70 bar, pituus: 500 mm<\/li>\n<li>H-tyypin kiinnike<\/li>\n<li>Valmistaja: Geko<\/li>\n<\/ul>\n<p>&nbsp;<\/p>\n","protected":false},"featured_media":21508,"template":"","meta":{"_acf_changed":false,"_seopress_robots_primary_cat":"none","_seopress_titles_title":"","_seopress_titles_desc":"","_seopress_robots_index":""},"product_cat":[339,480,40],"product_tag":[],"class_list":{"0":"post-21501","1":"product","2":"type-product","3":"status-publish","4":"has-post-thumbnail","6":"product_cat-autotyokalut","7":"product_cat-moottorityokalut","8":"product_cat-korjaamolaitteet","10":"first","11":"instock","12":"taxable","13":"shipping-taxable","14":"purchasable","15":"product-type-simple","swatches":"rey-swatches","show_selected":""},"acf":[],"_links":{"self":[{"href":"https:\/\/toolhouse.fi\/fi\/wp-json\/wp\/v2\/product\/21501","targetHints":{"allow":["GET"]}}],"collection":[{"href":"https:\/\/toolhouse.fi\/fi\/wp-json\/wp\/v2\/product"}],"about":[{"href":"https:\/\/toolhouse.fi\/fi\/wp-json\/wp\/v2\/types\/product"}],"version-history":[{"count":2,"href":"https:\/\/toolhouse.fi\/fi\/wp-json\/wp\/v2\/product\/21501\/revisions"}],"predecessor-version":[{"id":21515,"href":"https:\/\/toolhouse.fi\/fi\/wp-json\/wp\/v2\/product\/21501\/revisions\/21515"}],"wp:featuredmedia":[{"embeddable":true,"href":"https:\/\/toolhouse.fi\/fi\/wp-json\/wp\/v2\/media\/21508"}],"wp:attachment":[{"href":"https:\/\/toolhouse.fi\/fi\/wp-json\/wp\/v2\/media?parent=21501"}],"wp:term":[{"taxonomy":"product_cat","embeddable":true,"href":"https:\/\/toolhouse.fi\/fi\/wp-json\/wp\/v2\/product_cat?post=21501"},{"taxonomy":"product_tag","embeddable":true,"href":"https:\/\/toolhouse.fi\/fi\/wp-json\/wp\/v2\/product_tag?post=21501"}],"curies":[{"name":"wp","href":"https:\/\/api.w.org\/{rel}","templated":true}]}}