{"id":21525,"date":"2024-11-12T11:41:16","date_gmt":"2024-11-12T09:50:57","guid":{"rendered":"https:\/\/toolhouse.fi\/?post_type=product&#038;p=21525"},"modified":"2026-03-27T08:24:51","modified_gmt":"2026-03-27T06:24:51","slug":"mikrometri-ulkopuolinen-0-25-mm","status":"publish","type":"product","link":"https:\/\/toolhouse.fi\/fi\/tuote\/mikrometri-ulkopuolinen-0-25-mm\/","title":{"rendered":"Mikrometri ulkopuolinen 0 &#8211; 25 mm"},"content":{"rendered":"","protected":false},"excerpt":{"rendered":"<p><strong>Ulkopuolinen mikrometri 0\u201325 mm<\/strong><\/p>\n<p>Tarkkuusmikrometri, joka on suunniteltu ulkopuolisten mittausten tekemiseen eritt\u00e4in suurella tarkkuudella, jopa 0,01 mm.\u00a0 Mikrometriruuvissa on 0,5 mm kierrev\u00e4litys, ja se on liitetty mikrometrirummun kaiverrettuun skaalaan. Mikrometrirumpuun liitetty liukukytkin varmistaa tasaisen ja tarkan paineen mittak\u00e4rkien v\u00e4lill\u00e4.<\/p>\n<p><strong>Tuotteen ominaisuudet:<\/strong><\/p>\n<ul>\n<li>Mitta-alue: 0\u201325 mm<\/li>\n<li>Liukukytkin ja karan lukitus<\/li>\n<li>Selke\u00e4 asteikko parantamaan lukematarkkuutta<\/li>\n<li>Tarkkuushiotut, karkaistut mittak\u00e4rjet<\/li>\n<li>Tarkkuus: jopa 0,01 mm<\/li>\n<li>Mittayksikk\u00f6: mm<\/li>\n<li>Muovinen s\u00e4ilytyskotelo<\/li>\n<li>Valmistaja<strong>:<\/strong> Geko<\/li>\n<\/ul>\n","protected":false},"featured_media":21536,"template":"","meta":{"_acf_changed":false,"_seopress_robots_primary_cat":"none","_seopress_titles_title":"","_seopress_titles_desc":"","_seopress_robots_index":""},"product_cat":[491,337,40],"product_tag":[],"class_list":{"0":"post-21525","1":"product","2":"type-product","3":"status-publish","4":"has-post-thumbnail","6":"product_cat-mittavalineet","7":"product_cat-tyokalut","8":"product_cat-korjaamolaitteet","10":"first","11":"instock","12":"taxable","13":"shipping-taxable","14":"purchasable","15":"product-type-simple","swatches":"rey-swatches","show_selected":""},"acf":[],"_links":{"self":[{"href":"https:\/\/toolhouse.fi\/fi\/wp-json\/wp\/v2\/product\/21525","targetHints":{"allow":["GET"]}}],"collection":[{"href":"https:\/\/toolhouse.fi\/fi\/wp-json\/wp\/v2\/product"}],"about":[{"href":"https:\/\/toolhouse.fi\/fi\/wp-json\/wp\/v2\/types\/product"}],"version-history":[{"count":3,"href":"https:\/\/toolhouse.fi\/fi\/wp-json\/wp\/v2\/product\/21525\/revisions"}],"predecessor-version":[{"id":21541,"href":"https:\/\/toolhouse.fi\/fi\/wp-json\/wp\/v2\/product\/21525\/revisions\/21541"}],"wp:featuredmedia":[{"embeddable":true,"href":"https:\/\/toolhouse.fi\/fi\/wp-json\/wp\/v2\/media\/21536"}],"wp:attachment":[{"href":"https:\/\/toolhouse.fi\/fi\/wp-json\/wp\/v2\/media?parent=21525"}],"wp:term":[{"taxonomy":"product_cat","embeddable":true,"href":"https:\/\/toolhouse.fi\/fi\/wp-json\/wp\/v2\/product_cat?post=21525"},{"taxonomy":"product_tag","embeddable":true,"href":"https:\/\/toolhouse.fi\/fi\/wp-json\/wp\/v2\/product_tag?post=21525"}],"curies":[{"name":"wp","href":"https:\/\/api.w.org\/{rel}","templated":true}]}}