{"id":21546,"date":"2024-11-12T14:35:45","date_gmt":"2024-11-12T12:35:45","guid":{"rendered":"https:\/\/toolhouse.fi\/?post_type=product&#038;p=21546"},"modified":"2025-10-19T12:33:29","modified_gmt":"2025-10-19T09:33:29","slug":"peravaunupistoke-testeri-7-13pin","status":"publish","type":"product","link":"https:\/\/toolhouse.fi\/fi\/tuote\/peravaunupistoke-testeri-7-13pin\/","title":{"rendered":"Per\u00e4vaunupistoke testeri 7\/13pin"},"content":{"rendered":"","protected":false},"excerpt":{"rendered":"<p>K\u00e4yt\u00e4nn\u00f6llinen testeri, jolla voi helposti tunnistaa per\u00e4vaunun valaistuksen toimintah\u00e4iri\u00f6t tai viat.<\/p>\n<p><strong>Merkkivalot:<\/strong><\/p>\n<ul>\n<li>Vasemman suuntavilkun valo \u2013 keltainen<\/li>\n<li>Sumuvalot tai 12V \u2013 sininen<\/li>\n<li>Oikean suuntavilkun valo \u2013 vihre\u00e4<\/li>\n<li>Oikean takavalon valo \u2013 ruskea<\/li>\n<li>Jarruvalot \u2013 punainen<\/li>\n<li>Vasemman takavalon valo \u2013 musta<\/li>\n<li>Maadoitus \u2013 valkoinen<\/li>\n<\/ul>\n<p><strong>Pakkauksen sis\u00e4lt\u00f6:<\/strong><\/p>\n<ul>\n<li>Pistoketesteri<\/li>\n<li>Adapteri 13\/7<\/li>\n<li>Adapteri 7\/13<\/li>\n<\/ul>\n<p>Paristo<strong>:<\/strong> 9V (ei sis\u00e4lly pakkaukseen)<\/p>\n","protected":false},"featured_media":21553,"template":"","meta":{"_acf_changed":false,"_seopress_robots_primary_cat":"","_seopress_titles_title":"","_seopress_titles_desc":"","_seopress_robots_index":""},"product_cat":[339,491,350],"product_tag":[],"class_list":{"0":"post-21546","1":"product","2":"type-product","3":"status-publish","4":"has-post-thumbnail","6":"product_cat-autotyokalut","7":"product_cat-mittavalineet","8":"product_cat-muut","10":"first","11":"instock","12":"taxable","13":"shipping-taxable","14":"purchasable","15":"product-type-simple","swatches":"rey-swatches","show_selected":""},"acf":[],"_links":{"self":[{"href":"https:\/\/toolhouse.fi\/fi\/wp-json\/wp\/v2\/product\/21546","targetHints":{"allow":["GET"]}}],"collection":[{"href":"https:\/\/toolhouse.fi\/fi\/wp-json\/wp\/v2\/product"}],"about":[{"href":"https:\/\/toolhouse.fi\/fi\/wp-json\/wp\/v2\/types\/product"}],"version-history":[{"count":1,"href":"https:\/\/toolhouse.fi\/fi\/wp-json\/wp\/v2\/product\/21546\/revisions"}],"predecessor-version":[{"id":21549,"href":"https:\/\/toolhouse.fi\/fi\/wp-json\/wp\/v2\/product\/21546\/revisions\/21549"}],"wp:featuredmedia":[{"embeddable":true,"href":"https:\/\/toolhouse.fi\/fi\/wp-json\/wp\/v2\/media\/21553"}],"wp:attachment":[{"href":"https:\/\/toolhouse.fi\/fi\/wp-json\/wp\/v2\/media?parent=21546"}],"wp:term":[{"taxonomy":"product_cat","embeddable":true,"href":"https:\/\/toolhouse.fi\/fi\/wp-json\/wp\/v2\/product_cat?post=21546"},{"taxonomy":"product_tag","embeddable":true,"href":"https:\/\/toolhouse.fi\/fi\/wp-json\/wp\/v2\/product_tag?post=21546"}],"curies":[{"name":"wp","href":"https:\/\/api.w.org\/{rel}","templated":true}]}}