{"id":21558,"date":"2024-11-12T16:24:32","date_gmt":"2024-11-12T14:24:32","guid":{"rendered":"https:\/\/toolhouse.fi\/?post_type=product&#038;p=21558"},"modified":"2026-03-12T13:51:02","modified_gmt":"2026-03-12T11:51:02","slug":"pyoranlaakerityokalusarja-vag-85mm","status":"publish","type":"product","link":"https:\/\/toolhouse.fi\/fi\/tuote\/pyoranlaakerityokalusarja-vag-85mm\/","title":{"rendered":"Py\u00f6r\u00e4nlaakerity\u00f6kalusarja VAG 85mm"},"content":{"rendered":"","protected":false},"excerpt":{"rendered":"<p><strong>Py\u00f6r\u00e4nlaakerity\u00f6kalusarja 85 mm VW Touareg ja Transporter T5<\/strong><\/p>\n<p>Korkealaatuinen ty\u00f6kalu, joka on suunniteltu VW-autoissa k\u00e4ytett\u00e4vien 85 mm halkaisijan py\u00f6r\u00e4nlaakereiden\u00a0asentamiseen ja irrottamiseen. Ty\u00f6kalun avulla py\u00f6r\u00e4nnavan vaihto voidaan suorittaa helposti ja nopeasti suoraan autossa ilman, ett\u00e4 jousituksen osia tarvitsee purkaa.<\/p>\n<p>&nbsp;<\/p>\n<p><strong>Tuotteen ominaisuudet:<\/strong><\/p>\n<ul>\n<li>Korkealaatuinen viimeistely<\/li>\n<li>Nopea ja helppo py\u00f6r\u00e4nnavan vaihto<\/li>\n<li>Navan irrotus ilman jousituksen osien purkua<\/li>\n<li>Mahdollistaa navan ja laakerin irrotuksen oikeassa kulmassa<\/li>\n<li>Erityisesti VAG-autoihin, joissa on 85 mm py\u00f6r\u00e4nlaakerit<\/li>\n<li>Huom: Varmista, ett\u00e4 kierretanko ja painelaakeri on voideltu hyvin rasvalla ennen k\u00e4ytt\u00f6\u00e4.<\/li>\n<\/ul>\n<p><strong>Soveltuvuus:<\/strong><\/p>\n<ul>\n<li>VW Touareg<\/li>\n<li>VW Transporter T5 (etu\/taka)<\/li>\n<li>VW Multivan<\/li>\n<\/ul>\n<p><strong>Sarjan sis\u00e4lt\u00f6:<\/strong><\/p>\n<ul>\n<li>Painelevy<\/li>\n<li>Painepultit<\/li>\n<li>Kierretanko M20 x 2.0 ja painelaakeri<\/li>\n<li>Puolikeh\u00e4t purkamista varten (85 mm)<\/li>\n<li>Purkulevy<\/li>\n<li>Puolikeh\u00e4t asennusta varten (85 mm)<\/li>\n<li>Asennuslevy<\/li>\n<li>Muovikotelo<\/li>\n<\/ul>\n<p><strong>Valmistaja:<\/strong> Smart equipment<\/p>\n","protected":false},"featured_media":21565,"template":"","meta":{"_acf_changed":false,"_seopress_robots_primary_cat":"none","_seopress_titles_title":"","_seopress_titles_desc":"","_seopress_robots_index":""},"product_cat":[481,339,40],"product_tag":[],"class_list":{"0":"post-21558","1":"product","2":"type-product","3":"status-publish","4":"has-post-thumbnail","6":"product_cat-alusta-ja-voimansiirtotyokalut","7":"product_cat-autotyokalut","8":"product_cat-korjaamolaitteet","10":"first","11":"outofstock","12":"taxable","13":"shipping-taxable","14":"purchasable","15":"product-type-simple","swatches":"rey-swatches","show_selected":""},"acf":[],"_links":{"self":[{"href":"https:\/\/toolhouse.fi\/fi\/wp-json\/wp\/v2\/product\/21558","targetHints":{"allow":["GET"]}}],"collection":[{"href":"https:\/\/toolhouse.fi\/fi\/wp-json\/wp\/v2\/product"}],"about":[{"href":"https:\/\/toolhouse.fi\/fi\/wp-json\/wp\/v2\/types\/product"}],"version-history":[{"count":4,"href":"https:\/\/toolhouse.fi\/fi\/wp-json\/wp\/v2\/product\/21558\/revisions"}],"predecessor-version":[{"id":31500,"href":"https:\/\/toolhouse.fi\/fi\/wp-json\/wp\/v2\/product\/21558\/revisions\/31500"}],"wp:featuredmedia":[{"embeddable":true,"href":"https:\/\/toolhouse.fi\/fi\/wp-json\/wp\/v2\/media\/21565"}],"wp:attachment":[{"href":"https:\/\/toolhouse.fi\/fi\/wp-json\/wp\/v2\/media?parent=21558"}],"wp:term":[{"taxonomy":"product_cat","embeddable":true,"href":"https:\/\/toolhouse.fi\/fi\/wp-json\/wp\/v2\/product_cat?post=21558"},{"taxonomy":"product_tag","embeddable":true,"href":"https:\/\/toolhouse.fi\/fi\/wp-json\/wp\/v2\/product_tag?post=21558"}],"curies":[{"name":"wp","href":"https:\/\/api.w.org\/{rel}","templated":true}]}}