{"id":21623,"date":"2024-11-13T12:17:04","date_gmt":"2024-11-13T10:17:04","guid":{"rendered":"https:\/\/toolhouse.fi\/?post_type=product&#038;p=21623"},"modified":"2024-12-16T12:33:36","modified_gmt":"2024-12-16T10:33:36","slug":"ajoitustyokalusarja-vag-6-os","status":"publish","type":"product","link":"https:\/\/toolhouse.fi\/fi\/tuote\/ajoitustyokalusarja-vag-6-os\/","title":{"rendered":"Ajoitusty\u00f6kalusarja VAG 6-os"},"content":{"rendered":"","protected":false},"excerpt":{"rendered":"<p>Kampiakselin lukitusty\u00f6kalusarja VAG<\/p>\n<p>Sarja sis\u00e4lt\u00e4\u00e4:<\/p>\n<ul>\n<li>Kampiakselin lukitsin OEM T10050 ja T10100<\/li>\n<li>Lukitustappi (OEM 3359)<\/li>\n<li>Lukitustappi (OEM T10060)<\/li>\n<li>Lukitustappi (OEM T10115)<\/li>\n<\/ul>\n<div class=\"markdown prose w-full break-words dark:prose-invert light\">\n<p>Sopii:<br \/>\n1.2 \/ 1.4 \/ 1.9 TDI PD ja 1.6 \/ 2.0 TDI Common Rail<\/p>\n<p>VW Lupo, Fox, Polo, Golf, Golf Plus, Bora, Jetta, Beetle, Scirocco, Passat, Sharan, Touran, Tiguan, Caddy, Transporter (98-11)<\/p>\n<p>AUDI A2,A3, A4, A5, A6, TT, Q5 (98-11)<\/p>\n<p>SEAT Arosa, Ibiza, Cordoba, Altea, Leon, Toledo, Alhambra (99-11)<\/p>\n<p>SKODA Fabia, Roomster, Octavia, Superb (00-11) and FORD Galaxy<\/p>\n<p>&nbsp;<\/p>\n<\/div>\n<p>Valmistaja: Geko<\/p>\n","protected":false},"featured_media":21630,"template":"","meta":{"_acf_changed":false,"_seopress_robots_primary_cat":"","_seopress_titles_title":"","_seopress_titles_desc":"","_seopress_robots_index":""},"product_cat":[339,480,40],"product_tag":[],"class_list":{"0":"post-21623","1":"product","2":"type-product","3":"status-publish","4":"has-post-thumbnail","6":"product_cat-autotyokalut","7":"product_cat-moottorityokalut","8":"product_cat-korjaamolaitteet","10":"first","11":"instock","12":"taxable","13":"shipping-taxable","14":"purchasable","15":"product-type-simple","swatches":"rey-swatches","show_selected":""},"acf":[],"_links":{"self":[{"href":"https:\/\/toolhouse.fi\/fi\/wp-json\/wp\/v2\/product\/21623","targetHints":{"allow":["GET"]}}],"collection":[{"href":"https:\/\/toolhouse.fi\/fi\/wp-json\/wp\/v2\/product"}],"about":[{"href":"https:\/\/toolhouse.fi\/fi\/wp-json\/wp\/v2\/types\/product"}],"version-history":[{"count":1,"href":"https:\/\/toolhouse.fi\/fi\/wp-json\/wp\/v2\/product\/21623\/revisions"}],"predecessor-version":[{"id":21626,"href":"https:\/\/toolhouse.fi\/fi\/wp-json\/wp\/v2\/product\/21623\/revisions\/21626"}],"wp:featuredmedia":[{"embeddable":true,"href":"https:\/\/toolhouse.fi\/fi\/wp-json\/wp\/v2\/media\/21630"}],"wp:attachment":[{"href":"https:\/\/toolhouse.fi\/fi\/wp-json\/wp\/v2\/media?parent=21623"}],"wp:term":[{"taxonomy":"product_cat","embeddable":true,"href":"https:\/\/toolhouse.fi\/fi\/wp-json\/wp\/v2\/product_cat?post=21623"},{"taxonomy":"product_tag","embeddable":true,"href":"https:\/\/toolhouse.fi\/fi\/wp-json\/wp\/v2\/product_tag?post=21623"}],"curies":[{"name":"wp","href":"https:\/\/api.w.org\/{rel}","templated":true}]}}