{"id":21637,"date":"2024-11-13T17:02:07","date_gmt":"2024-11-13T15:07:46","guid":{"rendered":"https:\/\/toolhouse.fi\/?post_type=product&#038;p=21637"},"modified":"2026-02-14T23:16:08","modified_gmt":"2026-02-14T21:16:08","slug":"ajoitustyokalusarja-vag-7-os","status":"publish","type":"product","link":"https:\/\/toolhouse.fi\/fi\/tuote\/ajoitustyokalusarja-vag-7-os\/","title":{"rendered":"Ajoitusty\u00f6kalusarja VAG 7-os"},"content":{"rendered":"","protected":false},"excerpt":{"rendered":"<p>Kampiakselin lukitusty\u00f6kalusarja VAG 7-osaa<\/p>\n<p>Sarja sis\u00e4lt\u00e4\u00e4:<\/p>\n<ul>\n<li>Kampiakselin lukitsin OEM T10050 ja T10100<\/li>\n<li>Lukitustapit (OEM 3359)<\/li>\n<li>Lukitustappi (OEM T10060)<\/li>\n<li>Lukitustappi (OEM T10115)<\/li>\n<li>Kiristimen lukitsin (OEM T10008)<\/li>\n<\/ul>\n<div class=\"markdown prose w-full break-words dark:prose-invert light\">\n<p>Sopii:<\/p>\n<div class=\"flex w-full flex-col gap-1 empty:hidden first:pt-[3px]\">\n<div class=\"markdown prose w-full break-words dark:prose-invert light\">\n<p>1.2 TDi \u2013 ANY, AYZ<br \/>\n1.4 TDi \u2013 AMF, ATL, BAY, BHC, BNM, BNV<br \/>\n1.9 TDi \u2013 AJM, AMG, ANJ, ARL, ARX, ASZ, ATD, ATJ, AUY,AVB, AVF, AVQ, AWX, AXB , AXC, AXR, BEW, BJB, BKC, BKE, BLS, BLT, BMT, BPX, BRB, BRM, BRU, BSU, BSV, BSW, BTB, BVK, BXE, BXF<br \/>\n2.0 TDi \u2013 AZV, BKD, BDJ, BDK , BGW, BHW, BKP, BLB, BMA, BMM, BMN, BMP, BMR, BNA, BPW, BRC, BRE, BRF, BRT, BSS, BUY, BUZ, BVE,BVF, BVG, BVH, BVW<\/p>\n<h4>Uudet Common Rail -moottorit.<\/h4>\n<p>1.6 TDi \u2013 CAYA, CAYB, CAYC<br \/>\n2.0 TDi \u2013 CAGA, CAGB, CAGC, CAHA, CAHB,CBAA, CBAB, CBAC, CBBA, CBDA, CBDB, CBDC, CBEA, CEGA.<\/p>\n<\/div>\n<p>AUDI A2, A3, A4, A5, A6, TT, Q5 (98-11)<\/p>\n<p>SEAT Arosa, Ibiza, Cordoba, Altea\/XL, Leon, Toledo, Alhambra (99-11)<\/p>\n<p>SKODA Fabia (II), Roomster, Octavia (II), Superb (II) (00-11)<\/p>\n<p>VW Lupo, Fox, Polo, Golf, Golf Plus, Bora, Jetta, Beetle, Scirocco, Passat, Sharan, Touran, Tiguan, Caddy, Transporter (98-11)<\/p>\n<\/div>\n<p>&nbsp;<\/p>\n<\/div>\n<p>Valmistaja: Geko<\/p>\n","protected":false},"featured_media":21643,"template":"","meta":{"_acf_changed":false,"_seopress_robots_primary_cat":"none","_seopress_titles_title":"","_seopress_titles_desc":"","_seopress_robots_index":""},"product_cat":[339,480,40],"product_tag":[],"class_list":{"0":"post-21637","1":"product","2":"type-product","3":"status-publish","4":"has-post-thumbnail","6":"product_cat-autotyokalut","7":"product_cat-moottorityokalut","8":"product_cat-korjaamolaitteet","10":"first","11":"instock","12":"taxable","13":"shipping-taxable","14":"purchasable","15":"product-type-simple","swatches":"rey-swatches","show_selected":""},"acf":[],"_links":{"self":[{"href":"https:\/\/toolhouse.fi\/fi\/wp-json\/wp\/v2\/product\/21637","targetHints":{"allow":["GET"]}}],"collection":[{"href":"https:\/\/toolhouse.fi\/fi\/wp-json\/wp\/v2\/product"}],"about":[{"href":"https:\/\/toolhouse.fi\/fi\/wp-json\/wp\/v2\/types\/product"}],"version-history":[{"count":2,"href":"https:\/\/toolhouse.fi\/fi\/wp-json\/wp\/v2\/product\/21637\/revisions"}],"predecessor-version":[{"id":21647,"href":"https:\/\/toolhouse.fi\/fi\/wp-json\/wp\/v2\/product\/21637\/revisions\/21647"}],"wp:featuredmedia":[{"embeddable":true,"href":"https:\/\/toolhouse.fi\/fi\/wp-json\/wp\/v2\/media\/21643"}],"wp:attachment":[{"href":"https:\/\/toolhouse.fi\/fi\/wp-json\/wp\/v2\/media?parent=21637"}],"wp:term":[{"taxonomy":"product_cat","embeddable":true,"href":"https:\/\/toolhouse.fi\/fi\/wp-json\/wp\/v2\/product_cat?post=21637"},{"taxonomy":"product_tag","embeddable":true,"href":"https:\/\/toolhouse.fi\/fi\/wp-json\/wp\/v2\/product_tag?post=21637"}],"curies":[{"name":"wp","href":"https:\/\/api.w.org\/{rel}","templated":true}]}}