{"id":21676,"date":"2024-11-13T20:18:53","date_gmt":"2024-11-13T18:18:53","guid":{"rendered":"https:\/\/toolhouse.fi\/?post_type=product&#038;p=21676"},"modified":"2026-02-19T23:58:15","modified_gmt":"2026-02-19T21:58:15","slug":"raidetangon-sisapaan-irroitustyokalu-35-45mm","status":"publish","type":"product","link":"https:\/\/toolhouse.fi\/fi\/tuote\/raidetangon-sisapaan-irroitustyokalu-35-45mm\/","title":{"rendered":"Raidetangon sis\u00e4p\u00e4\u00e4n irroitusty\u00f6kalu 35-45mm"},"content":{"rendered":"","protected":false},"excerpt":{"rendered":"<p><span class=\"base\" data-ui-id=\"page-title-wrapper\">Raidetangon sis\u00e4p\u00e4\u00e4n irroitusty\u00f6kalu, <\/span><span style=\"background-color: var(--body-bg-color); color: var(--body-color); font-family: var(--body-font-family),sans-serif; font-size: 1.125rem; font-weight: var(--body-font-weight,400);\">ammattimaiseen ja nopeaan sis\u00e4isten raidetangon p\u00e4iden irrotukseen ja asennukseen henkil\u00f6- ja pakettiautoissa.<\/span><\/p>\n<ul>\n<li>Sopii raidetangon p\u00e4ihin, joiden halkaisija on 35-45 mm<\/li>\n<li>1\/2&#8243; V\u00e4\u00e4nti\u00f6 ja 27mm kuusiokanta<\/li>\n<li>Kokonaispituus: 400 mm<\/li>\n<li>P\u00e4\u00e4n halkaisija: 90 mm<\/li>\n<li>Valmistaja: Geko<\/li>\n<\/ul>\n","protected":false},"featured_media":21686,"template":"","meta":{"_acf_changed":false,"_seopress_robots_primary_cat":"none","_seopress_titles_title":"","_seopress_titles_desc":"","_seopress_robots_index":""},"product_cat":[481,339,40],"product_tag":[],"class_list":{"0":"post-21676","1":"product","2":"type-product","3":"status-publish","4":"has-post-thumbnail","6":"product_cat-alusta-ja-voimansiirtotyokalut","7":"product_cat-autotyokalut","8":"product_cat-korjaamolaitteet","10":"first","11":"instock","12":"taxable","13":"shipping-taxable","14":"purchasable","15":"product-type-simple","swatches":"rey-swatches","show_selected":""},"acf":[],"_links":{"self":[{"href":"https:\/\/toolhouse.fi\/fi\/wp-json\/wp\/v2\/product\/21676","targetHints":{"allow":["GET"]}}],"collection":[{"href":"https:\/\/toolhouse.fi\/fi\/wp-json\/wp\/v2\/product"}],"about":[{"href":"https:\/\/toolhouse.fi\/fi\/wp-json\/wp\/v2\/types\/product"}],"version-history":[{"count":2,"href":"https:\/\/toolhouse.fi\/fi\/wp-json\/wp\/v2\/product\/21676\/revisions"}],"predecessor-version":[{"id":21692,"href":"https:\/\/toolhouse.fi\/fi\/wp-json\/wp\/v2\/product\/21676\/revisions\/21692"}],"wp:featuredmedia":[{"embeddable":true,"href":"https:\/\/toolhouse.fi\/fi\/wp-json\/wp\/v2\/media\/21686"}],"wp:attachment":[{"href":"https:\/\/toolhouse.fi\/fi\/wp-json\/wp\/v2\/media?parent=21676"}],"wp:term":[{"taxonomy":"product_cat","embeddable":true,"href":"https:\/\/toolhouse.fi\/fi\/wp-json\/wp\/v2\/product_cat?post=21676"},{"taxonomy":"product_tag","embeddable":true,"href":"https:\/\/toolhouse.fi\/fi\/wp-json\/wp\/v2\/product_tag?post=21676"}],"curies":[{"name":"wp","href":"https:\/\/api.w.org\/{rel}","templated":true}]}}