{"id":21701,"date":"2024-11-14T12:48:28","date_gmt":"2024-11-14T10:48:28","guid":{"rendered":"https:\/\/toolhouse.fi\/?post_type=product&#038;p=21701"},"modified":"2026-03-29T16:43:14","modified_gmt":"2026-03-29T13:43:14","slug":"vetonivelen-ulosvedin","status":"publish","type":"product","link":"https:\/\/toolhouse.fi\/fi\/tuote\/vetonivelen-ulosvedin\/","title":{"rendered":"Vetonivelen ulosvedin"},"content":{"rendered":"","protected":false},"excerpt":{"rendered":"<p>Yleismallinen\u00a0vetonivelen irrotusty\u00f6kalu, suunniteltu helpottamaan ja turvallistamaan vetonivelen irrotusta ilman, ett\u00e4 vetonivelt\u00e4 tarvitsee poistaa autosta.<\/p>\n<p><strong>Ominaisuudet:<\/strong><\/p>\n<ul>\n<li>Sopii useimpiin henkil\u00f6autoihin.<\/li>\n<li>Kest\u00e4v\u00e4 ja laadukas rakenne takaa pitk\u00e4n k\u00e4ytt\u00f6i\u00e4n.<\/li>\n<li>Mahdollistaa vetonivelen irrotuksen vahingoittamatta vaihdelaatikkoa tai vetonivelt\u00e4.<\/li>\n<li>Ty\u00f6kalu pit\u00e4\u00e4 k\u00e4det vapaina lukkorenkaan irrottamista varten.<\/li>\n<li>S\u00e4\u00e4dett\u00e4viss\u00e4 yhdeks\u00e4\u00e4n asentoon.<\/li>\n<\/ul>\n<p><strong>Tekniset tiedot:<\/strong><\/p>\n<ul>\n<li>Kokonaispituus: 253 mm<\/li>\n<li>Sis\u00e4leveys: 98 mm<\/li>\n<li>Ulkoleveys: 140 mm<\/li>\n<li>S\u00e4\u00e4dett\u00e4v\u00e4 alue (9 asentoa): 132 mm<\/li>\n<li>Rei\u00e4n halkaisija: 30 mm<\/li>\n<li>Valmistaja: Smart equipment<\/li>\n<\/ul>\n","protected":false},"featured_media":21708,"template":"","meta":{"_acf_changed":false,"_seopress_robots_primary_cat":"none","_seopress_titles_title":"","_seopress_titles_desc":"","_seopress_robots_index":""},"product_cat":[481,339,40],"product_tag":[],"class_list":{"0":"post-21701","1":"product","2":"type-product","3":"status-publish","4":"has-post-thumbnail","6":"product_cat-alusta-ja-voimansiirtotyokalut","7":"product_cat-autotyokalut","8":"product_cat-korjaamolaitteet","10":"first","11":"instock","12":"taxable","13":"shipping-taxable","14":"purchasable","15":"product-type-simple","swatches":"rey-swatches","show_selected":""},"acf":[],"_links":{"self":[{"href":"https:\/\/toolhouse.fi\/fi\/wp-json\/wp\/v2\/product\/21701","targetHints":{"allow":["GET"]}}],"collection":[{"href":"https:\/\/toolhouse.fi\/fi\/wp-json\/wp\/v2\/product"}],"about":[{"href":"https:\/\/toolhouse.fi\/fi\/wp-json\/wp\/v2\/types\/product"}],"version-history":[{"count":2,"href":"https:\/\/toolhouse.fi\/fi\/wp-json\/wp\/v2\/product\/21701\/revisions"}],"predecessor-version":[{"id":26530,"href":"https:\/\/toolhouse.fi\/fi\/wp-json\/wp\/v2\/product\/21701\/revisions\/26530"}],"wp:featuredmedia":[{"embeddable":true,"href":"https:\/\/toolhouse.fi\/fi\/wp-json\/wp\/v2\/media\/21708"}],"wp:attachment":[{"href":"https:\/\/toolhouse.fi\/fi\/wp-json\/wp\/v2\/media?parent=21701"}],"wp:term":[{"taxonomy":"product_cat","embeddable":true,"href":"https:\/\/toolhouse.fi\/fi\/wp-json\/wp\/v2\/product_cat?post=21701"},{"taxonomy":"product_tag","embeddable":true,"href":"https:\/\/toolhouse.fi\/fi\/wp-json\/wp\/v2\/product_tag?post=21701"}],"curies":[{"name":"wp","href":"https:\/\/api.w.org\/{rel}","templated":true}]}}