{"id":21723,"date":"2024-11-15T14:14:40","date_gmt":"2024-11-15T12:23:45","guid":{"rendered":"https:\/\/toolhouse.fi\/?post_type=product&#038;p=21723"},"modified":"2026-04-14T14:02:40","modified_gmt":"2026-04-14T11:02:40","slug":"raidetangon-sisapaan-irroitustyokalu-36-45mm","status":"publish","type":"product","link":"https:\/\/toolhouse.fi\/fi\/tuote\/raidetangon-sisapaan-irroitustyokalu-36-45mm\/","title":{"rendered":"Raidetangon sis\u00e4p\u00e4\u00e4n irroitusty\u00f6kalu 36-45mm"},"content":{"rendered":"","protected":false},"excerpt":{"rendered":"<p><span class=\"base\" data-ui-id=\"page-title-wrapper\">Raidetangon sis\u00e4p\u00e4\u00e4n irroitusty\u00f6kalu,<\/span> nopeaan sis\u00e4isten raidetangon p\u00e4iden irrotukseen.<\/p>\n<ul>\n<li>Sopii raidetangon p\u00e4ihin, joiden halkaisija on 36-45 mm<\/li>\n<li>1\/2\u2033 V\u00e4\u00e4nti\u00f6<\/li>\n<li>Cr-Mo-ter\u00e4s<\/li>\n<li>Valmistaja: Geko<\/li>\n<\/ul>\n","protected":false},"featured_media":21722,"template":"","meta":{"_acf_changed":false,"_seopress_robots_primary_cat":"","_seopress_titles_title":"","_seopress_titles_desc":"","_seopress_robots_index":""},"product_cat":[481,339,40],"product_tag":[],"class_list":{"0":"post-21723","1":"product","2":"type-product","3":"status-publish","4":"has-post-thumbnail","6":"product_cat-alusta-ja-voimansiirtotyokalut","7":"product_cat-autotyokalut","8":"product_cat-korjaamolaitteet","10":"first","11":"instock","12":"taxable","13":"shipping-taxable","14":"purchasable","15":"product-type-simple","swatches":"rey-swatches","show_selected":""},"acf":[],"_links":{"self":[{"href":"https:\/\/toolhouse.fi\/fi\/wp-json\/wp\/v2\/product\/21723","targetHints":{"allow":["GET"]}}],"collection":[{"href":"https:\/\/toolhouse.fi\/fi\/wp-json\/wp\/v2\/product"}],"about":[{"href":"https:\/\/toolhouse.fi\/fi\/wp-json\/wp\/v2\/types\/product"}],"version-history":[{"count":1,"href":"https:\/\/toolhouse.fi\/fi\/wp-json\/wp\/v2\/product\/21723\/revisions"}],"predecessor-version":[{"id":21726,"href":"https:\/\/toolhouse.fi\/fi\/wp-json\/wp\/v2\/product\/21723\/revisions\/21726"}],"wp:featuredmedia":[{"embeddable":true,"href":"https:\/\/toolhouse.fi\/fi\/wp-json\/wp\/v2\/media\/21722"}],"wp:attachment":[{"href":"https:\/\/toolhouse.fi\/fi\/wp-json\/wp\/v2\/media?parent=21723"}],"wp:term":[{"taxonomy":"product_cat","embeddable":true,"href":"https:\/\/toolhouse.fi\/fi\/wp-json\/wp\/v2\/product_cat?post=21723"},{"taxonomy":"product_tag","embeddable":true,"href":"https:\/\/toolhouse.fi\/fi\/wp-json\/wp\/v2\/product_tag?post=21723"}],"curies":[{"name":"wp","href":"https:\/\/api.w.org\/{rel}","templated":true}]}}